{"id":9994,"date":"2025-02-18T11:17:31","date_gmt":"2025-02-18T11:17:31","guid":{"rendered":"https:\/\/www.bausoft.ch\/?page_id=9994"},"modified":"2025-04-03T12:45:57","modified_gmt":"2025-04-03T12:45:57","slug":"webinar-cad-baustelle","status":"publish","type":"page","link":"https:\/\/www.megacad-schweiz.ch\/de\/webinar-cad-baustelle\/","title":{"rendered":"Webinar GF SHK"},"content":{"rendered":"\n<section id=\"headline__container-block_ce312654e484c3592dfa3679a422b507\" class=\"headline__container u-pt-x10 u-pb-x5 u-pt-x20@md u-pb-x10@md\">\n    <div class=\"o-container\">\n        <div class=\"o-grid o-grid--center\">\n            <div class=\"o-grid__col u-12\/12@md\" data-aos=\"none\"><h5 class=\"u-color-primary\">Exklusives Webinar f\u00fcr SHK-Entscheider<\/h5><h2>Mit intelligentem CAD den Baustellen-Irrsinn stoppen, bevor er beginnt!<\/h2><\/div>\n        <\/div>\n    <\/div>\n<\/section>\n\n\n<section id=\"media__container-block_c02df7243250f88abe81275bfaccfb5b\" class=\"media__container u-pt-x10 u-pb-x10 u-pt-x20@md u-pb-x20@md\">\n    <div class=\"o-container\">\n        <div class=\"o-grid o-grid--center\">\n            <div class=\"o-grid__col u-12\/12@md\" data-aos=\"none\"><video class=\"c-video\" controls><source src=\"https:\/\/www.megacad-schweiz.ch\/wp-content\/uploads\/2025\/03\/Bausoft-Webinar-SHK.mp4\" type=\"video\/mp4\"><\/video>\n            <\/div>\n        <\/div>\n    <\/div>\n<\/section>\n\n\n<section id=\"media-text__container-block_c433daea52e24c133874b9891f9a62fc\" class=\"media-text__container u-pt-x0 u-pb-x5 u-pt-x0@md u-pb-x15@md\">\n    <div class=\"o-container\">\n        <div class=\"o-grid o-grid--middle\">\n            <div class=\"o-grid__col u-6\/12@sm u-5\/12@md u-mb-x6 u-mb-x0@md u-offset--small\"><img decoding=\"async\" src=\"https:\/\/www.megacad-schweiz.ch\/wp-content\/uploads\/2025\/03\/Webinar-Internetseite-Bild5-640x480.png\" srcset=\"https:\/\/www.megacad-schweiz.ch\/wp-content\/uploads\/2025\/03\/Webinar-Internetseite-Bild5-640x480.png 640w, https:\/\/www.megacad-schweiz.ch\/wp-content\/uploads\/2025\/03\/Webinar-Internetseite-Bild5-300x225.png 300w, https:\/\/www.megacad-schweiz.ch\/wp-content\/uploads\/2025\/03\/Webinar-Internetseite-Bild5-768x576.png 768w, https:\/\/www.megacad-schweiz.ch\/wp-content\/uploads\/2025\/03\/Webinar-Internetseite-Bild5-1024x768.png 1024w, https:\/\/www.megacad-schweiz.ch\/wp-content\/uploads\/2025\/03\/Webinar-Internetseite-Bild5.png 1200w\" sizes=\"(max-width: 640px) 100vw, 640px\" alt=\"\" class=\"a-parallax__image u-image--rounded\" \/>\n            <\/div>\n            <div class=\"o-grid__col u-6\/12@sm u-push-1\/12@md\" data-aos=\"none\">\n                <h4>Effiziente SHK-Planung in Zeiten extremer Herausforderungen<\/h4>\n<p data-start=\"0\" data-end=\"72\">Als Gesch\u00e4ftsf\u00fchrer im SHK-Handwerk kennst Du diese Herausforderungen:<\/p>\n<ul data-start=\"73\" data-end=\"559\">\n<li data-start=\"73\" data-end=\"151\"><strong data-start=\"75\" data-end=\"92\">Unsicherheit:<\/strong> Funktionieren die vom Planer gelieferten Pl\u00e4ne wirklich?<\/li>\n<li data-start=\"152\" data-end=\"336\"><strong data-start=\"154\" data-end=\"185\">St\u00e4ndige Alarmbereitschaft:<\/strong> Die Bef\u00fcrchtung, dass gleich das Telefon klingelt mit der Nachricht, dass etwas auf der Baustelle nicht passt und sofort eine L\u00f6sung gebraucht wird.<\/li>\n<li data-start=\"337\" data-end=\"427\"><strong data-start=\"339\" data-end=\"367\">Kosten- und Termindruck:<\/strong> Jeder Fehler bringt Zeitverlust und hohe Kosten mit sich.<\/li>\n<li data-start=\"428\" data-end=\"559\"><strong data-start=\"430\" data-end=\"459\">Wechselnde Anforderungen:<\/strong> St\u00e4ndig \u00e4ndern sich die Bedingungen auf der Baustelle \u2013 Pl\u00e4ne m\u00fcssen immer wieder angepasst werden.<\/li>\n<\/ul>\n\n            <\/div>\n        <\/div>\n    <\/div>\n<\/section>\n\n\n<section id=\"media-text__container-block_d77365694ef75bc33562389de06c3414\" class=\"media-text__container u-pt-x0 u-pb-x5 u-pt-x0@md u-pb-x15@md\">\n    <div class=\"o-container\">\n        <div class=\"o-grid o-grid--rev o-grid--middle\">\n            <div class=\"o-grid__col u-6\/12@sm u-5\/12@md u-push-1\/12@md u-mb-x6 u-mb-x0@md u-offset--small\"><img decoding=\"async\" src=\"https:\/\/www.megacad-schweiz.ch\/wp-content\/uploads\/2025\/03\/Bild-Playbutton-640x782.jpg\" srcset=\"https:\/\/www.megacad-schweiz.ch\/wp-content\/uploads\/2025\/03\/Bild-Playbutton-640x782.jpg 640w, https:\/\/www.megacad-schweiz.ch\/wp-content\/uploads\/2025\/03\/Bild-Playbutton-246x300.jpg 246w, https:\/\/www.megacad-schweiz.ch\/wp-content\/uploads\/2025\/03\/Bild-Playbutton.jpg 696w\" sizes=\"(max-width: 640px) 100vw, 640px\" alt=\"\" class=\"a-parallax__image u-image--rounded\" \/>\n            <\/div>\n            <div class=\"o-grid__col u-6\/12@sm\" data-aos=\"none\">\n                <h2 class=\"u-color-primary\">Praxis, Praxis, Praxis<\/h2>\n<h3>In 30 Minuten zu konkreten L\u00f6sungen<\/h3>\n<p>Genau hier setzt unser exklusives Webinar an! Wir zeigen Dir, wie Du mit smarter CAD-Technologie <strong data-start=\"810\" data-end=\"927\">Fehlerquellen minimierst, Planungsprozesse stabilisierst und endlich wieder Ruhe in Deinen Arbeitsalltag bringst.<\/strong><\/p>\n<p><strong>Praxis: <\/strong>Wie Du Deine SHK-Planung effizienter gestaltest und optimierst?<\/p>\n<p><strong>Alltagsprobleme: <\/strong>Wie die richtige CAD-L\u00f6sung Planung, Montage und Baustelle verbindet?<\/p>\n<p><strong>Intelligentes CAD: <\/strong>Wie Planungsfehler sichtbar werden, BEVOR sie auftreten?<\/p>\n\n            <\/div>\n        <\/div>\n    <\/div>\n<\/section>\n\n\n<section id=\"text__container-block_b9bf2b5e4b818dc695a71c788f5da6a0\" class=\"text__container u-pt-x10 u-pb-x10 u-pt-x20@md u-pb-x20@md u-bgcolor-blue\">\n    <div class=\"o-container\">\n        <div class=\"o-grid o-grid--center\">\n                <article class=\"o-grid__col u-12\/12@md\" data-aos=\"none\">\n                    <h3>Unsere Motivation<\/h3>\n<p>Mit unseren CAD-L\u00f6sungen unterst\u00fctzen wir das <strong>Handwerk<\/strong> in der D-A-CH-Region als eine <strong>tragende<\/strong> Rolle unserer <strong>Wirtschaft<\/strong>.<\/p>\n<p>Deshalb bieten wir Deinem SHK-Betrieb genau die Werkzeuge und Module, die Du ben\u00f6tigst, um Projekte im Neubau und in der Sanierung schneller, fehlerfreier und kosteneffizient abzuwickeln \u2013 dank wiederverwendbarer Zeichnungen, digitaler Kommunikation und pr\u00e4ziser Planung mit BIM-Unterst\u00fctzung.<\/p>\n<p>Seit 1994 haben wir mit unserer Software mehr als 850 Kunden mit \u00fcber 200.000 Projekten in der Schweiz unterst\u00fctzt und dabei neue Ma\u00dfst\u00e4be in der Planung von Haustechnikprojekten gesetzt. <strong>Jetzt ist es an der Zeit, unser bew\u00e4hrtes Konzept auf dem deutschen Markt einzuf\u00fchren.<\/strong><\/p>\n\n                <\/article>\n        <\/div>\n    <\/div>\n<\/section>\n\n\n<section id=\"media-text__container-block_7f1eaf536696167f12b19c174cf5622e\" class=\"media-text__container u-pt-x5 u-pb-x5 u-pt-x15@md u-pb-x10@md\">\n    <div class=\"o-container\">\n        <div class=\"o-grid o-grid--middle\">\n            <div class=\"o-grid__col u-6\/12@sm u-5\/12@md u-mb-x6 u-mb-x0@md u-offset--small\"><img loading=\"lazy\" decoding=\"async\" src=\"https:\/\/www.megacad-schweiz.ch\/wp-content\/uploads\/2024\/10\/roman-hegglin.jpeg\" alt=\"\" class=\"a-parallax__image u-image--rounded\" width=\"400\" height=\"300\" \/>\n            <\/div>\n            <div class=\"o-grid__col u-6\/12@sm u-push-1\/12@md\" data-aos=\"none\">\n                <h4>Ein paar Worte zu mir<\/h4>\n<ul data-start=\"907\" data-end=\"1146\">\n<li>Roman Hegglin: Gesch\u00e4ftsf\u00fchrer &amp; Inhaber von Bausoft<\/li>\n<li>25 Jahre Erfahrung im Handwerk<\/li>\n<li>Spezialist f\u00fcr BIM-to-Field-Beratung<\/li>\n<li>Fokus auf effiziente Planung &amp; Umsetzung<\/li>\n<\/ul>\n<p>&nbsp;<\/p>\n\n            <\/div>\n        <\/div>\n    <\/div>\n<\/section>","protected":false},"excerpt":{"rendered":"","protected":false},"author":17,"featured_media":0,"parent":0,"menu_order":45,"comment_status":"closed","ping_status":"closed","template":"","meta":{"_acf_changed":false,"footnotes":""},"class_list":["post-9994","page","type-page","status-publish","hentry"],"acf":[],"_links":{"self":[{"href":"https:\/\/www.megacad-schweiz.ch\/de\/wp-json\/wp\/v2\/pages\/9994","targetHints":{"allow":["GET"]}}],"collection":[{"href":"https:\/\/www.megacad-schweiz.ch\/de\/wp-json\/wp\/v2\/pages"}],"about":[{"href":"https:\/\/www.megacad-schweiz.ch\/de\/wp-json\/wp\/v2\/types\/page"}],"author":[{"embeddable":true,"href":"https:\/\/www.megacad-schweiz.ch\/de\/wp-json\/wp\/v2\/users\/17"}],"replies":[{"embeddable":true,"href":"https:\/\/www.megacad-schweiz.ch\/de\/wp-json\/wp\/v2\/comments?post=9994"}],"version-history":[{"count":20,"href":"https:\/\/www.megacad-schweiz.ch\/de\/wp-json\/wp\/v2\/pages\/9994\/revisions"}],"predecessor-version":[{"id":10291,"href":"https:\/\/www.megacad-schweiz.ch\/de\/wp-json\/wp\/v2\/pages\/9994\/revisions\/10291"}],"wp:attachment":[{"href":"https:\/\/www.megacad-schweiz.ch\/de\/wp-json\/wp\/v2\/media?parent=9994"}],"curies":[{"name":"wp","href":"https:\/\/api.w.org\/{rel}","templated":true}]}}