{"id":8229,"date":"2024-10-21T13:52:11","date_gmt":"2024-10-21T13:52:11","guid":{"rendered":"https:\/\/p-x47nuh.project.space\/?page_id=8229"},"modified":"2024-11-20T10:55:08","modified_gmt":"2024-11-20T10:55:08","slug":"bim-gebaeudetechnik-3d","status":"publish","type":"page","link":"https:\/\/www.megacad-schweiz.ch\/de\/bim-gebaeudetechnik-3d\/","title":{"rendered":"BIM Geb\u00e4udetechnik"},"content":{"rendered":"\n<section id=\"hero__container-block_f288d13d8ccb571ba87220cf535e43e0\" class=\"hero__container u-overlay__gradient--blue u-relative\">\n    <img loading=\"lazy\" decoding=\"async\" src=\"https:\/\/www.megacad-schweiz.ch\/wp-content\/uploads\/2024\/10\/bim-gebaeudetechnik.jpg\" alt=\"\" class=\"u-image--cover u-absolute\" width=\"968\" height=\"684\" \/>\n    <div class=\"o-container u-relative u-index--1 u-pt-x20 u-pb-x5 u-pt-x15@md u-pb-x20@md\">\n        <div class=\"o-grid o-grid--rev o-grid--middle\">\n            <figure class=\"o-grid__col u-6\/12@sm u-offset--y@md\"><img loading=\"lazy\" decoding=\"async\" src=\"https:\/\/www.megacad-schweiz.ch\/wp-content\/uploads\/2024\/10\/bim-gebaeudetechnik-software.svg\" alt=\"\" class=\" -parallax__hero\" width=\"415\" height=\"258\" \/><\/figure>\n            <div class=\"o-grid__col u-6\/12@sm u-color-white u-mt-x6 u-mt-x0@sm\" data-aos=\"fade\">\n                <h1 class=\"h2\">BIM Geb\u00e4udetechnik Software<\/h1>\n<h4>Mit unserer CAD Software und BIM Datens\u00e4tzen bringen wir alle Planungsdetails von Deinem Computer auf die Baustelle.<\/h4>\n<h4>Die riesige Datenbank aller Informationen zu Materialien, Kosten, L\u00e4ngen und Breiten hilft bei der pr\u00e4zisen Planung und bringt Effizienzvorteile durch Automatisierung und Fehlerreduktion.<\/h4>\n<p><a class=\"c-btn c-btn__primary u-mt-x3\" href=\"https:\/\/www.megacad-schweiz.ch\/angebot\/\">Jetzt Angebot einholen<\/a> <a class=\"c-link c-link--arrow\" href=\"https:\/\/www.megacad-schweiz.ch\/praesentation\/\">Online Pr\u00e4sentation<\/a><\/p>\n\n            <\/div>\n        <\/div>\n    <\/div>\n<\/section>\n\n\n<section id=\"headline__container-block_a7efe74726a373914cd7a89676ee52f9\" class=\"headline__container u-pt-x10 u-pb-x0 u-pt-x20@md u-pb-x0@md\">\n    <div class=\"o-container\">\n        <div class=\"o-grid o-grid--center\">\n            <div class=\"o-grid__col u-12\/12@md\" data-aos=\"fade-up\"><h5 class=\"u-color-primary\">Funktionen und Module<\/h5><h2>Zahlreiche Schnittstellen f\u00fcr Import und Export von Geb\u00e4ude- und Materialdaten<\/h2><\/div>\n        <\/div>\n    <\/div>\n<\/section>\n\n\n<section id=\"media-text__container-block_8581338f2dbc32dd2c4069f0871b1e92\" class=\"media-text__container u-pt-x10 u-pb-x5 u-pt-x10@md u-pb-x10@md\">\n    <div class=\"o-container\">\n        <div class=\"o-grid o-grid--middle\">\n            <div class=\"o-grid__col u-6\/12@sm u-5\/12@md u-mb-x6 u-mb-x0@md u-offset--small\"><img loading=\"lazy\" decoding=\"async\" src=\"https:\/\/www.megacad-schweiz.ch\/wp-content\/uploads\/2024\/10\/bim-software-illustration.svg\" alt=\"\" class=\"a-parallax__image u-image--rounded\" width=\"339\" height=\"258\" \/>\n            <\/div>\n            <div class=\"o-grid__col u-6\/12@sm u-push-1\/12@md\" data-aos=\"none\">\n                <p><b>Expertise in Beratung und Kundensupport<\/b><\/p>\n<ul>\n<li>IFC-Schnitt\u00adstelle f\u00fcr den Import von ange\u00adlie\u00adferten Geb\u00e4u\u00adde\u00admo\u00addell\u00addaten<\/li>\n<li>Fach\u00adspe\u00adzi\u00adfi\u00adsche Module f\u00fcr die 3D Planung von Sanit\u00e4r-, Heizungs- und L\u00fcftungs-Anla\u00adge\u00adteilen<\/li>\n<li>VDI 3805-\/DWG-\/Step-Schnitt\u00adstelle f\u00fcr den Import von herstel\u00adler\u00adbe\u00adzo\u00adgenen Kata\u00adlog\u00addaten<\/li>\n<li>IFC-Schnitt\u00adstelle f\u00fcr den Export von Modell\u00addaten und deren Bear\u00adbei\u00adtung in einem Modell Betrachter (BIM-Model Viewer)<\/li>\n<li>IFC-Schnitt\u00adstelle f\u00fcr den Export\/Import der Modell\u00addaten im Opti\u00admie\u00adrungs\u00adpro\u00adzess mit dem BIM-Koor\u00addi\u00adnator<\/li>\n<\/ul>\n<p>&nbsp;<\/p>\n\n            <\/div>\n        <\/div>\n    <\/div>\n<\/section>\n\n\n<section id=\"headline__container-block_47e96419dc5cff4f5247ace82a5dc37e\" class=\"headline__container u-pt-x5 u-pb-x5 u-pt-x10@md u-pb-x0@md\">\n    <div class=\"o-container\">\n        <div class=\"o-grid\">\n            <div class=\"o-grid__col u-8\/12@md\" data-aos=\"fade-up\"><h5 class=\"u-color-primary\">BIM Geb\u00e4udetechnik Software<\/h5><h2>Der Einsatz von BIM und BIM to field in der Geb\u00e4udetechnik<\/h2><\/div>\n        <\/div>\n    <\/div>\n<\/section>\n\n\n<section id=\"text__container-block_14e34aa4ca507a955880fe344e0e42de\" class=\"text__container u-pt-x0 u-pb-x10 u-pt-x0@md u-pb-x20@md\">\n    <div class=\"o-container\">\n        <div class=\"o-grid o-grid--center\">\n                <article class=\"o-grid__col u-12\/12@md\" data-aos=\"none\">\n                    <p>In der Geb\u00e4udetechnikplanung bringt BIM zwei wesentliche \u00c4nderungen mit sich. Zum einen werden dem Planer zahlreiche Daten w\u00e4hrend des Modellierens zur Verf\u00fcgung gestellt. Dadurch kann der Geb\u00e4udetechnikplaner virtuell sehen, wie die einzelnen Rohre, Leitungen und Heizungen im Geb\u00e4ude letztlich verbaut werden. So werden schnell m\u00f6gliche Konflikte sichtbar und k\u00f6nnen bereits in der Planungsphase umgangen werden.<\/p>\n<p>Zum anderen k\u00f6nnen direkt aus dem finalen Geb\u00e4udeplan mit allen Rohren, Leitungen und Heizungssystemen direkt St\u00fcck- und Materiallisten generiert werden, die dabei helfen, sowohl die Kosten pr\u00e4zise zu planen als auch der entstehende zeitliche Aufwand. Bei unseren vorgefertigten Installationsrahmen kann somit bspw. auf die Minute geplant werden, wie lange die Installation auf der Baustelle dauern wird. Es werden Bestelllisten, Zuschnittspla\u0308ne und Absteckpunkte an die Baustelle u\u0308bermittelt. Dadurch dauert das Einmessen auf der Baustelle nur noch einen Bruchteil der Zeit.<\/p>\n\n                <\/article>\n        <\/div>\n    <\/div>\n<\/section>\n\n\n<section id=\"media__container-block_cfeb44bd451e918ad39f9b8177066935\" class=\"media__container u-pt-x10 u-pb-x10 u-pt-x15@md u-pb-x15@md u-bgcolor-gray-light\">\n    <div class=\"o-container\">\n        <div class=\"o-grid o-grid--center\">\n            <div class=\"o-grid__col u-10\/12@md\" data-aos=\"none\"><div class=\"c-video__wrapper\"><iframe loading=\"lazy\" width=\"560\" height=\"315\" src=\"https:\/\/www.youtube.com\/embed\/uUJp1shfZbY?si=SR4F3ELsH4wm2WuK\" title=\"YouTube video player\" frameborder=\"0\" allow=\"accelerometer; autoplay; clipboard-write; encrypted-media; gyroscope; picture-in-picture; web-share\" referrerpolicy=\"strict-origin-when-cross-origin\" allowfullscreen><\/iframe><\/div>\n            <\/div>\n        <\/div>\n    <\/div>\n<\/section>\n\n\n<section id=\"headline__container-block_571f4e490cce0bb02be611f15ea2bc80\" class=\"headline__container u-pt-x10 u-pb-x0 u-pt-x10@md u-pb-x5@md u-bgcolor-gray-light\">\n    <div class=\"o-container\">\n        <div class=\"o-grid o-grid--center\">\n            <div class=\"o-grid__col u-12\/12@md\" data-aos=\"fade-up\"><h5 class=\"u-color-primary\">Vorteile von BIM in der Geb\u00e4udetechnik<\/h5><h2>Modelliere mit zus\u00e4tzlichen Datens\u00e4tzen &#8211; spare Zeit durch automatische Materiallisten<\/h2><\/div>\n        <\/div>\n    <\/div>\n<\/section>\n\n\n<section id=\"text__container-block_5b83e562f777b1fb77860f6386a394cb\" class=\"text__container u-pt-x10 u-pb-x10 u-pt-x0@md u-pb-x15@md u-bgcolor-gray-light\">\n    <div class=\"o-container\">\n        <div class=\"o-grid o-grid--center\">\n                <article class=\"o-grid__col u-6\/12@md\" data-aos=\"none\">\n                    <h4>Zus\u00e4tzliche Datens\u00e4tze<\/h4>\n<ul>\n<li>Alle Daten liegen in einem einzigen Modell f\u00fcr einen optimalen Informationsfluss<\/li>\n<li>Zus\u00e4tzliche Datens\u00e4tze k\u00f6nnen \u00fcber den gesamten Lebenszyklus eines Geb\u00e4udes hinweg genutzt werden, von der Planung \u00fcber den Bau bis hin zur Wartung und Instandhaltung<\/li>\n<li>Simulationen von Energieverbrauch, Kostenoptimierung oder Sicherheitspr\u00fcfungen sind schon im Modell m\u00f6glich<\/li>\n<li>H\u00f6here Pr\u00e4zision, den das System berechnet die ben\u00f6tigten Materialien genau und passt sich bei \u00c4nderungen im Modell automatisch an<\/li>\n<li>In Kombination mit CAD kann enorm detailliert gezeichnet und geplant werden<\/li>\n<\/ul>\n\n                <\/article>\n                <article class=\"o-grid__col u-6\/12@md\" data-aos=\"none\">\n                    <h4>Automatische Materiallisten<\/h4>\n<ul>\n<li>Effizientere Budgetplanung\u200b, da BIM exakte Materialmengen liefert, sodass Kosten besser kalkuliert und \u00dcbersch\u00fcsse oder Engp\u00e4sse vermieden werden k\u00f6nnen<\/li>\n<li>Zeitersparnis, da BIM automatisch pr\u00e4zise Materiallisten basierend auf dem Modell erstellt<\/li>\n<li>Fehlervermeidung durch den Faktor Mensch, da Herstellerdaten automatisch verwendet werden<\/li>\n<li>Die Listen werden in Echtzeit aktualisiert, wenn sich das Modell beim Planen \u00e4ndert<\/li>\n<li>Zusammen mit unserer CAD Planungstechnik k\u00f6nnen Kosten und Aufw\u00e4nde sehr genau berechnet werden<\/li>\n<\/ul>\n\n                <\/article>\n        <\/div>\n    <\/div>\n<\/section>\n\n\n<section id=\"headline__container-block_23518c072f64c1ef861a7c441ec74588\" class=\"headline__container u-pt-x10 u-pb-x5 u-pt-x20@md u-pb-x0@md\">\n    <div class=\"o-container\">\n        <div class=\"o-grid o-grid--center\">\n            <div class=\"o-grid__col u-12\/12@md\" data-aos=\"none\"><h5 class=\"u-color-primary\">BIM und CAD Software<\/h5><h2>BIM und CAD &#8211; Ideales Zusammenspiel f\u00fcr die Geb\u00e4udetechnik-Planung<\/h2><\/div>\n        <\/div>\n    <\/div>\n<\/section>\n\n\n<section id=\"media-text__container-block_ac66aa396d696cc6df9b319e65274733\" class=\"media-text__container u-pt-x10 u-pb-x5 u-pt-x0@md u-pb-x10@md\">\n    <div class=\"o-container\">\n        <div class=\"o-grid o-grid--rev\">\n            <div class=\"o-grid__col u-6\/12@sm u-5\/12@md u-push-1\/12@md u-mb-x6 u-mb-x0@md u-offset--small\"><img decoding=\"async\" src=\"https:\/\/www.megacad-schweiz.ch\/wp-content\/uploads\/2024\/10\/bim-gebaeudetechnik-1-640x445.jpg\" srcset=\"https:\/\/www.megacad-schweiz.ch\/wp-content\/uploads\/2024\/10\/bim-gebaeudetechnik-1-640x445.jpg 640w, https:\/\/www.megacad-schweiz.ch\/wp-content\/uploads\/2024\/10\/bim-gebaeudetechnik-1-1280x890.jpg 1280w, https:\/\/www.megacad-schweiz.ch\/wp-content\/uploads\/2024\/10\/bim-gebaeudetechnik-1-300x209.jpg 300w, https:\/\/www.megacad-schweiz.ch\/wp-content\/uploads\/2024\/10\/bim-gebaeudetechnik-1-768x534.jpg 768w, https:\/\/www.megacad-schweiz.ch\/wp-content\/uploads\/2024\/10\/bim-gebaeudetechnik-1-1024x712.jpg 1024w, https:\/\/www.megacad-schweiz.ch\/wp-content\/uploads\/2024\/10\/bim-gebaeudetechnik-1.jpg 1454w\" sizes=\"(max-width: 640px) 100vw, 640px\" alt=\"\" class=\"a-parallax__image u-image--rounded u-shadow\" \/>\n            <\/div>\n            <div class=\"o-grid__col u-6\/12@sm\" data-aos=\"none\">\n                <p>Bei BIM (Building Information Modeling) steht die Erstellung und Verwaltung eines umfassenden digitalen Modells im Vordergrund, das den gesamten Lebenszyklus eines Geb\u00e4udes abdeckt. BIM erm\u00f6glicht es, nicht nur die 3D-Geometrie eines Geb\u00e4udes zu visualisieren, sondern auch zus\u00e4tzliche Informationen wie Materialien, Kosten, Zeitpl\u00e4ne und Wartungsanforderungen zu integrieren. Diese Daten helfen, alle Phasen des Projekts \u2013 von der Planung \u00fcber den Bau bis hin zur Wartung \u2013 effizient zu steuern.<br \/>\nUm die 3D-Modelle noch pr\u00e4ziser und detaillierter zu gestalten, wird BIM durch den Einsatz von CAD (Computer-Aided Design) erg\u00e4nzt. CAD bietet die M\u00f6glichkeit, exakte technische Zeichnungen und detaillierte Konstruktionspl\u00e4ne zu erstellen, die nahtlos in das BIM-Modell integriert werden. So profitieren Bauprojekte sowohl von der genauen geometrischen Darstellung durch CAD als auch von den umfangreichen Zusatzinformationen, die BIM liefert.<\/p>\n<p><a class=\"c-link c-link--arrow\" href=\"https:\/\/www.megacad-schweiz.ch\/cad-gebaeudetechnik\/\">Mehr \u00fcber unsere CAD Geb\u00e4udetechnik Software<\/a><\/p>\n\n            <\/div>\n        <\/div>\n    <\/div>\n<\/section>\n\n\n<section id=\"headline__container-block_702162e93da398789b24e5cf30d6cf0a\" class=\"headline__container u-pt-x5 u-pb-x5 u-pt-x10@md u-pb-x0@md\">\n    <div class=\"o-container\">\n        <div class=\"o-grid o-grid--center\">\n            <div class=\"o-grid__col u-12\/12@md\" data-aos=\"none\"><h5 class=\"u-color-primary\">BIM und CAD Software in der Praxis<\/h5><h2>Planung des \u00abKnies Zauberhut\u00bb mit CAD, BIM und BIM to field<\/h2><\/div>\n        <\/div>\n    <\/div>\n<\/section>\n\n\n<section id=\"media-text__container-block_2bb96fb18748e26ddac86cfeab092668\" class=\"media-text__container u-pt-x10 u-pb-x10 u-pt-x0@md u-pb-x0@md\">\n    <div class=\"o-container\">\n        <div class=\"o-grid o-grid--middle\">\n            <div class=\"o-grid__col u-6\/12@sm u-5\/12@md u-mb-x6 u-mb-x0@md u-offset--small\"><img decoding=\"async\" src=\"https:\/\/www.megacad-schweiz.ch\/wp-content\/uploads\/2024\/10\/gebaeudetechnik-software-2-640x452.jpg\" srcset=\"https:\/\/www.megacad-schweiz.ch\/wp-content\/uploads\/2024\/10\/gebaeudetechnik-software-2-640x452.jpg 640w, https:\/\/www.megacad-schweiz.ch\/wp-content\/uploads\/2024\/10\/gebaeudetechnik-software-2-1280x905.jpg 1280w, https:\/\/www.megacad-schweiz.ch\/wp-content\/uploads\/2024\/10\/gebaeudetechnik-software-2-300x212.jpg 300w, https:\/\/www.megacad-schweiz.ch\/wp-content\/uploads\/2024\/10\/gebaeudetechnik-software-2-768x543.jpg 768w, https:\/\/www.megacad-schweiz.ch\/wp-content\/uploads\/2024\/10\/gebaeudetechnik-software-2-1536x1086.jpg 1536w, https:\/\/www.megacad-schweiz.ch\/wp-content\/uploads\/2024\/10\/gebaeudetechnik-software-2-1024x724.jpg 1024w, https:\/\/www.megacad-schweiz.ch\/wp-content\/uploads\/2024\/10\/gebaeudetechnik-software-2.jpg 2000w\" sizes=\"(max-width: 640px) 100vw, 640px\" alt=\"\" class=\"a-parallax__image u-image--rounded u-shadow\" \/>\n            <\/div>\n            <div class=\"o-grid__col u-6\/12@sm u-push-1\/12@md\" data-aos=\"none\">\n                <p>Auf dem Areal von Knies Kinderzoo entstand ein spektakula\u0308rer Ersatzneubau. Die Form des 26 Meter hohen Holzgeba\u0308udes \u00abKnies Zauberhut\u00bb erinnert an ein Zirkuszelt. Die HLKS-Technik dieses Geba\u0308udes wurde vollumfa\u0308nglich mit dem Haustech CAD von Bausoft in 3D-geplant: \u00abDie ganze Vorbereitung war viel einfacher. Das Einmessen insbesondere in der 3D-Vermessung ist mit konventionellen Baumethodiken fast nicht machbar\u00bb, sagt Thomas Wickart, Gescha\u0308ftsfu\u0308hrer Andy Wickart Haustechnik AG (awiag.ch). \u00abSo gesehen war die Software ein riesiger Vorteil, um pra\u0308zise arbeiten zu ko\u0308nnen. Die gro\u0308sste Herausforderung lag darin, den Holzbau in der Planung zu integrieren. Zum Glu\u0308ck war die zusta\u0308ndige Holzbaufirma CAD-technisch sehr fortschrittlich.<\/p>\n            <\/div>\n        <\/div>\n    <\/div>\n<\/section>\n\n\n<section id=\"text__container-block_f4a9e668de278d68409ec1a13032882c\" class=\"text__container u-pt-x0 u-pb-x5 u-pt-x0@md u-pb-x10@md\">\n    <div class=\"o-container\">\n        <div class=\"o-grid o-grid--center\">\n                <article class=\"o-grid__col u-12\/12@md\" data-aos=\"none\">\n                    <p>Aber auch der Bau selbst wurde innert einer Rekordzeit von neun Monaten gebaut. Fu\u0308r uns war das Haustech CAD die perfekte Planungslo\u0308sung. Der Vorfertigungsgrad lag zwischen 40 und 50 Prozent. Ich denke, dass die Bausoft-Software weitere Bauprojekte vereinfachen wird. Da kommen wir bestimmt in einen Industrialisierungsprozess. Der Nutzen, etwa einen Heizverteiler am Morgen schneiden und am Abend vorgefertigt montieren zu ko\u0308nnen, ist immens. Und wenn dann noch ein BIM- oder \u2018BIM-to-Field-Koordinator ins Spiel kommt, dann um so besser\u00bb. Weitere aktuelle Bauprojekte sind die Schulanlage Loreto in Zug, der Multi-Energy-Hub von V-Zug, das ganze Energieversorgungssytem des Papieri-Areals oder der Felchlin-Park in Schwyz. Fu\u0308r Wickart ist das Haustech CAD von Bausoft die optimale Lo\u0308sung fu\u0308r eine schnelle, einfache und vollumfa\u0308ngliche Planung\/ Modellierung eines (BIM)-Projekts.<\/p>\n                <\/article>\n        <\/div>\n    <\/div>\n<\/section>\n\n\n<section id=\"headline__container-block_140459782fab03e5b7f718f127278bf5\" class=\"headline__container u-pt-x5 u-pb-x5 u-pt-x10@md u-pb-x0@md\">\n    <div class=\"o-container\">\n        <div class=\"o-grid o-grid--center\">\n            <div class=\"o-grid__col u-12\/12@md\" data-aos=\"none\"><h5 class=\"u-color-primary\">Nimm Kontakt zu uns auf<\/h5><h2>Bereit f\u00fcr den n\u00e4chsten Schritt?<\/h2><\/div>\n        <\/div>\n    <\/div>\n<\/section>\n\n\n<section id=\"teaser__container-block_ae4e217d580ddb80e8364b18c1eef7e1\" class=\"teaser__container u-pt-x0 u-pb-x10 u-pt-x0@md u-pb-x20@md\">\n    <div class=\"o-container\">\n        <div class=\"o-grid\">\n                    <div class=\"o-grid__col u-mv-x3 u-mv-x5@sm u-6\/12@sm\" data-aos=\"none\">\n                    \n                        <figure class=\"u-relative u-full--height u-flex u-fd-col u-ai-start\">\n                            <img loading=\"lazy\" decoding=\"async\" src=\"https:\/\/www.megacad-schweiz.ch\/wp-content\/uploads\/2024\/10\/roman-hegglin.jpeg\" alt=\"\" class=\"\" width=\"400\" height=\"300\" \/>\n                            <figcaption class=\"u-flex u-fd-col u-ai-start u-full--height u-mt-x3 u-mt-x5@sm\"><h4>Angebot anfragen<\/h4>\n<p>Gerne gehen wir in einer unverbindlichen Pr\u00e4sentation unserer CAD-L\u00f6sungen auf Deine Ziele, die f\u00fcr Dich relevanten Funktionen und alle weiteren Fragen ein, um Dir zu zeigen, wie Du mithilfe von Bausoft Deine Planungsprozesse optimieren kannst.<\/p>\n<div class=\"u-mt-auto\"><a href=\"https:\/\/www.megacad-schweiz.ch\/angebot\/\" class=\"c-btn c-btn__primary u-mt-x3\" target=\"_self\">Angebot anfragen<\/a><\/div><\/figcaption>\n                        <\/figure>\n                        \n                    <\/div>\n                    <div class=\"o-grid__col u-mv-x3 u-mv-x5@sm u-6\/12@sm\" data-aos=\"none\">\n                    \n                        <figure class=\"u-relative u-full--height u-flex u-fd-col u-ai-start\">\n                            <img loading=\"lazy\" decoding=\"async\" src=\"https:\/\/www.megacad-schweiz.ch\/wp-content\/uploads\/2024\/10\/petra-reichmuth.jpeg\" alt=\"\" class=\"\" width=\"400\" height=\"300\" \/>\n                            <figcaption class=\"u-flex u-fd-col u-ai-start u-full--height u-mt-x3 u-mt-x5@sm\"><h4>1:1 Online-Pr\u00e4sentation<\/h4>\n<p>Software vom Planer f\u00fcr den Planer: Vereinbare eine 1:1 Online-Pr\u00e4sentation (60 Minuten exklusiv f\u00fcr Dich) und erfahre, wie die Bausoft CAD Software Dein Unternehmen auf dem Weg zum Erfolg weiter unterst\u00fctzen kann. Vereinbare jetzt einen Pr\u00e4sentations-Termin!<\/p>\n<div class=\"u-mt-auto\"><a href=\"https:\/\/www.megacad-schweiz.ch\/praesentation\/\" class=\"c-btn c-btn__primary u-mt-x3\" target=\"_self\">Termin vereinbaren<\/a><\/div><\/figcaption>\n                        <\/figure>\n                        \n                    <\/div>\n        <\/div>\n    <\/div>\n<\/section>","protected":false},"excerpt":{"rendered":"","protected":false},"author":14,"featured_media":0,"parent":0,"menu_order":41,"comment_status":"closed","ping_status":"closed","template":"","meta":{"_acf_changed":false,"footnotes":""},"class_list":["post-8229","page","type-page","status-publish","hentry"],"acf":[],"_links":{"self":[{"href":"https:\/\/www.megacad-schweiz.ch\/de\/wp-json\/wp\/v2\/pages\/8229","targetHints":{"allow":["GET"]}}],"collection":[{"href":"https:\/\/www.megacad-schweiz.ch\/de\/wp-json\/wp\/v2\/pages"}],"about":[{"href":"https:\/\/www.megacad-schweiz.ch\/de\/wp-json\/wp\/v2\/types\/page"}],"author":[{"embeddable":true,"href":"https:\/\/www.megacad-schweiz.ch\/de\/wp-json\/wp\/v2\/users\/14"}],"replies":[{"embeddable":true,"href":"https:\/\/www.megacad-schweiz.ch\/de\/wp-json\/wp\/v2\/comments?post=8229"}],"version-history":[{"count":16,"href":"https:\/\/www.megacad-schweiz.ch\/de\/wp-json\/wp\/v2\/pages\/8229\/revisions"}],"predecessor-version":[{"id":8964,"href":"https:\/\/www.megacad-schweiz.ch\/de\/wp-json\/wp\/v2\/pages\/8229\/revisions\/8964"}],"wp:attachment":[{"href":"https:\/\/www.megacad-schweiz.ch\/de\/wp-json\/wp\/v2\/media?parent=8229"}],"curies":[{"name":"wp","href":"https:\/\/api.w.org\/{rel}","templated":true}]}}