{"id":8224,"date":"2024-10-21T13:28:14","date_gmt":"2024-10-21T13:28:14","guid":{"rendered":"https:\/\/p-x47nuh.project.space\/?page_id=8224"},"modified":"2024-11-20T10:50:24","modified_gmt":"2024-11-20T10:50:24","slug":"vorfabrikation-sanitaer","status":"publish","type":"page","link":"https:\/\/www.megacad-schweiz.ch\/de\/vorfabrikation-sanitaer\/","title":{"rendered":"Vorfabrikation"},"content":{"rendered":"\n<section id=\"hero__container-block_c72e3b30085d02cef36d6d88e1464b98\" class=\"hero__container u-overlay__gradient--blue u-relative\">\n    <img loading=\"lazy\" decoding=\"async\" src=\"https:\/\/www.megacad-schweiz.ch\/wp-content\/uploads\/2024\/10\/cad-gisra-flex-3d-detail.png\" alt=\"\" class=\"u-image--cover u-absolute\" width=\"1246\" height=\"938\" \/>\n    <div class=\"o-container u-relative u-index--1 u-pt-x20 u-pb-x5 u-pt-x15@md u-pb-x20@md\">\n        <div class=\"o-grid o-grid--rev o-grid--middle\">\n            <figure class=\"o-grid__col u-6\/12@sm u-offset--y@md\"><img loading=\"lazy\" decoding=\"async\" src=\"https:\/\/www.megacad-schweiz.ch\/wp-content\/uploads\/2024\/10\/software.svg\" alt=\"\" class=\" -parallax__hero\" width=\"554\" height=\"345\" \/><\/figure>\n            <div class=\"o-grid__col u-6\/12@sm u-color-white u-mt-x6 u-mt-x0@sm\" data-aos=\"fade\">\n                <h1 class=\"h2\">Software f\u00fcr Sanit\u00e4r \u2028Vorfabrikation &amp; Rahmen<\/h1>\n<h4>Die Vorfabrikation im Sanit\u00e4rbereich erm\u00f6glicht eine schnelle und saubere Installation durch die Nutzung vorgefertigter Sanit\u00e4rw\u00e4nde.<\/h4>\n<h4>Mit Bausoft CAD k\u00f6nnen Installationsbetriebe pr\u00e4zise mit diesen Rahmen planen.<\/h4>\n<p><a class=\"c-btn c-btn__primary u-mt-x3\" href=\"https:\/\/www.megacad-schweiz.ch\/angebot\/\">Jetzt Angebot einholen<\/a> <a class=\"c-link c-link--arrow\" href=\"https:\/\/www.megacad-schweiz.ch\/praesentation\/\">Online Pr\u00e4sentation<\/a><\/p>\n\n            <\/div>\n        <\/div>\n    <\/div>\n<\/section>\n\n\n<section id=\"headline__container-block_9fb5f37ed310e50c7cef7877f8fff467\" class=\"headline__container u-pt-x10 u-pb-x0 u-pt-x20@md u-pb-x0@md\">\n    <div class=\"o-container\">\n        <div class=\"o-grid o-grid--center\">\n            <div class=\"o-grid__col u-12\/12@md\" data-aos=\"fade-up\"><h5 class=\"u-color-primary\">Funktionen und Module<\/h5><h2>Vorfabrikation im Sanit\u00e4rbereich \u2013 effizient geplant mit Bausoft CAD<\/h2><\/div>\n        <\/div>\n    <\/div>\n<\/section>\n\n\n<section id=\"media-text__container-block_22a18e24096f7e5cf3146e15f4f29aac\" class=\"media-text__container u-pt-x10 u-pb-x5 u-pt-x0@md u-pb-x10@md\">\n    <div class=\"o-container\">\n        <div class=\"o-grid o-grid--middle\">\n            <div class=\"o-grid__col u-6\/12@sm u-5\/12@md u-mb-x6 u-mb-x0@md u-offset--small\"><img loading=\"lazy\" decoding=\"async\" src=\"https:\/\/www.megacad-schweiz.ch\/wp-content\/uploads\/2024\/10\/cad-vorfabrikation-illustration.svg\" alt=\"\" class=\"a-parallax__image u-image--rounded u-shadow\" width=\"296\" height=\"258\" \/>\n            <\/div>\n            <div class=\"o-grid__col u-6\/12@sm u-push-1\/12@md\" data-aos=\"none\">\n                <p><b>Expertise in Beratung und Kundensupport<\/b><\/p>\n<ul>\n<li>Zeitsparende Planung: Schnelles und pr\u00e4zises Arbeiten mit vorgefertigten Elementen.<\/li>\n<li>Individualisierung: Vorwandelemente lassen sich problemlos an spezifische Anforderungen anpassen.<\/li>\n<li>Fehlerreduzierung: Automatisierte Pr\u00fcfungen sorgen f\u00fcr fehlerfreie Installationspl\u00e4ne.<\/li>\n<li>Einfache Visualisierung: Komplexe Planungen lassen sich realit\u00e4tsnah im 3D-Modell darstellen.<\/li>\n<li>Optimierte Materialplanung: Exakte Materialausz\u00fcge reduzieren Verschnitt und Kosten.<\/li>\n<\/ul>\n\n            <\/div>\n        <\/div>\n    <\/div>\n<\/section>\n\n\n<section id=\"headline__container-block_5dda1116a9de186cedf29846bd8cef53\" class=\"headline__container u-pt-x5 u-pb-x5 u-pt-x10@md u-pb-x0@md\">\n    <div class=\"o-container\">\n        <div class=\"o-grid\">\n            <div class=\"o-grid__col u-8\/12@md\" data-aos=\"fade-up\"><h5 class=\"u-color-primary\">Vorfabrikation Geb\u00e4udetechnik Software<\/h5><h2>Der Einsatz von Vorfabrikation und Rahmen in der Geb\u00e4udetechnik<\/h2><\/div>\n        <\/div>\n    <\/div>\n<\/section>\n\n\n<section id=\"text__container-block_bd5e2538a91a403c1a938457d2b5fbae\" class=\"text__container u-pt-x0 u-pb-x10 u-pt-x0@md u-pb-x20@md\">\n    <div class=\"o-container\">\n        <div class=\"o-grid o-grid--center\">\n                <article class=\"o-grid__col u-12\/12@md\" data-aos=\"none\">\n                    <p>Die Vorfabrikation ist eine wichtige Entwicklung in der Geb\u00e4udetechnik, da sie eine schnellere und effizientere Bauweise bzw. Renovation erm\u00f6glicht. Anstatt Rohrleitungen und Sanit\u00e4rinstallationen vor Ort zeitaufwendig zu verlegen, werden diese bereits im Werk vorgefertigt und auf die Baustelle geliefert. Der Einsatz dieser Technik spart nicht nur Zeit und Kosten, sondern reduziert auch die Fehlerquote. Vorfabrizierte Sanit\u00e4rw\u00e4nde und Montagerahmen sind passgenau auf das jeweilige Projekt abgestimmt und bieten h\u00f6chste Pr\u00e4zision. Besonders bei straffen Zeitpl\u00e4nen und personellen Engp\u00e4ssen ist die Vorfabrikation eine wertvolle L\u00f6sung f\u00fcr Installationsbetriebe.<\/p>\n                <\/article>\n        <\/div>\n    <\/div>\n<\/section>\n\n\n<section id=\"teaser__container-block_09aa5406c433da6e109cdd37f40933fa\" class=\"teaser__container u-pt-x10 u-pb-x10 u-pt-x5@md u-pb-x10@md\">\n    <div class=\"o-container\">\n        <div class=\"o-grid o-grid--center\">\n                    <div class=\"o-grid__col u-mv-x3 u-mv-x5@sm u-6\/12@sm\" data-aos=\"none\">\n                    \n                        <figure class=\"u-relative u-full--height u-flex u-fd-col u-ai-start\">\n                            <img decoding=\"async\" src=\"https:\/\/www.megacad-schweiz.ch\/wp-content\/uploads\/2024\/10\/cad-gisra-flex-3d-640x427.png\" srcset=\"https:\/\/www.megacad-schweiz.ch\/wp-content\/uploads\/2024\/10\/cad-gisra-flex-3d-640x427.png 640w, https:\/\/www.megacad-schweiz.ch\/wp-content\/uploads\/2024\/10\/cad-gisra-flex-3d-480x320.png 480w\" sizes=\"(max-width: 640px) 100vw, 640px\" alt=\"\" class=\"\" \/>\n                            <figcaption class=\"u-flex u-fd-col u-ai-start u-full--height u-mt-x3 u-mt-x5@sm\"><h4>CAD-GisraFlex 3D<\/h4>\n<p>Komplett vorge\u00adfer\u00adtigt &#8211; Das Zusam\u00admen\u00adspiel findet im Rahmenbau statt, ein perfektes Werk\u00adzeug. GisraFlex, das leistungs\u00adstarke Werk\u00adzeug f\u00fcr die indi\u00advi\u00addu\u00adelle Rahmen\u00adkon\u00adstruk\u00adtion in 3D. \u00dcber den Assi\u00adstenten den Rahmen konfi\u00adgu\u00adrieren und mit den CAD-Funk\u00adtionen nach\u00adtr\u00e4g\u00adlich bear\u00adbeiten. Kurz um, Rahmen konstru\u00adieren f\u00fcr nahezu jede Situa\u00adtion.<\/p>\n<p>Einfach, schnell und stark in der Detail\u00adl\u00f6\u00adsung. \u00dcber eine \u00fcber\u00adsicht\u00adliche Auswahl\u00adliste werden Elemente und Module f\u00fcr den Rahmen bestimmt. Das Programm \u00fcber\u00adpr\u00fcft daraufhin die Abst\u00e4nde und Ausf\u00fchr\u00adbar\u00adkeit.<\/p>\n<p>System: Geberit GIS<\/p>\n<p>Direkt aus der Zeich\u00adnung werden detail\u00adlierte Posi\u00adtions- und Mate\u00adri\u00adal\u00adli\u00adsten gene\u00adriert.<\/p>\n<\/figcaption>\n                        <\/figure>\n                        \n                    <\/div>\n                    <div class=\"o-grid__col u-mv-x3 u-mv-x5@sm u-6\/12@sm\" data-aos=\"none\">\n                    \n                        <figure class=\"u-relative u-full--height u-flex u-fd-col u-ai-start\">\n                            <img decoding=\"async\" src=\"https:\/\/www.megacad-schweiz.ch\/wp-content\/uploads\/2024\/10\/cad-vorfabrikation-2d-orig-640x427.jpg\" srcset=\"https:\/\/www.megacad-schweiz.ch\/wp-content\/uploads\/2024\/10\/cad-vorfabrikation-2d-orig-640x427.jpg 640w, https:\/\/www.megacad-schweiz.ch\/wp-content\/uploads\/2024\/10\/cad-vorfabrikation-2d-orig-480x320.jpg 480w\" sizes=\"(max-width: 640px) 100vw, 640px\" alt=\"\" class=\"\" \/>\n                            <figcaption class=\"u-flex u-fd-col u-ai-start u-full--height u-mt-x3 u-mt-x5@sm\"><h4>CAD-Vorfabrikation 2D<\/h4>\n<p>Mit einfa\u00adcher Dialog\u00adtechnik und auto\u00adma\u00adti\u00adschen Funk\u00adtionen werden Vorfa\u00adbri\u00adka\u00adti\u00adons\u00adzeich\u00adnungen in kurzer Zeit erstellt. CAD-Vorfa\u00adbri\u00adka\u00adtion ist ein 2D-Modul, das den kosten\u00adg\u00fcn\u00adstigen Einstieg in die profes\u00adsio\u00adnelle Entw\u00e4s\u00adse\u00adrungs\u00adpla\u00adnung erm\u00f6g\u00adlicht. Im Grund\u00adriss werden Appa\u00adrate-, Stran\u00adg\u00adan\u00adschluss und Verle\u00adge\u00adrich\u00adtung bestimmt, CAD-Vorfa\u00adbri\u00adka\u00adtion gene\u00adriert daraufhin den opti\u00admierten Leitungs\u00adbaum mit K\u00fcrzungen und Rohr\u00adl\u00e4ngen.<\/p>\n<p>Auto\u00adma\u00adti\u00adsches Beschriften und Gene\u00adrieren von St\u00fcck- und Mate\u00adri\u00adal\u00adli\u00adsten sind im Modul inbe\u00adgriffen.<\/p>\n<\/figcaption>\n                        <\/figure>\n                        \n                    <\/div>\n        <\/div>\n    <\/div>\n<\/section>\n\n\n<section id=\"media__container-block_e223213e7cf738acbaeb692a231d8efb\" class=\"media__container u-pt-x10 u-pb-x10 u-pt-x15@md u-pb-x15@md u-bgcolor-gray-light\">\n    <div class=\"o-container\">\n        <div class=\"o-grid o-grid--center\">\n            <div class=\"o-grid__col u-10\/12@md\" data-aos=\"none\"><div class=\"c-video__wrapper\"><iframe loading=\"lazy\" width=\"560\" height=\"315\" src=\"https:\/\/www.youtube.com\/embed\/swPJu8rZoow?si=X32rwJqqkfmeATOH\" title=\"YouTube video player\" frameborder=\"0\" allow=\"accelerometer; autoplay; clipboard-write; encrypted-media; gyroscope; picture-in-picture; web-share\" referrerpolicy=\"strict-origin-when-cross-origin\" allowfullscreen><\/iframe><\/div>\n            <\/div>\n        <\/div>\n    <\/div>\n<\/section>\n\n\n<section id=\"headline__container-block_dad0ffd367a556023b89f302213dcfdb\" class=\"headline__container u-pt-x10 u-pb-x0 u-pt-x10@md u-pb-x0@md u-bgcolor-gray-light\">\n    <div class=\"o-container\">\n        <div class=\"o-grid o-grid--center\">\n            <div class=\"o-grid__col u-12\/12@md\" data-aos=\"fade-up\"><h5 class=\"u-color-primary\">Vorteile von Vorfabrikation in der Geb\u00e4udetechnik<\/h5><h2>Sanit\u00e4r Vorfabrikation &#8211; schneller und fehlerunanf\u00e4lliger installieren<\/h2><\/div>\n        <\/div>\n    <\/div>\n<\/section>\n\n\n<section id=\"text__container-block_b38144ff1554d551df82be85e31c3440\" class=\"text__container u-pt-x10 u-pb-x10 u-pt-x0@md u-pb-x15@md u-bgcolor-gray-light\">\n    <div class=\"o-container\">\n        <div class=\"o-grid o-grid--center\">\n                <article class=\"o-grid__col u-6\/12@md\" data-aos=\"none\">\n                    <h4>Schnelleres Arbeiten<\/h4>\n<ul>\n<li>Verk\u00fcrzte Installationszeit auf der Baustelle durch vorgefertigte Elemente<\/li>\n<li>Just-in-time Lieferung der passgenauen Sanit\u00e4rw\u00e4nde<\/li>\n<li>Minimierung von Bauverz\u00f6gerungen durch standardisierte Prozesse<\/li>\n<li>Reduzierter Aufwand f\u00fcr die Planung und Montage vor Ort<\/li>\n<li>Optimierte Logistik durch passgenaue Vorfabrikationen<\/li>\n<\/ul>\n\n                <\/article>\n                <article class=\"o-grid__col u-6\/12@md\" data-aos=\"none\">\n                    <h4>Fehlerfreies Arbeiten<\/h4>\n<ul>\n<li>Automatisierte Kollisionserkennung in der Planungsphase<\/li>\n<li>Pr\u00e4zise Ma\u00dfe und passgenaue Vorwandelemente verhindern Montagefehler<\/li>\n<li>Konsistente Qualit\u00e4t durch standardisierte Vorfertigungsprozesse<\/li>\n<li>Reduzierter Materialverschnitt und weniger Abfall durch exakte Planung<\/li>\n<li>Vermeidung von Planungsfehlern durch die Integration aller Gewerke im digitalen Modell<\/li>\n<\/ul>\n\n                <\/article>\n        <\/div>\n    <\/div>\n<\/section>\n\n\n<section id=\"headline__container-block_b7fcd25efd4483492dbcda59dfa30dca\" class=\"headline__container u-pt-x10 u-pb-x5 u-pt-x20@md u-pb-x0@md\">\n    <div class=\"o-container\">\n        <div class=\"o-grid o-grid--center\">\n            <div class=\"o-grid__col u-12\/12@md\" data-aos=\"none\"><h5 class=\"u-color-primary\">BIM und Vorfabrikation Software<\/h5><h2>BIM und Vorwandinstallation: Wie f\u00fcr einander gemacht<\/h2><\/div>\n        <\/div>\n    <\/div>\n<\/section>\n\n\n<section id=\"media-text__container-block_246295737a3b9896fba141442093fa52\" class=\"media-text__container u-pt-x10 u-pb-x5 u-pt-x0@md u-pb-x10@md\">\n    <div class=\"o-container\">\n        <div class=\"o-grid o-grid--rev\">\n            <div class=\"o-grid__col u-6\/12@sm u-5\/12@md u-push-1\/12@md u-mb-x6 u-mb-x0@md u-offset--small\"><img decoding=\"async\" src=\"https:\/\/www.megacad-schweiz.ch\/wp-content\/uploads\/2024\/10\/bim-rahmenbau-vorfertigung-640x452.jpg\" srcset=\"https:\/\/www.megacad-schweiz.ch\/wp-content\/uploads\/2024\/10\/bim-rahmenbau-vorfertigung-640x452.jpg 640w, https:\/\/www.megacad-schweiz.ch\/wp-content\/uploads\/2024\/10\/bim-rahmenbau-vorfertigung-300x212.jpg 300w, https:\/\/www.megacad-schweiz.ch\/wp-content\/uploads\/2024\/10\/bim-rahmenbau-vorfertigung-768x543.jpg 768w, https:\/\/www.megacad-schweiz.ch\/wp-content\/uploads\/2024\/10\/bim-rahmenbau-vorfertigung.jpg 1000w\" sizes=\"(max-width: 640px) 100vw, 640px\" alt=\"\" class=\"a-parallax__image u-image--rounded\" \/>\n            <\/div>\n            <div class=\"o-grid__col u-6\/12@sm\" data-aos=\"none\">\n                <p>Die Kombination von BIM (Building Information Modeling) und der Vorwandinstallation erm\u00f6glicht es Planern, komplexe Bauprojekte effizient und pr\u00e4zise zu realisieren. BIM liefert ein digitales Modell des Geb\u00e4udes, das s\u00e4mtliche Informationen zu den Sanit\u00e4rsystemen enth\u00e4lt. Mithilfe dieser Daten k\u00f6nnen vorgefertigte Sanit\u00e4rw\u00e4nde und Rahmen exakt in das Gesamtsystem integriert werden. Dadurch profitieren Planer von einer besseren \u00dcbersicht, fr\u00fchzeitiger Erkennung von Kollisionen und einer nahtlosen Zusammenarbeit mit anderen Gewerken. Vorfabrikation auf Basis eines BIM-Modells sorgt somit f\u00fcr eine durchg\u00e4ngige Planungs- und Bauphase.<\/p>\n<p><a class=\"c-link c-link--arrow\" href=\"https:\/\/www.megacad-schweiz.ch\/bim-gebaeudetechnik-3d\/\">Mehr \u00fcber unsere BIM Geb\u00e4udetechnik Software<\/a><\/p>\n\n            <\/div>\n        <\/div>\n    <\/div>\n<\/section>\n\n\n<section id=\"headline__container-block_1ddd9bf1a236200564aa50f0e7d011b5\" class=\"headline__container u-pt-x5 u-pb-x5 u-pt-x10@md u-pb-x0@md\">\n    <div class=\"o-container\">\n        <div class=\"o-grid o-grid--center\">\n            <div class=\"o-grid__col u-12\/12@md\" data-aos=\"none\"><h5 class=\"u-color-primary\">Vorfabrikation Software in der Praxis<\/h5><h2>Geb\u00e4udeplanung mit vorgefertigten Sanit\u00e4rw\u00e4nden<\/h2><\/div>\n        <\/div>\n    <\/div>\n<\/section>\n\n\n<section id=\"media-text__container-block_e3f216e6e4f937f044c207853d32d924\" class=\"media-text__container u-pt-x10 u-pb-x5 u-pt-x0@md u-pb-x0@md\">\n    <div class=\"o-container\">\n        <div class=\"o-grid o-grid--middle\">\n            <div class=\"o-grid__col u-6\/12@sm u-5\/12@md u-mb-x6 u-mb-x0@md u-offset--small\"><img decoding=\"async\" src=\"https:\/\/www.megacad-schweiz.ch\/wp-content\/uploads\/2024\/10\/dreiklang-3-640x480.jpg\" srcset=\"https:\/\/www.megacad-schweiz.ch\/wp-content\/uploads\/2024\/10\/dreiklang-3-640x480.jpg 640w, https:\/\/www.megacad-schweiz.ch\/wp-content\/uploads\/2024\/10\/dreiklang-3-300x225.jpg 300w, https:\/\/www.megacad-schweiz.ch\/wp-content\/uploads\/2024\/10\/dreiklang-3-768x576.jpg 768w, https:\/\/www.megacad-schweiz.ch\/wp-content\/uploads\/2024\/10\/dreiklang-3.jpg 940w\" sizes=\"(max-width: 640px) 100vw, 640px\" alt=\"\" class=\"a-parallax__image u-image--rounded u-shadow\" \/>\n            <\/div>\n            <div class=\"o-grid__col u-6\/12@sm u-push-1\/12@md\" data-aos=\"none\">\n                <p>Mit vorgefertigten Sanit\u00e4rw\u00e4nden wird die Geb\u00e4udeplanung erheblich vereinfacht. Installationsbetriebe k\u00f6nnen diese W\u00e4nde passgenau f\u00fcr ihr Projekt planen und an die Gegebenheiten des Bauwerks anpassen. Bausoft CAD unterst\u00fctzt dabei, diese Vorwandelemente direkt in die Gesamtplanung zu integrieren und so die Effizienz auf der Baustelle zu steigern. Die Software hilft nicht nur bei der pr\u00e4zisen Planung, sondern erm\u00f6glicht es, Materialausz\u00fcge und Montageanleitungen automatisch zu generieren. So wird die Installation vor Ort einfacher, schneller und kosteneffizienter.<\/p>\n<p>Mit Bausoft CAD k\u00f6nnen bestehende Installationsrahmen individuell angepasst und f\u00fcr die Vorfabrikation vorbereitet werden. Installationsbetriebe haben die M\u00f6glichkeit, ihre Rahmen direkt in der Software zu ver\u00e4ndern und auf die spezifischen Anforderungen des Projekts abzustimmen. Diese angepassten Rahmen k\u00f6nnen dann direkt in die Vorfabrikation gehen und passgenau f\u00fcr Gro\u00dfauftr\u00e4ge produziert werden. Der Vorteil liegt in der hohen Flexibilit\u00e4t und Pr\u00e4zision, die durch die Software erm\u00f6glicht wird. Vorfabrizierte Rahmen reduzieren den Aufwand auf der Baustelle und gew\u00e4hrleisten eine effiziente Montage.<\/p>\n\n            <\/div>\n        <\/div>\n    <\/div>\n<\/section>\n\n\n<section id=\"text__container-block_6c6a4f73bb8779835c996986c86c296d\" class=\"text__container u-pt-x10 u-pb-x10 u-pt-x0@md u-pb-x10@md\">\n    <div class=\"o-container\">\n        <div class=\"o-grid o-grid--center\">\n                <article class=\"o-grid__col u-12\/12@md\" data-aos=\"none\">\n                    \n                <\/article>\n        <\/div>\n    <\/div>\n<\/section>\n\n\n<section id=\"headline__container-block_15d1fb9ed1a9a75cb8f4dba45c2ca21d\" class=\"headline__container u-pt-x0 u-pb-x5 u-pt-x10@md u-pb-x0@md\">\n    <div class=\"o-container\">\n        <div class=\"o-grid o-grid--center\">\n            <div class=\"o-grid__col u-12\/12@md\" data-aos=\"none\"><h5 class=\"u-color-primary\">Nimm Kontakt zu uns auf<\/h5><h2>Bereit f\u00fcr den n\u00e4chsten Schritt?<\/h2><\/div>\n        <\/div>\n    <\/div>\n<\/section>\n\n\n<section id=\"teaser__container-block_74f5aef4bf13eaec62785f3e1b077388\" class=\"teaser__container u-pt-x0 u-pb-x10 u-pt-x0@md u-pb-x20@md\">\n    <div class=\"o-container\">\n        <div class=\"o-grid o-grid--center\">\n                    <div class=\"o-grid__col u-mv-x3 u-mv-x5@sm u-6\/12@sm\" data-aos=\"none\">\n                    \n                        <figure class=\"u-relative u-full--height u-flex u-fd-col u-ai-start\">\n                            <img loading=\"lazy\" decoding=\"async\" src=\"https:\/\/www.megacad-schweiz.ch\/wp-content\/uploads\/2024\/10\/roman-hegglin.jpeg\" alt=\"\" class=\"\" width=\"400\" height=\"300\" \/>\n                            <figcaption class=\"u-flex u-fd-col u-ai-start u-full--height u-mt-x3 u-mt-x5@sm\"><h4>Angebot anfragen<\/h4>\n<p>Gerne gehen wir in einer unverbindlichen Pr\u00e4sentation unserer CAD-L\u00f6sungen auf Deine Ziele, die f\u00fcr Dich relevanten Funktionen und alle weiteren Fragen ein, um Dir zu zeigen, wie Du mithilfe von Bausoft Deine Planungsprozesse optimieren kannst.<\/p>\n<div class=\"u-mt-auto\"><a href=\"https:\/\/www.megacad-schweiz.ch\/angebot\/\" class=\"c-btn c-btn__primary u-mt-x3\" target=\"_self\">Angebot anfragen<\/a><\/div><\/figcaption>\n                        <\/figure>\n                        \n                    <\/div>\n                    <div class=\"o-grid__col u-mv-x3 u-mv-x5@sm u-6\/12@sm\" data-aos=\"none\">\n                    \n                        <figure class=\"u-relative u-full--height u-flex u-fd-col u-ai-start\">\n                            <img loading=\"lazy\" decoding=\"async\" src=\"https:\/\/www.megacad-schweiz.ch\/wp-content\/uploads\/2024\/10\/petra-reichmuth.jpeg\" alt=\"\" class=\"\" width=\"400\" height=\"300\" \/>\n                            <figcaption class=\"u-flex u-fd-col u-ai-start u-full--height u-mt-x3 u-mt-x5@sm\"><h4>1:1 Online-Pr\u00e4sentation<\/h4>\n<p>Software vom Planer f\u00fcr den Planer: Vereinbare eine 1:1 Online-Pr\u00e4sentation (60 Minuten exklusiv f\u00fcr Dich) und erfahre, wie die Bausoft CAD Software Dein Unternehmen auf dem Weg zum Erfolg weiter unterst\u00fctzen kann. Vereinbare jetzt einen Pr\u00e4sentations-Termin!<\/p>\n<div class=\"u-mt-auto\"><a href=\"https:\/\/www.megacad-schweiz.ch\/praesentation\/\" class=\"c-btn c-btn__primary u-mt-x3\" target=\"_self\">Termin vereinbaren<\/a><\/div><\/figcaption>\n                        <\/figure>\n                        \n                    <\/div>\n        <\/div>\n    <\/div>\n<\/section>","protected":false},"excerpt":{"rendered":"","protected":false},"author":14,"featured_media":0,"parent":0,"menu_order":34,"comment_status":"closed","ping_status":"closed","template":"","meta":{"_acf_changed":false,"footnotes":""},"class_list":["post-8224","page","type-page","status-publish","hentry"],"acf":[],"_links":{"self":[{"href":"https:\/\/www.megacad-schweiz.ch\/de\/wp-json\/wp\/v2\/pages\/8224","targetHints":{"allow":["GET"]}}],"collection":[{"href":"https:\/\/www.megacad-schweiz.ch\/de\/wp-json\/wp\/v2\/pages"}],"about":[{"href":"https:\/\/www.megacad-schweiz.ch\/de\/wp-json\/wp\/v2\/types\/page"}],"author":[{"embeddable":true,"href":"https:\/\/www.megacad-schweiz.ch\/de\/wp-json\/wp\/v2\/users\/14"}],"replies":[{"embeddable":true,"href":"https:\/\/www.megacad-schweiz.ch\/de\/wp-json\/wp\/v2\/comments?post=8224"}],"version-history":[{"count":15,"href":"https:\/\/www.megacad-schweiz.ch\/de\/wp-json\/wp\/v2\/pages\/8224\/revisions"}],"predecessor-version":[{"id":8999,"href":"https:\/\/www.megacad-schweiz.ch\/de\/wp-json\/wp\/v2\/pages\/8224\/revisions\/8999"}],"wp:attachment":[{"href":"https:\/\/www.megacad-schweiz.ch\/de\/wp-json\/wp\/v2\/media?parent=8224"}],"curies":[{"name":"wp","href":"https:\/\/api.w.org\/{rel}","templated":true}]}}