{"id":8222,"date":"2024-10-21T10:14:31","date_gmt":"2024-10-21T10:14:31","guid":{"rendered":"https:\/\/p-x47nuh.project.space\/?page_id=8222"},"modified":"2024-12-17T10:27:56","modified_gmt":"2024-12-17T10:27:56","slug":"cad-software-rohrleitungsbau","status":"publish","type":"page","link":"https:\/\/www.megacad-schweiz.ch\/de\/cad-software-rohrleitungsbau\/","title":{"rendered":"Rohrleitungsbau"},"content":{"rendered":"\n<section id=\"hero__container-block_95b2725f27c993407e427bf18d6243fa\" class=\"hero__container u-overlay__gradient--blue u-relative\">\n    <img decoding=\"async\" src=\"https:\/\/www.megacad-schweiz.ch\/wp-content\/uploads\/2024\/10\/cad-rohrleitungsbau-1920x700.jpg\" srcset=\"\" sizes=\"(max-width: 1920px) 100vw, 1920px\" alt=\"\" class=\"u-image--cover u-absolute\" \/>\n    <div class=\"o-container u-relative u-index--1 u-pt-x10 u-pb-x10 u-pt-x20@md u-pb-x20@md\">\n        <div class=\"o-grid o-grid--rev o-grid--middle\">\n            <figure class=\"o-grid__col u-6\/12@sm u-offset--y@md\"><img loading=\"lazy\" decoding=\"async\" src=\"https:\/\/www.megacad-schweiz.ch\/wp-content\/uploads\/2024\/10\/bim-gebaeudetechnik-software.svg\" alt=\"\" class=\" -parallax__hero\" width=\"415\" height=\"258\" \/><\/figure>\n            <div class=\"o-grid__col u-6\/12@sm u-color-white u-mt-x6 u-mt-x0@sm\" data-aos=\"none\">\n                <h1 class=\"h2\">CAD Software f\u00fcr<br \/>\nRohrleitungsbau<\/h1>\n<h4>Bausoft CAD Rohrleitungsbau Software richtet sich an Unternehmen mit gro\u00dfen Projekten.<\/h4>\n<h4>Unsere Module erm\u00f6glichen die Planung von komplexen Rohrleitungssystemen aus verschiedenen Ansichten.<\/h4>\n<p><a class=\"c-btn c-btn__primary u-mt-x3\" href=\"https:\/\/www.megacad-schweiz.ch\/angebot\/\">Jetzt Angebot einholen<\/a> <a class=\"c-link c-link--arrow\" href=\"https:\/\/www.megacad-schweiz.ch\/praesentation\/\">Online Pr\u00e4sentation<\/a><\/p>\n\n            <\/div>\n        <\/div>\n    <\/div>\n<\/section>\n\n\n<section id=\"headline__container-block_3ca716b9538f88acd1df2bbe18cbf813\" class=\"headline__container u-pt-x10 u-pb-x5 u-pt-x20@md u-pb-x0@md u-bgcolor-gray-light\">\n    <div class=\"o-container\">\n        <div class=\"o-grid\">\n            <div class=\"o-grid__col u-8\/12@md\" data-aos=\"none\"><h5 class=\"u-color-primary\">Bausoft CAD Rohrleitungsbau Software<\/h5><h2>Vorteile unserer 3D Rohrleitungsbau-Software auf einen Blick:<\/h2><\/div>\n        <\/div>\n    <\/div>\n<\/section>\n\n\n<section id=\"text__container-block_fc37206809f0c21fdd8b0f1eb7636744\" class=\"text__container u-pt-x0 u-pb-x10 u-pt-x0@md u-pb-x10@md u-bgcolor-gray-light\">\n    <div class=\"o-container\">\n        <div class=\"o-grid o-grid--center\">\n                <article class=\"o-grid__col u-12\/12@md\" data-aos=\"none\">\n                    <ul>\n<li>Vollst\u00e4ndiger Prozess f\u00fcr den Rohrleitungsbau abbildbar<\/li>\n<li>Direkter Zugriff auf Produktdaten nach VDI 3805<\/li>\n<li>Realit\u00e4tsnahe Planung durch 3D-Modellierung<\/li>\n<li>Alle Schnitte lassen sich aus einem einzigen Modell ableiten<\/li>\n<li>Einfach zu bedienen und schnell zu erlernen<\/li>\n<li>Umfangreiche Beschriftungsbibliothek f\u00fcr zeitsparende Planung<\/li>\n<\/ul>\n\n                <\/article>\n        <\/div>\n    <\/div>\n<\/section>\n\n\n<section id=\"headline__container-block_996843c7182da6dffdd92221cd655c59\" class=\"headline__container u-pt-x10 u-pb-x5 u-pt-x15@md u-pb-x0@md\">\n    <div class=\"o-container\">\n        <div class=\"o-grid\">\n            <div class=\"o-grid__col u-8\/12@md\" data-aos=\"none\"><h5 class=\"u-color-primary\">Bausoft Rohrleitungsbau Software<\/h5><h2>CAD Leitung 3D Rohrleitungsbau<\/h2><\/div>\n        <\/div>\n    <\/div>\n<\/section>\n\n\n<section id=\"media-text__container-block_17289f499a87147493cea12d3ad8af8e\" class=\"media-text__container u-pt-x0 u-pb-x10 u-pt-x0@md u-pb-x20@md\">\n    <div class=\"o-container\">\n        <div class=\"o-grid o-grid--rev o-grid--middle\">\n            <div class=\"o-grid__col u-6\/12@sm u-5\/12@md u-push-1\/12@md u-mb-x6 u-mb-x0@md u-offset--small\"><img loading=\"lazy\" decoding=\"async\" src=\"https:\/\/www.megacad-schweiz.ch\/wp-content\/uploads\/2024\/10\/cad-rohrleitungsbau-illustration.svg\" alt=\"\" class=\"a-parallax__image u-image--rounded\" width=\"296\" height=\"258\" \/>\n            <\/div>\n            <div class=\"o-grid__col u-6\/12@sm\" data-aos=\"fade-up\">\n                <p><b>Er\u00f6ffnet neue Perspek\u00adtiven in der Leitungs\u00adpla\u00adnung<\/b><br \/>\nBausoft Leitung 3D mit Produkt\u00adda\u00adten\u00adzu\u00adgriff zur Norm VDI 3805 ist ein leistungs\u00adf\u00e4\u00adhiges Werk\u00adzeug, das den kompletten Prozess der Rohr\u00adlei\u00adtungs\u00adpla\u00adnung komfor\u00adtabel unter\u00adst\u00fctzt und keine W\u00fcnsche offen l\u00e4sst. Mit einem Bedien\u00adkon\u00adzept, das es in sich hat und schnell zu erlernen ist, baust Du Deine Anlagen im Hand\u00adum\u00addrehen.<br \/>\nBausoft Leitung 3D erweckt Konstruk\u00adtionen zum Leben. Du baust Deine Anlagen im Hand\u00adum\u00addrehen 3-dimen\u00adsional und reali\u00adt\u00e4ts\u00adge\u00adtreu auf. Leite alle Schnitte von demselben Modell ab und alles bleibt synchron. Pr\u00e4zi\u00adsion und Produk\u00adti\u00advit\u00e4t in einem Schritt!<\/p>\n\n            <\/div>\n        <\/div>\n    <\/div>\n<\/section>\n\n\n<section id=\"headline__container-block_b21839bad84180448200eb21a5e0bc86\" class=\"headline__container u-pt-x10 u-pb-x5 u-pt-x15@md u-pb-x0@md u-bgcolor-gray-light\">\n    <div class=\"o-container\">\n        <div class=\"o-grid o-grid--center\">\n            <div class=\"o-grid__col u-12\/12@md\" data-aos=\"none\"><h3>Rohrleitungsbau CAD Software Module<\/h3><\/div>\n        <\/div>\n    <\/div>\n<\/section>\n\n\n<section id=\"teaser__container-block_e9affe3ed7276f2b39a1d7747d3e4398\" class=\"teaser__container u-pt-x0 u-pb-x10 u-pt-x10@md u-pb-x10@md u-bgcolor-gray-light\">\n    <div class=\"o-container\">\n        <div class=\"o-grid\">\n                    <div class=\"o-grid__col u-mv-x3 u-mv-x5@sm u-6\/12@sm u-4\/12@md\" data-aos=\"none\">\n                    \n                        <figure class=\"u-relative u-full--height u-flex u-fd-col u-ai-start\">\n                            <img decoding=\"async\" src=\"https:\/\/www.megacad-schweiz.ch\/wp-content\/uploads\/2024\/10\/cad-commander-referenzmanager-e1732013616894-480x320.jpg\" srcset=\"https:\/\/www.megacad-schweiz.ch\/wp-content\/uploads\/2024\/10\/cad-commander-referenzmanager-e1732013616894-480x320.jpg 480w, https:\/\/www.megacad-schweiz.ch\/wp-content\/uploads\/2024\/10\/cad-commander-referenzmanager-e1732013616894-300x200.jpg 300w, https:\/\/www.megacad-schweiz.ch\/wp-content\/uploads\/2024\/10\/cad-commander-referenzmanager-e1732013616894-640x427.jpg 640w, https:\/\/www.megacad-schweiz.ch\/wp-content\/uploads\/2024\/10\/cad-commander-referenzmanager-e1732013616894.jpg 651w\" sizes=\"(max-width: 480px) 100vw, 480px\" alt=\"\" class=\"\" \/>\n                            <figcaption class=\"u-flex u-fd-col u-ai-start u-full--height u-mt-x3 u-mt-x5@sm\"><h4>CAD-Commander\/ Referenzmanager<\/h4>\n<p>Plan- und Medi\u00aden\u00adstruk\u00adturen einfach verwalten. F\u00fcge komfor\u00adtabel externe Zeich\u00adnungen in die Planung hinzu. Zur besseren \u00dcber\u00adsicht werden diese Refe\u00adrenzen einfach einge\u00adf\u00e4rbt. Die Eigen\u00adschaften und Darstel\u00adlung von Gewerken und Medien werden im CAD-Commander \u00fcber\u00adsicht\u00adlich verwaltet. Die sichere L\u00f6sung f\u00fcr die Zusam\u00admen\u00adar\u00adbeit und den Infor\u00adma\u00adti\u00adons\u00adaus\u00adtausch in Projekt\u00adteams.<\/p>\n<\/figcaption>\n                        <\/figure>\n                        \n                    <\/div>\n                    <div class=\"o-grid__col u-mv-x3 u-mv-x5@sm u-6\/12@sm u-4\/12@md\" data-aos=\"none\">\n                    \n                        <figure class=\"u-relative u-full--height u-flex u-fd-col u-ai-start\">\n                            <img decoding=\"async\" src=\"https:\/\/www.megacad-schweiz.ch\/wp-content\/uploads\/2024\/10\/CAD-Beschriftung_1-480x320.png\" srcset=\"https:\/\/www.megacad-schweiz.ch\/wp-content\/uploads\/2024\/10\/CAD-Beschriftung_1-480x320.png 480w, https:\/\/www.megacad-schweiz.ch\/wp-content\/uploads\/2024\/10\/CAD-Beschriftung_1-640x427.png 640w\" sizes=\"(max-width: 480px) 100vw, 480px\" alt=\"\" class=\"\" \/>\n                            <figcaption class=\"u-flex u-fd-col u-ai-start u-full--height u-mt-x3 u-mt-x5@sm\"><h4>CAD-Beschriftung<\/h4>\n<p>Die effi\u00adzi\u00adente Beschrif\u00adtung f\u00fcr die Haus\u00adtechnik. Das schnelle Beschrif\u00adtungs\u00admodul mit erwei\u00adter\u00adbarer Text\u00adda\u00adten\u00adbank f\u00fcr die Leitungs\u00adbe\u00adschrif\u00adtung und Appa\u00adra\u00adte\u00adle\u00adgenden. Eine umfang\u00adreiche Biblio\u00adthek spart Zeit in der Planung. Die bestehende Text\u00adbi\u00adblio\u00adthek kann indi\u00advi\u00adduell ge\u00e4n\u00addert und erwei\u00adtert werden.<\/p>\n<\/figcaption>\n                        <\/figure>\n                        \n                    <\/div>\n                    <div class=\"o-grid__col u-mv-x3 u-mv-x5@sm u-6\/12@sm u-4\/12@md\" data-aos=\"none\">\n                    \n                        <figure class=\"u-relative u-full--height u-flex u-fd-col u-ai-start\">\n                            <img decoding=\"async\" src=\"https:\/\/www.megacad-schweiz.ch\/wp-content\/uploads\/2024\/10\/cad-symbolmanager-480x320.jpg\" srcset=\"https:\/\/www.megacad-schweiz.ch\/wp-content\/uploads\/2024\/10\/cad-symbolmanager-480x320.jpg 480w, https:\/\/www.megacad-schweiz.ch\/wp-content\/uploads\/2024\/10\/cad-symbolmanager-640x427.jpg 640w\" sizes=\"(max-width: 480px) 100vw, 480px\" alt=\"\" class=\"\" \/>\n                            <figcaption class=\"u-flex u-fd-col u-ai-start u-full--height u-mt-x3 u-mt-x5@sm\"><h4>CAD-Symbolmanager<\/h4>\n<p>Umfang\u00adreiche Haus\u00adtechnik-Symbol\u00adbi\u00adblio\u00adthek. Die umfang\u00adreiche Symbol\u00adbi\u00adblio\u00adthek erm\u00f6g\u00adlicht vom ersten Tag an produk\u00adtives Arbeiten.<\/p>\n<ul>\n<li>\u00fcber\u00adsicht\u00adliche Verwal\u00adtung<\/li>\n<li>freie Bezugs\u00adpunkt\u00adwahl<\/li>\n<li>Drehen und Spie\u00adgeln an der Maus<\/li>\n<li>Unter\u00adbre\u00adchung von Elementen<\/li>\n<\/ul>\n<\/figcaption>\n                        <\/figure>\n                        \n                    <\/div>\n        <\/div>\n    <\/div>\n<\/section>\n\n\n<section id=\"teaser__container-block_ce39278b116c26a2e18fc474c37dde40\" class=\"teaser__container u-pt-x10 u-pb-x10 u-pt-x20@md u-pb-x20@md\">\n    <div class=\"o-container\">\n        <div class=\"o-grid\">\n                    <div class=\"o-grid__col u-mv-x3 u-mv-x5@sm u-6\/12@sm\" data-aos=\"none\">\n                    \n                        <figure class=\"u-relative u-full--height u-flex u-fd-col u-ai-start\">\n                            <img loading=\"lazy\" decoding=\"async\" src=\"https:\/\/www.megacad-schweiz.ch\/wp-content\/uploads\/2024\/10\/roman-hegglin.jpeg\" alt=\"\" class=\"\" width=\"400\" height=\"300\" \/>\n                            <figcaption class=\"u-flex u-fd-col u-ai-start u-full--height u-mt-x3 u-mt-x5@sm\"><h4>Angebot anfragen<\/h4>\n<p>Gerne gehen wir in einer unverbindlichen Pr\u00e4sentation unserer CAD-L\u00f6sungen auf Deine Ziele, die f\u00fcr Dich relevanten Funktionen und alle weiteren Fragen ein, um Dir zu zeigen, wie Du mithilfe von Bausoft Deine Planungsprozesse optimieren kannst.<\/p>\n<div class=\"u-mt-auto\"><a href=\"https:\/\/www.megacad-schweiz.ch\/angebot\/\" class=\"c-btn c-btn__primary u-mt-x3\" target=\"_self\">Angebot anfragen<\/a><\/div><\/figcaption>\n                        <\/figure>\n                        \n                    <\/div>\n                    <div class=\"o-grid__col u-mv-x3 u-mv-x5@sm u-6\/12@sm\" data-aos=\"none\">\n                    \n                        <figure class=\"u-relative u-full--height u-flex u-fd-col u-ai-start\">\n                            <img loading=\"lazy\" decoding=\"async\" src=\"https:\/\/www.megacad-schweiz.ch\/wp-content\/uploads\/2024\/10\/petra-reichmuth.jpeg\" alt=\"\" class=\"\" width=\"400\" height=\"300\" \/>\n                            <figcaption class=\"u-flex u-fd-col u-ai-start u-full--height u-mt-x3 u-mt-x5@sm\"><h4>1:1 Online-Pr\u00e4sentation<\/h4>\n<p>Software vom Planer f\u00fcr den Planer: Vereinbare eine 1:1 Online-Pr\u00e4sentation (60 Minuten exklusiv f\u00fcr Dich) und erfahre, wie die Bausoft CAD Software Dein Unternehmen auf dem Weg zum Erfolg weiter unterst\u00fctzen kann. Vereinbare jetzt einen Pr\u00e4sentations-Termin!<\/p>\n<div class=\"u-mt-auto\"><a href=\"https:\/\/www.megacad-schweiz.ch\/praesentation\/\" class=\"c-btn c-btn__primary u-mt-x3\" target=\"_self\">Termin vereinbaren<\/a><\/div><\/figcaption>\n                        <\/figure>\n                        \n                    <\/div>\n        <\/div>\n    <\/div>\n<\/section>","protected":false},"excerpt":{"rendered":"","protected":false},"author":14,"featured_media":0,"parent":0,"menu_order":25,"comment_status":"closed","ping_status":"closed","template":"","meta":{"_acf_changed":false,"footnotes":""},"class_list":["post-8222","page","type-page","status-publish","hentry"],"acf":[],"_links":{"self":[{"href":"https:\/\/www.megacad-schweiz.ch\/de\/wp-json\/wp\/v2\/pages\/8222","targetHints":{"allow":["GET"]}}],"collection":[{"href":"https:\/\/www.megacad-schweiz.ch\/de\/wp-json\/wp\/v2\/pages"}],"about":[{"href":"https:\/\/www.megacad-schweiz.ch\/de\/wp-json\/wp\/v2\/types\/page"}],"author":[{"embeddable":true,"href":"https:\/\/www.megacad-schweiz.ch\/de\/wp-json\/wp\/v2\/users\/14"}],"replies":[{"embeddable":true,"href":"https:\/\/www.megacad-schweiz.ch\/de\/wp-json\/wp\/v2\/comments?post=8222"}],"version-history":[{"count":12,"href":"https:\/\/www.megacad-schweiz.ch\/de\/wp-json\/wp\/v2\/pages\/8222\/revisions"}],"predecessor-version":[{"id":9681,"href":"https:\/\/www.megacad-schweiz.ch\/de\/wp-json\/wp\/v2\/pages\/8222\/revisions\/9681"}],"wp:attachment":[{"href":"https:\/\/www.megacad-schweiz.ch\/de\/wp-json\/wp\/v2\/media?parent=8222"}],"curies":[{"name":"wp","href":"https:\/\/api.w.org\/{rel}","templated":true}]}}