{"id":8217,"date":"2024-10-21T09:58:25","date_gmt":"2024-10-21T09:58:25","guid":{"rendered":"https:\/\/p-x47nuh.project.space\/?page_id=8217"},"modified":"2024-12-17T10:31:44","modified_gmt":"2024-12-17T10:31:44","slug":"visoft-bad-planer-software-3d","status":"publish","type":"page","link":"https:\/\/www.megacad-schweiz.ch\/de\/visoft-bad-planer-software-3d\/","title":{"rendered":"ViSoft Premium"},"content":{"rendered":"\n<section id=\"hero__container-block_04342210031f4f1567dae87b0ceb0e19\" class=\"hero__container u-overlay__gradient--blue u-relative\">\n    <img decoding=\"async\" src=\"https:\/\/www.megacad-schweiz.ch\/wp-content\/uploads\/2024\/10\/visoft-bad-planer-software-1-1920x700.jpg\" srcset=\"\" sizes=\"(max-width: 1920px) 100vw, 1920px\" alt=\"\" class=\"u-image--cover u-absolute\" \/>\n    <div class=\"o-container u-relative u-index--1 u-pt-x10 u-pb-x10 u-pt-x20@md u-pb-x20@md\">\n        <div class=\"o-grid o-grid--rev o-grid--middle\">\n            <figure class=\"o-grid__col u-6\/12@sm u-offset--y@md\"><img loading=\"lazy\" decoding=\"async\" src=\"https:\/\/www.megacad-schweiz.ch\/wp-content\/uploads\/2024\/10\/software.svg\" alt=\"\" class=\" -parallax__hero\" width=\"554\" height=\"345\" \/><\/figure>\n            <div class=\"o-grid__col u-6\/12@sm u-color-white u-mt-x6 u-mt-x0@sm\" data-aos=\"none\">\n                <h1 class=\"h2\">ViSoft Bad Planer Software:\u2028Premium 3D und Photo Tuning<\/h1>\n<h4>Mit ViSoft-Produkten planen, visua\u00adli\u00adsieren und verkaufen Firmen jeder Gr\u00f6sse &#8211; Hersteller, H\u00e4ndler und Hand\u00adwerker &#8211; Fliesen und Sani\u00adt\u00e4rar\u00adtikel.<\/h4>\n<h4>Die Bausoft Infor\u00admatik AG ist der offi\u00adzi\u00adelle Vertriebs\u00adpartner von ViSoft in der Schweiz.<\/h4>\n<p><a class=\"c-btn c-btn__primary u-mt-x3\" href=\"https:\/\/www.megacad-schweiz.ch\/angebot\/\">Jetzt Angebot einholen<\/a> <a class=\"c-link c-link--arrow\" href=\"https:\/\/www.megacad-schweiz.ch\/praesentation\/\">Online Pr\u00e4sentation<\/a><\/p>\n\n            <\/div>\n        <\/div>\n    <\/div>\n<\/section>\n\n\n<section id=\"headline__container-block_ac3c9593732273dfec945436b08c3e1e\" class=\"headline__container u-pt-x10 u-pb-x10 u-pt-x20@md u-pb-x0@md u-bgcolor-gray-light\">\n    <div class=\"o-container\">\n        <div class=\"o-grid\">\n            <div class=\"o-grid__col u-8\/12@md\" data-aos=\"none\"><h5 class=\"u-color-primary\">ViSoft Bad Planer Software<\/h5><h2>Vorteile der ViSoft Bad Planer Software auf einen Blick:<\/h2><\/div>\n        <\/div>\n    <\/div>\n<\/section>\n\n\n<section id=\"text__container-block_e42dc68367ab345b14cc95da851c0686\" class=\"text__container u-pt-x10 u-pb-x10 u-pt-x0@md u-pb-x10@md u-bgcolor-gray-light\">\n    <div class=\"o-container\">\n        <div class=\"o-grid o-grid--center\">\n                <article class=\"o-grid__col u-12\/12@md\" data-aos=\"none\">\n                    <ul>\n<li>Bilde Projekte Fotorealistisch ab, bevor sie entstehen<\/li>\n<li>Der Designer entwirft das Bad mit Lichteffekten, Schatten und realistischen Oberfl\u00e4chen<\/li>\n<li>3D Effekte werden automatisch berechnet und im Bad Planer dargestellt<\/li>\n<li>Kundenprojekte k\u00f6nnen schnell visualisiert und geplant werden<\/li>\n<li>Rendere Panoramen, Detail-Ansichten und sogar interaktive 3D-Panoramen f\u00fcr das Smartphone<\/li>\n<li>Intuitive Bedienung und verst\u00e4ndliche Funktionen erm\u00f6gliche eine schnelle Verwendung auch ohne Vorkenntnisse<\/li>\n<\/ul>\n\n                <\/article>\n        <\/div>\n    <\/div>\n<\/section>\n\n\n<section id=\"media-text__container-block_8530740a6b8713052510169a7abff49e\" class=\"media-text__container u-pt-x10 u-pb-x10 u-pt-x10@md u-pb-x10@md\">\n    <div class=\"o-container\">\n        <div class=\"o-grid o-grid--rev\">\n            <div class=\"o-grid__col u-6\/12@sm u-5\/12@md u-push-1\/12@md u-mb-x6 u-mb-x0@md u-offset--small\"><div class=\"m-slider\"><figure><img decoding=\"async\" src=\"https:\/\/www.megacad-schweiz.ch\/wp-content\/uploads\/2024\/10\/visoft-3d-premium-bad-planer-4-1024x623.jpg\" srcset=\"https:\/\/www.megacad-schweiz.ch\/wp-content\/uploads\/2024\/10\/visoft-3d-premium-bad-planer-4-1024x623.jpg 1024w, https:\/\/www.megacad-schweiz.ch\/wp-content\/uploads\/2024\/10\/visoft-3d-premium-bad-planer-4-300x183.jpg 300w, https:\/\/www.megacad-schweiz.ch\/wp-content\/uploads\/2024\/10\/visoft-3d-premium-bad-planer-4-768x467.jpg 768w, https:\/\/www.megacad-schweiz.ch\/wp-content\/uploads\/2024\/10\/visoft-3d-premium-bad-planer-4-640x389.jpg 640w, https:\/\/www.megacad-schweiz.ch\/wp-content\/uploads\/2024\/10\/visoft-3d-premium-bad-planer-4.jpg 1200w\" sizes=\"(max-width: 1024px) 100vw, 1024px\" alt=\"\" class=\"\" \/><\/figure><figure><img decoding=\"async\" src=\"https:\/\/www.megacad-schweiz.ch\/wp-content\/uploads\/2024\/10\/visoft-3d-premium-bad-planer-3-1024x625.jpg\" srcset=\"https:\/\/www.megacad-schweiz.ch\/wp-content\/uploads\/2024\/10\/visoft-3d-premium-bad-planer-3-1024x625.jpg 1024w, https:\/\/www.megacad-schweiz.ch\/wp-content\/uploads\/2024\/10\/visoft-3d-premium-bad-planer-3-300x183.jpg 300w, https:\/\/www.megacad-schweiz.ch\/wp-content\/uploads\/2024\/10\/visoft-3d-premium-bad-planer-3-768x468.jpg 768w, https:\/\/www.megacad-schweiz.ch\/wp-content\/uploads\/2024\/10\/visoft-3d-premium-bad-planer-3-640x390.jpg 640w, https:\/\/www.megacad-schweiz.ch\/wp-content\/uploads\/2024\/10\/visoft-3d-premium-bad-planer-3.jpg 1200w\" sizes=\"(max-width: 1024px) 100vw, 1024px\" alt=\"\" class=\"\" \/><\/figure><figure><img decoding=\"async\" src=\"https:\/\/www.megacad-schweiz.ch\/wp-content\/uploads\/2024\/10\/visoft-3d-premium-bad-planer-5-e1729713693140-1024x625.jpg\" srcset=\"https:\/\/www.megacad-schweiz.ch\/wp-content\/uploads\/2024\/10\/visoft-3d-premium-bad-planer-5-e1729713693140-1024x625.jpg 1024w, https:\/\/www.megacad-schweiz.ch\/wp-content\/uploads\/2024\/10\/visoft-3d-premium-bad-planer-5-e1729713693140-300x183.jpg 300w, https:\/\/www.megacad-schweiz.ch\/wp-content\/uploads\/2024\/10\/visoft-3d-premium-bad-planer-5-e1729713693140-768x468.jpg 768w, https:\/\/www.megacad-schweiz.ch\/wp-content\/uploads\/2024\/10\/visoft-3d-premium-bad-planer-5-e1729713693140-640x390.jpg 640w, https:\/\/www.megacad-schweiz.ch\/wp-content\/uploads\/2024\/10\/visoft-3d-premium-bad-planer-5-e1729713693140.jpg 1200w\" sizes=\"(max-width: 1024px) 100vw, 1024px\" alt=\"\" class=\"\" \/><\/figure><\/div>\n            <\/div>\n            <div class=\"o-grid__col u-6\/12@sm\" data-aos=\"none\">\n                <h5 class=\"u-color-primary\">Soft\u00adware-Komplett\u00adl\u00f6\u00adsung f\u00fcr den Fliesen- und Sani\u00adt\u00e4r\u00adprofi<\/h5>\n<h2>ViSoft Premium 3D<\/h2>\n<p><b>Planungs- und Visua\u00adli\u00adsie\u00adrungs\u00adpro\u00adgramm<\/b><\/p>\n<ul>\n<li>Intui\u00adtive Bedie\u00adnung<\/li>\n<li>Zahl\u00adreiche Planungs\u00adwerk\u00adzeuge<\/li>\n<li>Intel\u00adli\u00adgente Assi\u00adstenz\u00adfunk\u00adtionen<\/li>\n<li>Effi\u00adzi\u00adente Seiten\u00adbrowser<\/li>\n<li>Schnapp\u00adfunk\u00adtionen<\/li>\n<li>Auto\u00adma\u00adti\u00adsche Belich\u00adtung<\/li>\n<li>Ausgabe von exakten Verle\u00adge\u00adpl\u00e4nen, beprei\u00adsten St\u00fcck\u00adli\u00adsten und genauem Mate\u00adri\u00adal\u00adbe\u00addarf<\/li>\n<\/ul>\n<p><b>Profes\u00adsio\u00adnelle Badpla\u00adnung<\/b><\/p>\n<ul>\n<li>Gr\u00f6sste Flie\u00adsen\u00adda\u00adten\u00adbank der Welt<\/li>\n<li>Sani\u00adt\u00e4r\u00adda\u00adten\u00adbank mit allen f\u00fchrenden Herstel\u00adlern<\/li>\n<li>Mate\u00adria\u00adlien und 3D-Deko-Objekte, die das Bad einzig\u00adartig machen<\/li>\n<\/ul>\n<p><b>Testversion<\/b><\/p>\n<ul>\n<li>15 Tage testen<\/li>\n<li>kostenlos und unver\u00adbind\u00adlich<\/li>\n<li>Voll\u00adver\u00adsion<\/li>\n<\/ul>\n\n            <\/div>\n        <\/div>\n    <\/div>\n<\/section>\n\n\n<section id=\"media-text__container-block_7274530e7034fd2682d8280d912cc524\" class=\"media-text__container u-pt-x10 u-pb-x10 u-pt-x10@md u-pb-x20@md u-bgcolor-gray-light\">\n    <div class=\"o-container\">\n        <div class=\"o-grid o-grid--rev o-grid--middle\">\n            <div class=\"o-grid__col u-6\/12@sm u-5\/12@md u-push-1\/12@md u-mb-x6 u-mb-x0@md u-offset--small\"><div class=\"m-slider\"><figure><img loading=\"lazy\" decoding=\"async\" src=\"https:\/\/www.megacad-schweiz.ch\/wp-content\/uploads\/2024\/10\/visoft-3d-photo-tuning-bad-planer-6.jpg\" alt=\"\" class=\"\" width=\"1001\" height=\"1001\" \/><\/figure><figure><img loading=\"lazy\" decoding=\"async\" src=\"https:\/\/www.megacad-schweiz.ch\/wp-content\/uploads\/2024\/10\/visoft-3d-photo-tuning-bad-planer-5.jpg\" alt=\"\" class=\"\" width=\"1000\" height=\"999\" \/><\/figure><figure><img loading=\"lazy\" decoding=\"async\" src=\"https:\/\/www.megacad-schweiz.ch\/wp-content\/uploads\/2024\/10\/visoft-3d-photo-tuning-bad-planer-4.jpg\" alt=\"\" class=\"\" width=\"1000\" height=\"994\" \/><\/figure><figure><img loading=\"lazy\" decoding=\"async\" src=\"https:\/\/www.megacad-schweiz.ch\/wp-content\/uploads\/2024\/10\/visoft-3d-photo-tuning-bad-planer-3.jpg\" alt=\"\" class=\"\" width=\"1004\" height=\"1005\" \/><\/figure><figure><img loading=\"lazy\" decoding=\"async\" src=\"https:\/\/www.megacad-schweiz.ch\/wp-content\/uploads\/2024\/10\/visoft-3d-photo-tuning-bad-planer-2.jpg\" alt=\"\" class=\"\" width=\"1003\" height=\"1001\" \/><\/figure><figure><img loading=\"lazy\" decoding=\"async\" src=\"https:\/\/www.megacad-schweiz.ch\/wp-content\/uploads\/2024\/10\/visoft-3d-photo-tuning-bad-planer-1.jpg\" alt=\"\" class=\"\" width=\"1002\" height=\"1001\" \/><\/figure><\/div>\n            <\/div>\n            <div class=\"o-grid__col u-6\/12@sm\" data-aos=\"none\">\n                <h5 class=\"u-color-primary\">Visua\u00adli\u00adsie\u00adrungs\u00admo\u00addule f\u00fcr digi\u00adtales und virtu\u00adelles Pr\u00e4sen\u00adtieren<\/h5>\n<h2>ViSoft Photo Tuning<\/h2>\n<p><b>Rende\u00adring auf h\u00f6ch\u00adstem Niveau<\/b><\/p>\n<ul>\n<li>Rende\u00adring-Modul f\u00fcr lebens\u00adechte Bilder: Gesto\u00adchen scharf und atmo\u00adsph\u00e4\u00adrisch<\/li>\n<li>Verschie\u00addene Licht\u00adein\u00adstel\u00adlungen<\/li>\n<li>Unter\u00adschied\u00adliche Leucht\u00admittel<\/li>\n<li>Render cluster<\/li>\n<\/ul>\n<p>Als w\u00e4re es ein Foto aus der Zukunft: Photo Tuning bringt mit weichem Licht und zarten Schatten faszi\u00adnie\u00adrend viel Atmo\u00adsph\u00e4re und Emotion auf Papier oder Monitor. Das Visua\u00adli\u00adsie\u00adrungs-Modul Photo Tuning funk\u00adtio\u00adniert ganz einfach: Schon mit wenigen Einstel\u00adlungen ist die Qualit\u00e4t des Rende\u00adrings fest\u00adge\u00adlegt, f\u00fcr ein erstes absolut foto\u00adrea\u00adli\u00adsti\u00adsches und hoch\u00adauf\u00adge\u00adl\u00f6\u00adstes Ergebnis braucht es nur wenige Minuten.<\/p>\n\n            <\/div>\n        <\/div>\n    <\/div>\n<\/section>\n\n\n<section id=\"teaser__container-block_39bbdc670505e060ef313449e7b5fbb2\" class=\"teaser__container u-pt-x10 u-pb-x10 u-pt-x20@md u-pb-x20@md\">\n    <div class=\"o-container\">\n        <div class=\"o-grid\">\n                    <div class=\"o-grid__col u-mv-x3 u-mv-x5@sm u-6\/12@sm\" data-aos=\"none\">\n                    \n                        <figure class=\"u-relative u-full--height u-flex u-fd-col u-ai-start\">\n                            <img loading=\"lazy\" decoding=\"async\" src=\"https:\/\/www.megacad-schweiz.ch\/wp-content\/uploads\/2024\/10\/roman-hegglin.jpeg\" alt=\"\" class=\"\" width=\"400\" height=\"300\" \/>\n                            <figcaption class=\"u-flex u-fd-col u-ai-start u-full--height u-mt-x3 u-mt-x5@sm\"><h4>Angebot anfragen<\/h4>\n<p>Gerne gehen wir in einer unverbindlichen Pr\u00e4sentation unserer CAD-L\u00f6sungen auf Deine Ziele, die f\u00fcr Dich relevanten Funktionen und alle weiteren Fragen ein, um Dir zu zeigen, wie Du mithilfe von Bausoft Deine Planungsprozesse optimieren kannst.<\/p>\n<div class=\"u-mt-auto\"><a href=\"https:\/\/www.megacad-schweiz.ch\/angebot\/\" class=\"c-btn c-btn__primary u-mt-x3\" target=\"_self\">Angebot anfragen<\/a><\/div><\/figcaption>\n                        <\/figure>\n                        \n                    <\/div>\n                    <div class=\"o-grid__col u-mv-x3 u-mv-x5@sm u-6\/12@sm\" data-aos=\"none\">\n                    \n                        <figure class=\"u-relative u-full--height u-flex u-fd-col u-ai-start\">\n                            <img loading=\"lazy\" decoding=\"async\" src=\"https:\/\/www.megacad-schweiz.ch\/wp-content\/uploads\/2024\/10\/petra-reichmuth.jpeg\" alt=\"\" class=\"\" width=\"400\" height=\"300\" \/>\n                            <figcaption class=\"u-flex u-fd-col u-ai-start u-full--height u-mt-x3 u-mt-x5@sm\"><h4>1:1 Online-Pr\u00e4sentation<\/h4>\n<p>Software vom Planer f\u00fcr den Planer: Vereinbare eine 1:1 Online-Pr\u00e4sentation (60 Minuten exklusiv f\u00fcr Dich) und erfahre, wie die Bausoft CAD Software Dein Unternehmen auf dem Weg zum Erfolg weiter unterst\u00fctzen kann. Vereinbare jetzt einen Pr\u00e4sentations-Termin!<\/p>\n<div class=\"u-mt-auto\"><a href=\"https:\/\/www.megacad-schweiz.ch\/praesentation\/\" class=\"c-btn c-btn__primary u-mt-x3\" target=\"_self\">Termin vereinbaren<\/a><\/div><\/figcaption>\n                        <\/figure>\n                        \n                    <\/div>\n        <\/div>\n    <\/div>\n<\/section>","protected":false},"excerpt":{"rendered":"","protected":false},"author":14,"featured_media":0,"parent":0,"menu_order":29,"comment_status":"closed","ping_status":"closed","template":"","meta":{"_acf_changed":false,"footnotes":""},"class_list":["post-8217","page","type-page","status-publish","hentry"],"acf":[],"_links":{"self":[{"href":"https:\/\/www.megacad-schweiz.ch\/de\/wp-json\/wp\/v2\/pages\/8217","targetHints":{"allow":["GET"]}}],"collection":[{"href":"https:\/\/www.megacad-schweiz.ch\/de\/wp-json\/wp\/v2\/pages"}],"about":[{"href":"https:\/\/www.megacad-schweiz.ch\/de\/wp-json\/wp\/v2\/types\/page"}],"author":[{"embeddable":true,"href":"https:\/\/www.megacad-schweiz.ch\/de\/wp-json\/wp\/v2\/users\/14"}],"replies":[{"embeddable":true,"href":"https:\/\/www.megacad-schweiz.ch\/de\/wp-json\/wp\/v2\/comments?post=8217"}],"version-history":[{"count":16,"href":"https:\/\/www.megacad-schweiz.ch\/de\/wp-json\/wp\/v2\/pages\/8217\/revisions"}],"predecessor-version":[{"id":9679,"href":"https:\/\/www.megacad-schweiz.ch\/de\/wp-json\/wp\/v2\/pages\/8217\/revisions\/9679"}],"wp:attachment":[{"href":"https:\/\/www.megacad-schweiz.ch\/de\/wp-json\/wp\/v2\/media?parent=8217"}],"curies":[{"name":"wp","href":"https:\/\/api.w.org\/{rel}","templated":true}]}}