{"id":8215,"date":"2024-10-21T09:46:58","date_gmt":"2024-10-21T09:46:58","guid":{"rendered":"https:\/\/p-x47nuh.project.space\/?page_id=8215"},"modified":"2024-12-17T10:28:08","modified_gmt":"2024-12-17T10:28:08","slug":"cad-spengler-software","status":"publish","type":"page","link":"https:\/\/www.megacad-schweiz.ch\/de\/cad-spengler-software\/","title":{"rendered":"Spengler"},"content":{"rendered":"\n<section id=\"hero__container-block_1189155f6cc1a0d417f58ca91ace1ca5\" class=\"hero__container u-overlay__gradient--blue u-relative\">\n    <img loading=\"lazy\" decoding=\"async\" src=\"https:\/\/www.megacad-schweiz.ch\/wp-content\/uploads\/2024\/10\/frontpage-header-bg.png\" alt=\"\" class=\"u-image--cover u-absolute\" width=\"1303\" height=\"811\" \/>\n    <div class=\"o-container u-relative u-index--1 u-pt-x10 u-pb-x10 u-pt-x20@md u-pb-x20@md\">\n        <div class=\"o-grid o-grid--rev o-grid--middle\">\n            <figure class=\"o-grid__col u-6\/12@sm u-offset--y@md\"><img loading=\"lazy\" decoding=\"async\" src=\"https:\/\/www.megacad-schweiz.ch\/wp-content\/uploads\/2024\/10\/cad-gebaeudetechnik-software-spengler.svg\" alt=\"\" class=\" -parallax__hero\" width=\"415\" height=\"258\" \/><\/figure>\n            <div class=\"o-grid__col u-6\/12@sm u-color-white u-mt-x6 u-mt-x0@sm\" data-aos=\"none\">\n                <h1 class=\"h2\">CAD Spengler<br \/>\nSoftware<\/h1>\n<h4>Bausoft CAD Spengler Software l\u00f6st deine Herausforderungen bei der Blechabwicklung und Planung von Fl\u00e4chen.<\/h4>\n<h4>Unsere Module visualisieren und automatisieren h\u00e4ufige Spengler Prozesse.<\/h4>\n<p><a class=\"c-btn c-btn__primary u-mt-x3\" href=\"https:\/\/www.megacad-schweiz.ch\/angebot\/\">Jetzt Angebot einholen<\/a> <a class=\"c-link c-link--arrow\" href=\"https:\/\/www.megacad-schweiz.ch\/praesentation\/\">Online Pr\u00e4sentation<\/a><\/p>\n\n            <\/div>\n        <\/div>\n    <\/div>\n<\/section>\n\n\n<section id=\"headline__container-block_d7529a01d8c79dd39a5eae72116efca1\" class=\"headline__container u-pt-x10 u-pb-x10 u-pt-x20@md u-pb-x0@md u-bgcolor-gray-light\">\n    <div class=\"o-container\">\n        <div class=\"o-grid\">\n            <div class=\"o-grid__col u-8\/12@md\" data-aos=\"none\"><h5 class=\"u-color-primary\">Bausoft CAD Spengler Software<\/h5><h2>Vorteile unserer Spengler-Software auf einen Blick:<\/h2><\/div>\n        <\/div>\n    <\/div>\n<\/section>\n\n\n<section id=\"text__container-block_873eceb61ac70c628e0a13a7635be87a\" class=\"text__container u-pt-x10 u-pb-x10 u-pt-x0@md u-pb-x10@md u-bgcolor-gray-light\">\n    <div class=\"o-container\">\n        <div class=\"o-grid o-grid--center\">\n                <article class=\"o-grid__col u-12\/12@md\" data-aos=\"none\">\n                    <ul>\n<li>Automatisierte Fl\u00e4chenerfassung und Visualisierung<\/li>\n<li>Automatische farbige Darstellung und Beschriftung von aufge\u00adteilten Dachfl\u00e4chen<\/li>\n<li>Berechnung von Fl\u00e4che, Umfang, Regenwasseranfall und Notentw\u00e4sserungsleistung<\/li>\n<li>Alles in einem Tool: vom Design bis zur fertigen Zeichnung<\/li>\n<li>Einfache Verwaltung von Plan- und Medienstrukturen<\/li>\n<li>Umfangreiche Beschriftungsbibliothek f\u00fcr zeitsparende Planung<\/li>\n<\/ul>\n\n                <\/article>\n        <\/div>\n    <\/div>\n<\/section>\n\n\n<section id=\"headline__container-block_f44d8b892510498e07cf47254dc828cd\" class=\"headline__container u-pt-x10 u-pb-x5 u-pt-x15@md u-pb-x0@md\">\n    <div class=\"o-container\">\n        <div class=\"o-grid o-grid--center\">\n            <div class=\"o-grid__col u-12\/12@md\" data-aos=\"none\"><h5 class=\"u-color-primary\">Bausoft Spengler Software<\/h5><h2>Unsere L\u00f6sungen im Detail<\/h2><\/div>\n        <\/div>\n    <\/div>\n<\/section>\n\n\n<section id=\"teaser__container-block_cc29f9fbc5a66746f840af31024a97e5\" class=\"teaser__container u-pt-x0 u-pb-x10 u-pt-x10@md u-pb-x10@md\">\n    <div class=\"o-container\">\n        <div class=\"o-grid\">\n                    <div class=\"o-grid__col u-mv-x3 u-mv-x5@sm u-6\/12@sm u-4\/12@md\" data-aos=\"none\">\n                    \n                        <figure class=\"u-relative u-full--height u-flex u-fd-col u-ai-start\">\n                            <img decoding=\"async\" src=\"https:\/\/www.megacad-schweiz.ch\/wp-content\/uploads\/2024\/10\/cad-flaechen-dispo-480x320.png\" srcset=\"https:\/\/www.megacad-schweiz.ch\/wp-content\/uploads\/2024\/10\/cad-flaechen-dispo-480x320.png 480w, https:\/\/www.megacad-schweiz.ch\/wp-content\/uploads\/2024\/10\/cad-flaechen-dispo-640x427.png 640w\" sizes=\"(max-width: 480px) 100vw, 480px\" alt=\"\" class=\"\" \/>\n                            <figcaption class=\"u-flex u-fd-col u-ai-start u-full--height u-mt-x3 u-mt-x5@sm\"><h4>CAD-Fl\u00e4chenDispo<\/h4>\n<p>Fl\u00e4chen erfassen, dispo\u00adnieren, visua\u00adli\u00adsieren und auswerten. Mit dem Modul Fl\u00e4chen\u00adDispo greift der Anwender die Dach\u00adfl\u00e4\u00adchen vom Origi\u00adnal\u00adplan des Archi\u00adtekten ab und \u00fcber ein Dialog\u00adfen\u00adster wird die Regen\u00adin\u00adten\u00adsit\u00e4t, sowie der Abfluss\u00adbei\u00adwert bestimmt. Das Programm ermit\u00adtelt die Fl\u00e4che, den Umfang, den Regen\u00adwas\u00adser\u00adan\u00adfall und die Abfluss\u00adlei\u00adstung der Notent\u00adw\u00e4s\u00adse\u00adrung. Die farb\u00adliche Darstel\u00adlung und die Beschrif\u00adtung der aufge\u00adteilten Dach\u00adfl\u00e4\u00adchen werden bei \u00c4nde\u00adrungen auto\u00adma\u00adtisch nach\u00adge\u00adtragen. Die Resul\u00adtate der Planung werden in einer detail\u00adlierten Excel-Tabelle zusam\u00admen\u00adge\u00adtragen.<\/p>\n<\/figcaption>\n                        <\/figure>\n                        \n                    <\/div>\n                    <div class=\"o-grid__col u-mv-x3 u-mv-x5@sm u-6\/12@sm u-4\/12@md\" data-aos=\"none\">\n                    \n                        <figure class=\"u-relative u-full--height u-flex u-fd-col u-ai-start\">\n                            <img decoding=\"async\" src=\"https:\/\/www.megacad-schweiz.ch\/wp-content\/uploads\/2024\/10\/cad-blechabwicklung-1-480x320.png\" srcset=\"https:\/\/www.megacad-schweiz.ch\/wp-content\/uploads\/2024\/10\/cad-blechabwicklung-1-480x320.png 480w, https:\/\/www.megacad-schweiz.ch\/wp-content\/uploads\/2024\/10\/cad-blechabwicklung-1-640x427.png 640w\" sizes=\"(max-width: 480px) 100vw, 480px\" alt=\"\" class=\"\" \/>\n                            <figcaption class=\"u-flex u-fd-col u-ai-start u-full--height u-mt-x3 u-mt-x5@sm\"><h4>CAD-Blechabwicklung<\/h4>\n<p>Alle nur denk\u00adbaren Formen von Blech\u00adkon\u00adstruk\u00adtionen f\u00fcr den Bau\u00adspengler. Blech\u00adkon\u00adstruk\u00adtionen sind immer wieder eine Heraus\u00adfor\u00adde\u00adrung. Haus\u00adtech CAD Unfold unter\u00adst\u00fctzt den kompletten Herstel\u00adlungs\u00adpro\u00adzess vom Design des Blech\u00adk\u00f6r\u00adpers \u00fcber die auto\u00adma\u00adti\u00adsche Abwick\u00adlung der Bleche bis hin zur Ferti\u00adgungs\u00adzeich\u00adnung.<\/p>\n<p>Mit der direkten Schnittstelle zu Laser- und Plasmaschneidmaschinen macht es das Modul einfach, die gew\u00fcnschten Formen in der Werkstatt zu fertigen.<\/p>\n<\/figcaption>\n                        <\/figure>\n                        \n                    <\/div>\n        <\/div>\n    <\/div>\n<\/section>\n\n\n<section id=\"headline__container-block_e55c9d668fc8758a02c34383c9759710\" class=\"headline__container u-pt-x10 u-pb-x5 u-pt-x15@md u-pb-x0@md u-bgcolor-gray-light\">\n    <div class=\"o-container\">\n        <div class=\"o-grid o-grid--center\">\n            <div class=\"o-grid__col u-12\/12@md\" data-aos=\"none\"><h3>Spengler CAD Software Module<\/h3><\/div>\n        <\/div>\n    <\/div>\n<\/section>\n\n\n<section id=\"teaser__container-block_c9ece02446df955b38d2d33dc0f58059\" class=\"teaser__container u-pt-x0 u-pb-x10 u-pt-x10@md u-pb-x10@md u-bgcolor-gray-light\">\n    <div class=\"o-container\">\n        <div class=\"o-grid\">\n                    <div class=\"o-grid__col u-mv-x3 u-mv-x5@sm u-6\/12@sm u-4\/12@md\" data-aos=\"none\">\n                    \n                        <figure class=\"u-relative u-full--height u-flex u-fd-col u-ai-start\">\n                            <img decoding=\"async\" src=\"https:\/\/www.megacad-schweiz.ch\/wp-content\/uploads\/2024\/10\/cad-commander-referenzmanager-e1732013616894-480x320.jpg\" srcset=\"https:\/\/www.megacad-schweiz.ch\/wp-content\/uploads\/2024\/10\/cad-commander-referenzmanager-e1732013616894-480x320.jpg 480w, https:\/\/www.megacad-schweiz.ch\/wp-content\/uploads\/2024\/10\/cad-commander-referenzmanager-e1732013616894-300x200.jpg 300w, https:\/\/www.megacad-schweiz.ch\/wp-content\/uploads\/2024\/10\/cad-commander-referenzmanager-e1732013616894-640x427.jpg 640w, https:\/\/www.megacad-schweiz.ch\/wp-content\/uploads\/2024\/10\/cad-commander-referenzmanager-e1732013616894.jpg 651w\" sizes=\"(max-width: 480px) 100vw, 480px\" alt=\"\" class=\"\" \/>\n                            <figcaption class=\"u-flex u-fd-col u-ai-start u-full--height u-mt-x3 u-mt-x5@sm\"><h4>CAD-Commander\/ Referenzmanager<\/h4>\n<p>Plan- und Medi\u00aden\u00adstruk\u00adturen einfach verwalten. F\u00fcge komfor\u00adtabel externe Zeich\u00adnungen in die Planung hinzu. Zur besseren \u00dcber\u00adsicht werden diese Refe\u00adrenzen einfach einge\u00adf\u00e4rbt. Die Eigen\u00adschaften und Darstel\u00adlung von Gewerken und Medien werden im CAD-Commander \u00fcber\u00adsicht\u00adlich verwaltet. Die sichere L\u00f6sung f\u00fcr die Zusam\u00admen\u00adar\u00adbeit und den Infor\u00adma\u00adti\u00adons\u00adaus\u00adtausch in Projekt\u00adteams.<\/p>\n<\/figcaption>\n                        <\/figure>\n                        \n                    <\/div>\n                    <div class=\"o-grid__col u-mv-x3 u-mv-x5@sm u-6\/12@sm u-4\/12@md\" data-aos=\"none\">\n                    \n                        <figure class=\"u-relative u-full--height u-flex u-fd-col u-ai-start\">\n                            <img decoding=\"async\" src=\"https:\/\/www.megacad-schweiz.ch\/wp-content\/uploads\/2024\/10\/cad-beschriftung-spengler-480x320.png\" srcset=\"https:\/\/www.megacad-schweiz.ch\/wp-content\/uploads\/2024\/10\/cad-beschriftung-spengler-480x320.png 480w, https:\/\/www.megacad-schweiz.ch\/wp-content\/uploads\/2024\/10\/cad-beschriftung-spengler-640x427.png 640w\" sizes=\"(max-width: 480px) 100vw, 480px\" alt=\"\" class=\"\" \/>\n                            <figcaption class=\"u-flex u-fd-col u-ai-start u-full--height u-mt-x3 u-mt-x5@sm\"><h4>CAD-Beschriftung<\/h4>\n<p>Die effi\u00adzi\u00adente Beschrif\u00adtung f\u00fcr die Haus\u00adtechnik. Das schnelle Beschrif\u00adtungs\u00admodul mit erwei\u00adter\u00adbarer Text\u00adda\u00adten\u00adbank f\u00fcr die Leitungs\u00adbe\u00adschrif\u00adtung und Appa\u00adra\u00adte\u00adle\u00adgenden. Eine umfang\u00adreiche Biblio\u00adthek spart Zeit in der Planung. Die bestehende Text\u00adbi\u00adblio\u00adthek kann indi\u00advi\u00adduell ge\u00e4n\u00addert und erwei\u00adtert werden.<\/p>\n<\/figcaption>\n                        <\/figure>\n                        \n                    <\/div>\n        <\/div>\n    <\/div>\n<\/section>\n\n\n<section id=\"teaser__container-block_3b02e5f4ffec5ae28183efee77ad414b\" class=\"teaser__container u-pt-x10 u-pb-x10 u-pt-x20@md u-pb-x20@md\">\n    <div class=\"o-container\">\n        <div class=\"o-grid\">\n                    <div class=\"o-grid__col u-mv-x3 u-mv-x5@sm u-6\/12@sm\" data-aos=\"none\">\n                    \n                        <figure class=\"u-relative u-full--height u-flex u-fd-col u-ai-start\">\n                            <img loading=\"lazy\" decoding=\"async\" src=\"https:\/\/www.megacad-schweiz.ch\/wp-content\/uploads\/2024\/10\/roman-hegglin.jpeg\" alt=\"\" class=\"\" width=\"400\" height=\"300\" \/>\n                            <figcaption class=\"u-flex u-fd-col u-ai-start u-full--height u-mt-x3 u-mt-x5@sm\"><h4>Angebot anfragen<\/h4>\n<p>Gerne gehen wir in einer unverbindlichen Pr\u00e4sentation unserer CAD-L\u00f6sungen auf Deine Ziele, die f\u00fcr Dich relevanten Funktionen und alle weiteren Fragen ein, um Dir zu zeigen, wie Du mithilfe von Bausoft Deine Planungsprozesse optimieren kannst.<\/p>\n<div class=\"u-mt-auto\"><a href=\"https:\/\/www.megacad-schweiz.ch\/angebot\/\" class=\"c-btn c-btn__primary u-mt-x3\" target=\"_self\">Angebot anfragen<\/a><\/div><\/figcaption>\n                        <\/figure>\n                        \n                    <\/div>\n                    <div class=\"o-grid__col u-mv-x3 u-mv-x5@sm u-6\/12@sm\" data-aos=\"none\">\n                    \n                        <figure class=\"u-relative u-full--height u-flex u-fd-col u-ai-start\">\n                            <img loading=\"lazy\" decoding=\"async\" src=\"https:\/\/www.megacad-schweiz.ch\/wp-content\/uploads\/2024\/10\/petra-reichmuth.jpeg\" alt=\"\" class=\"\" width=\"400\" height=\"300\" \/>\n                            <figcaption class=\"u-flex u-fd-col u-ai-start u-full--height u-mt-x3 u-mt-x5@sm\"><h4>1:1 Online-Pr\u00e4sentation<\/h4>\n<p>Software vom Planer f\u00fcr den Planer: Vereinbare eine 1:1 Online-Pr\u00e4sentation (60 Minuten exklusiv f\u00fcr Dich) und erfahre, wie die Bausoft CAD Software Dein Unternehmen auf dem Weg zum Erfolg weiter unterst\u00fctzen kann. Vereinbare jetzt einen Pr\u00e4sentations-Termin!<\/p>\n<div class=\"u-mt-auto\"><a href=\"https:\/\/www.megacad-schweiz.ch\/praesentation\/\" class=\"c-btn c-btn__primary u-mt-x3\" target=\"_self\">Termin vereinbaren<\/a><\/div><\/figcaption>\n                        <\/figure>\n                        \n                    <\/div>\n        <\/div>\n    <\/div>\n<\/section>","protected":false},"excerpt":{"rendered":"","protected":false},"author":14,"featured_media":0,"parent":0,"menu_order":27,"comment_status":"closed","ping_status":"closed","template":"","meta":{"_acf_changed":false,"footnotes":""},"class_list":["post-8215","page","type-page","status-publish","hentry"],"acf":[],"_links":{"self":[{"href":"https:\/\/www.megacad-schweiz.ch\/de\/wp-json\/wp\/v2\/pages\/8215","targetHints":{"allow":["GET"]}}],"collection":[{"href":"https:\/\/www.megacad-schweiz.ch\/de\/wp-json\/wp\/v2\/pages"}],"about":[{"href":"https:\/\/www.megacad-schweiz.ch\/de\/wp-json\/wp\/v2\/types\/page"}],"author":[{"embeddable":true,"href":"https:\/\/www.megacad-schweiz.ch\/de\/wp-json\/wp\/v2\/users\/14"}],"replies":[{"embeddable":true,"href":"https:\/\/www.megacad-schweiz.ch\/de\/wp-json\/wp\/v2\/comments?post=8215"}],"version-history":[{"count":12,"href":"https:\/\/www.megacad-schweiz.ch\/de\/wp-json\/wp\/v2\/pages\/8215\/revisions"}],"predecessor-version":[{"id":9682,"href":"https:\/\/www.megacad-schweiz.ch\/de\/wp-json\/wp\/v2\/pages\/8215\/revisions\/9682"}],"wp:attachment":[{"href":"https:\/\/www.megacad-schweiz.ch\/de\/wp-json\/wp\/v2\/media?parent=8215"}],"curies":[{"name":"wp","href":"https:\/\/api.w.org\/{rel}","templated":true}]}}