{"id":8211,"date":"2024-10-21T09:37:34","date_gmt":"2024-10-21T09:37:34","guid":{"rendered":"https:\/\/p-x47nuh.project.space\/?page_id=8211"},"modified":"2024-12-17T10:27:44","modified_gmt":"2024-12-17T10:27:44","slug":"cad-lueftungsplanung","status":"publish","type":"page","link":"https:\/\/www.megacad-schweiz.ch\/de\/cad-lueftungsplanung\/","title":{"rendered":"L\u00fcftung"},"content":{"rendered":"\n<section id=\"hero__container-block_567ce12e0c35a610ca345768896fef6f\" class=\"hero__container u-overlay__gradient--blue u-relative\">\n    <img loading=\"lazy\" decoding=\"async\" src=\"https:\/\/www.megacad-schweiz.ch\/wp-content\/uploads\/2024\/10\/bim-gebaeudetechnik-1.jpg\" alt=\"\" class=\"u-image--cover u-absolute\" width=\"1454\" height=\"1011\" \/>\n    <div class=\"o-container u-relative u-index--1 u-pt-x10 u-pb-x10 u-pt-x20@md u-pb-x20@md\">\n        <div class=\"o-grid o-grid--rev o-grid--middle\">\n            <figure class=\"o-grid__col u-6\/12@sm u-offset--y@md\"><img loading=\"lazy\" decoding=\"async\" src=\"https:\/\/www.megacad-schweiz.ch\/wp-content\/uploads\/2024\/10\/cad-gebaeudetechnik-software-lueftung.svg\" alt=\"\" class=\" -parallax__hero\" width=\"415\" height=\"258\" \/><\/figure>\n            <div class=\"o-grid__col u-6\/12@sm u-color-white u-mt-x6 u-mt-x0@sm\" data-aos=\"none\">\n                <h1 class=\"h2\">CAD Software f\u00fcr<br \/>\nL\u00fcftungsplanung<\/h1>\n<h4>Bausoft L\u00fcftungsplanung Software adressiert die Besonderheiten bei der Planung von Rohr- und Entw\u00e4sserungssystemen.<\/h4>\n<h4>Die modulare L\u00f6sung mit durchdachten Funktionen und anwenderorientierten 2D und 3D Ansichten.<\/h4>\n<p><a class=\"c-btn c-btn__primary u-mt-x3\" href=\"https:\/\/www.megacad-schweiz.ch\/angebot\/\">Jetzt Angebot einholen<\/a> <a class=\"c-link c-link--arrow\" href=\"https:\/\/www.megacad-schweiz.ch\/praesentation\/\">Online Pr\u00e4sentation<\/a><\/p>\n\n            <\/div>\n        <\/div>\n    <\/div>\n<\/section>\n\n\n<section id=\"headline__container-block_0f0f81e0edb1657e8fe7c3b34d521e66\" class=\"headline__container u-pt-x10 u-pb-x5 u-pt-x20@md u-pb-x0@md u-bgcolor-gray-light\">\n    <div class=\"o-container\">\n        <div class=\"o-grid\">\n            <div class=\"o-grid__col u-8\/12@md\" data-aos=\"none\"><h5 class=\"u-color-primary\">Bausoft CAD L\u00fcftungsplanung Software<\/h5><h2>Vorteile unserer L\u00fcftungsplanung-Software auf einen Blick:<\/h2><\/div>\n        <\/div>\n    <\/div>\n<\/section>\n\n\n<section id=\"text__container-block_63617c9791b561d6aa01fa6e14c14dd3\" class=\"text__container u-pt-x0 u-pb-x10 u-pt-x0@md u-pb-x10@md u-bgcolor-gray-light\">\n    <div class=\"o-container\">\n        <div class=\"o-grid o-grid--center\">\n                <article class=\"o-grid__col u-12\/12@md\" data-aos=\"none\">\n                    <ul>\n<li>L\u00fcftungsanlagen in 2D konstruieren und realit\u00e4tsnah im 3D-Modell visualisieren<\/li>\n<li>Zeitsparende Verbindungen zwischen Geh\u00e4use und Verteilerkasten mit automatischer Materiallistenerstellung<\/li>\n<li>Pr\u00e4zises und schnelles Zeichnen von Kanal- und Rohrsystemen<\/li>\n<li>Integrierte Beschriftungs- und Materiallistenfunktionen f\u00fcr einen optimierten Arbeitsablauf<\/li>\n<li>Selbsterkl\u00e4rend und intuitiv<\/li>\n<li>Planung mit realen Bauteilen, die optimal f\u00fcr den jeweiligen Einsatz ausgelegt sind<\/li>\n<\/ul>\n\n                <\/article>\n        <\/div>\n    <\/div>\n<\/section>\n\n\n<section id=\"headline__container-block_5cd9b74aa6136d33b20f6634d4b3221b\" class=\"headline__container u-pt-x10 u-pb-x5 u-pt-x15@md u-pb-x0@md\">\n    <div class=\"o-container\">\n        <div class=\"o-grid o-grid--center\">\n            <div class=\"o-grid__col u-12\/12@md\" data-aos=\"none\"><h5 class=\"u-color-primary\">Bausoft L\u00fcftungsplanung Software<\/h5><h2>Unsere L\u00f6sungen im Detail<\/h2><\/div>\n        <\/div>\n    <\/div>\n<\/section>\n\n\n<section id=\"teaser__container-block_31f86023e3e894681705a267a859da91\" class=\"teaser__container u-pt-x0 u-pb-x10 u-pt-x10@md u-pb-x10@md\">\n    <div class=\"o-container\">\n        <div class=\"o-grid\">\n                    <div class=\"o-grid__col u-mv-x3 u-mv-x5@sm u-6\/12@sm u-4\/12@md\" data-aos=\"none\">\n                    \n                        <figure class=\"u-relative u-full--height u-flex u-fd-col u-ai-start\">\n                            <img decoding=\"async\" src=\"https:\/\/www.megacad-schweiz.ch\/wp-content\/uploads\/2024\/10\/cad-lueftung-3d-480x320.jpg\" srcset=\"https:\/\/www.megacad-schweiz.ch\/wp-content\/uploads\/2024\/10\/cad-lueftung-3d-480x320.jpg 480w, https:\/\/www.megacad-schweiz.ch\/wp-content\/uploads\/2024\/10\/cad-lueftung-3d-640x427.jpg 640w\" sizes=\"(max-width: 480px) 100vw, 480px\" alt=\"\" class=\"\" \/>\n                            <figcaption class=\"u-flex u-fd-col u-ai-start u-full--height u-mt-x3 u-mt-x5@sm\"><h4>CAD-L\u00fcftung 3D<\/h4>\n<p>Das perfekte Planungs\u00adwerk\u00adzeug f\u00fcr Deine L\u00fcftungs\u00adpro\u00adjekte. Die Idee war, ein L\u00fcftungs\u00adpaket zu entwickeln, das mit leichter Bedien\u00adbar\u00adkeit auch wenig routi\u00adnierte Anwender begei\u00adstert und mit intel\u00adli\u00adgenter Einga\u00adbe\u00adtechnik 2D- und 3D-L\u00fcftungs\u00adan\u00adlagen effi\u00adzient und zeit\u00adspa\u00adrend erstellt. Dies ist gelungen und macht das Bausoft-L\u00fcftungs\u00adpaket zum leistungs\u00adstarken Produkt f\u00fcr die profes\u00adsio\u00adnelle L\u00fcftungs\u00adpla\u00adnung.<\/p>\n<\/figcaption>\n                        <\/figure>\n                        \n                    <\/div>\n                    <div class=\"o-grid__col u-mv-x3 u-mv-x5@sm u-6\/12@sm u-4\/12@md\" data-aos=\"none\">\n                    \n                        <figure class=\"u-relative u-full--height u-flex u-fd-col u-ai-start\">\n                            <img decoding=\"async\" src=\"https:\/\/www.megacad-schweiz.ch\/wp-content\/uploads\/2024\/10\/cad-planbau-3d-software-480x320.jpg\" srcset=\"https:\/\/www.megacad-schweiz.ch\/wp-content\/uploads\/2024\/10\/cad-planbau-3d-software-480x320.jpg 480w, https:\/\/www.megacad-schweiz.ch\/wp-content\/uploads\/2024\/10\/cad-planbau-3d-software-640x427.jpg 640w\" sizes=\"(max-width: 480px) 100vw, 480px\" alt=\"\" class=\"\" \/>\n                            <figcaption class=\"u-flex u-fd-col u-ai-start u-full--height u-mt-x3 u-mt-x5@sm\"><h4>CAD-PlanBau 3D<\/h4>\n<p>Schnelles Erstellen von 2D- und 3D-R\u00e4umen! Mit dem CAD-Modul PlanBau erstellst Du in kurzer Zeit einen Grund\u00adriss mit Schnitten und belie\u00adbigen Perspek\u00adtiven. Du planst mit realen Bauteilen, d.h. mit W\u00e4nden, St\u00fctzen, Unter\u00adz\u00fcgen, Decken, D\u00e4chern, Fenstern und T\u00fcren. Diese Bauteile besitzen alle notwen\u00addigen Eigen\u00adschaften und sind f\u00fcr den jewei\u00adligen Einsatz opti\u00admiert.<\/p>\n<\/figcaption>\n                        <\/figure>\n                        \n                    <\/div>\n        <\/div>\n    <\/div>\n<\/section>\n\n\n<section id=\"headline__container-block_c685c71baf89c256f8904b2dc8f51241\" class=\"headline__container u-pt-x10 u-pb-x5 u-pt-x15@md u-pb-x0@md u-bgcolor-gray-light\">\n    <div class=\"o-container\">\n        <div class=\"o-grid o-grid--center\">\n            <div class=\"o-grid__col u-12\/12@md\" data-aos=\"none\"><h3>2D CAD Software<\/h3><\/div>\n        <\/div>\n    <\/div>\n<\/section>\n\n\n<section id=\"teaser__container-block_cd26dda0f54b0d3ed178c78c96282d5c\" class=\"teaser__container u-pt-x0 u-pb-x10 u-pt-x0@md u-pb-x10@md u-bgcolor-gray-light\">\n    <div class=\"o-container\">\n        <div class=\"o-grid\">\n                    <div class=\"o-grid__col u-mv-x3 u-mv-x5@sm u-6\/12@sm u-4\/12@md\" data-aos=\"none\">\n                    \n                        <figure class=\"u-relative u-full--height u-flex u-fd-col u-ai-start\">\n                            <img decoding=\"async\" src=\"https:\/\/www.megacad-schweiz.ch\/wp-content\/uploads\/2024\/10\/cad-komfortlueftung-2d-480x320.jpg\" srcset=\"https:\/\/www.megacad-schweiz.ch\/wp-content\/uploads\/2024\/10\/cad-komfortlueftung-2d-480x320.jpg 480w, https:\/\/www.megacad-schweiz.ch\/wp-content\/uploads\/2024\/10\/cad-komfortlueftung-2d-640x427.jpg 640w\" sizes=\"(max-width: 480px) 100vw, 480px\" alt=\"\" class=\"\" \/>\n                            <figcaption class=\"u-flex u-fd-col u-ai-start u-full--height u-mt-x3 u-mt-x5@sm\"><h4>CAD-Komfortl\u00fcftung 2D<\/h4>\n<p>Die effi\u00adzi\u00adente L\u00f6sung f\u00fcr die Planung von Komfort\u00adl\u00fcf\u00adtungen. F\u00fcr die effi\u00adzi\u00adente Erstel\u00adlung von Komfort\u00adl\u00fcf\u00adtungs\u00adpl\u00e4nen bietet die Bausoft-Produkt\u00adfa\u00admilie eine mass\u00adge\u00adschnei\u00adderte L\u00f6sung. Mit zeit\u00adspa\u00adrenden Funk\u00adtionen werden die Geh\u00e4use mit dem Verteil\u00adka\u00adsten \u00fcber die L\u00fcftungs\u00adrohre verbunden und in Mate\u00adri\u00adal\u00adli\u00adsten ausge\u00adwertet.<\/p>\n<p>F\u00fcr eine detail\u00adlierte Planung stehen mehrere Systeme zur Verf\u00fc\u00adgung:<\/p>\n<ul>\n<li>Hoval AG HomeVent<\/li>\n<li>Stiebel Eltron AG<\/li>\n<li>Zehnder Comfo\u00adsy\u00adstems<\/li>\n<\/ul>\n<\/figcaption>\n                        <\/figure>\n                        \n                    <\/div>\n                    <div class=\"o-grid__col u-mv-x3 u-mv-x5@sm u-6\/12@sm u-4\/12@md\" data-aos=\"none\">\n                    \n                        <figure class=\"u-relative u-full--height u-flex u-fd-col u-ai-start\">\n                            <img decoding=\"async\" src=\"https:\/\/www.megacad-schweiz.ch\/wp-content\/uploads\/2024\/10\/cad-lueftung-2d-480x320.jpg\" srcset=\"https:\/\/www.megacad-schweiz.ch\/wp-content\/uploads\/2024\/10\/cad-lueftung-2d-480x320.jpg 480w, https:\/\/www.megacad-schweiz.ch\/wp-content\/uploads\/2024\/10\/cad-lueftung-2d-640x427.jpg 640w\" sizes=\"(max-width: 480px) 100vw, 480px\" alt=\"\" class=\"\" \/>\n                            <figcaption class=\"u-flex u-fd-col u-ai-start u-full--height u-mt-x3 u-mt-x5@sm\"><h4>CAD-L\u00fcftung 2D<\/h4>\n<p>Schneller Einstieg in die praxis\u00adbe\u00adzo\u00adgene L\u00fcftungs\u00adpla\u00adnung. L\u00fcftung 2D ist ein exzel\u00adlentes CAD-Modul f\u00fcr pr\u00e4zises schnelles Zeichnen von Kanal- und Rohr\u00adsy\u00adstemen. Durch seine intui\u00adtive Bedie\u00adnung unter\u00adscheidet sich L\u00fcftung 2D von anderen Systemen. Weder eine aufwen\u00addige Schu\u00adlung noch t\u00e4gli\u00adches Trai\u00adning sind Voraus\u00adset\u00adzung, um erfolg\u00adreich L\u00fcftungs\u00adan\u00adlagen zu planen. Inte\u00adgrierte Beschrif\u00adtungs-und Mate\u00adri\u00adal\u00adli\u00adsten\u00adfunk\u00adtionen tragen ihren Teil zum schnellen Arbeits\u00adab\u00adlauf bei.<\/p>\n<\/figcaption>\n                        <\/figure>\n                        \n                    <\/div>\n        <\/div>\n    <\/div>\n<\/section>\n\n\n<section id=\"headline__container-block_20f2399c66b4d84fbe009318560bac7e\" class=\"headline__container u-pt-x10 u-pb-x5 u-pt-x15@md u-pb-x0@md\">\n    <div class=\"o-container\">\n        <div class=\"o-grid o-grid--center\">\n            <div class=\"o-grid__col u-12\/12@md\" data-aos=\"none\"><h3>L\u00fcftungsplanung Software Module<\/h3><\/div>\n        <\/div>\n    <\/div>\n<\/section>\n\n\n<section id=\"teaser__container-block_d0ab539c677e6d63694d365d5c7eb1a9\" class=\"teaser__container u-pt-x0 u-pb-x10 u-pt-x10@md u-pb-x10@md\">\n    <div class=\"o-container\">\n        <div class=\"o-grid\">\n                    <div class=\"o-grid__col u-mv-x3 u-mv-x5@sm u-6\/12@sm u-4\/12@md\" data-aos=\"none\">\n                    \n                        <figure class=\"u-relative u-full--height u-flex u-fd-col u-ai-start\">\n                            <img decoding=\"async\" src=\"https:\/\/www.megacad-schweiz.ch\/wp-content\/uploads\/2024\/10\/cad-commander-referenzmanager-e1732013616894-480x320.jpg\" srcset=\"https:\/\/www.megacad-schweiz.ch\/wp-content\/uploads\/2024\/10\/cad-commander-referenzmanager-e1732013616894-480x320.jpg 480w, https:\/\/www.megacad-schweiz.ch\/wp-content\/uploads\/2024\/10\/cad-commander-referenzmanager-e1732013616894-300x200.jpg 300w, https:\/\/www.megacad-schweiz.ch\/wp-content\/uploads\/2024\/10\/cad-commander-referenzmanager-e1732013616894-640x427.jpg 640w, https:\/\/www.megacad-schweiz.ch\/wp-content\/uploads\/2024\/10\/cad-commander-referenzmanager-e1732013616894.jpg 651w\" sizes=\"(max-width: 480px) 100vw, 480px\" alt=\"\" class=\"\" \/>\n                            <figcaption class=\"u-flex u-fd-col u-ai-start u-full--height u-mt-x3 u-mt-x5@sm\"><h4>CAD-Commander\/ Referenzmanager<\/h4>\n<p>Plan- und Medi\u00aden\u00adstruk\u00adturen einfach verwalten. F\u00fcge komfor\u00adtabel externe Zeich\u00adnungen in die Planung hinzu. Zur besseren \u00dcber\u00adsicht werden diese Refe\u00adrenzen einfach einge\u00adf\u00e4rbt. Die Eigen\u00adschaften und Darstel\u00adlung von Gewerken und Medien werden im CAD-Commander \u00fcber\u00adsicht\u00adlich verwaltet. Die sichere L\u00f6sung f\u00fcr die Zusam\u00admen\u00adar\u00adbeit und den Infor\u00adma\u00adti\u00adons\u00adaus\u00adtausch in Projekt\u00adteams.<\/p>\n<\/figcaption>\n                        <\/figure>\n                        \n                    <\/div>\n                    <div class=\"o-grid__col u-mv-x3 u-mv-x5@sm u-6\/12@sm u-4\/12@md\" data-aos=\"none\">\n                    \n                        <figure class=\"u-relative u-full--height u-flex u-fd-col u-ai-start\">\n                            <img decoding=\"async\" src=\"https:\/\/www.megacad-schweiz.ch\/wp-content\/uploads\/2024\/10\/cad-aussparung-lueftung-480x320.png\" srcset=\"https:\/\/www.megacad-schweiz.ch\/wp-content\/uploads\/2024\/10\/cad-aussparung-lueftung-480x320.png 480w, https:\/\/www.megacad-schweiz.ch\/wp-content\/uploads\/2024\/10\/cad-aussparung-lueftung-640x427.png 640w\" sizes=\"(max-width: 480px) 100vw, 480px\" alt=\"\" class=\"\" \/>\n                            <figcaption class=\"u-flex u-fd-col u-ai-start u-full--height u-mt-x3 u-mt-x5@sm\"><h4>CAD-Aussparung<\/h4>\n<p>So macht die Ausspa\u00adrungs\u00adpla\u00adnung richtig Spass! Ratio\u00adnelles Erzeugen der Ausspa\u00adrungen mit auto\u00adma\u00adti\u00adscher Beschrif\u00adtung und Bemas\u00adsung. Das Programm-Modul erm\u00f6g\u00adlicht zus\u00e4tz\u00adlich zu den bestehenden Vorlagen nach SIA 410\/2, den Aufbau einer eigenen Biblio\u00adthek f\u00fcr wieder\u00adkeh\u00adrende Ausspa\u00adrungs\u00adtypen.<\/p>\n<\/figcaption>\n                        <\/figure>\n                        \n                    <\/div>\n                    <div class=\"o-grid__col u-mv-x3 u-mv-x5@sm u-6\/12@sm u-4\/12@md\" data-aos=\"none\">\n                    \n                        <figure class=\"u-relative u-full--height u-flex u-fd-col u-ai-start\">\n                            <img decoding=\"async\" src=\"https:\/\/www.megacad-schweiz.ch\/wp-content\/uploads\/2024\/10\/cad-beschriftung-lueftung-480x320.png\" srcset=\"https:\/\/www.megacad-schweiz.ch\/wp-content\/uploads\/2024\/10\/cad-beschriftung-lueftung-480x320.png 480w, https:\/\/www.megacad-schweiz.ch\/wp-content\/uploads\/2024\/10\/cad-beschriftung-lueftung-640x427.png 640w\" sizes=\"(max-width: 480px) 100vw, 480px\" alt=\"\" class=\"\" \/>\n                            <figcaption class=\"u-flex u-fd-col u-ai-start u-full--height u-mt-x3 u-mt-x5@sm\"><h4>CAD-Beschriftung<\/h4>\n<p>Die effi\u00adzi\u00adente Beschrif\u00adtung f\u00fcr die Haus\u00adtechnik. Das schnelle Beschrif\u00adtungs\u00admodul mit erwei\u00adter\u00adbarer Text\u00adda\u00adten\u00adbank f\u00fcr die Leitungs\u00adbe\u00adschrif\u00adtung und Appa\u00adra\u00adte\u00adle\u00adgenden. Eine umfang\u00adreiche Biblio\u00adthek spart Zeit in der Planung. Die bestehende Text\u00adbi\u00adblio\u00adthek kann indi\u00advi\u00adduell ge\u00e4n\u00addert und erwei\u00adtert werden.<\/p>\n<\/figcaption>\n                        <\/figure>\n                        \n                    <\/div>\n                    <div class=\"o-grid__col u-mv-x3 u-mv-x5@sm u-6\/12@sm u-4\/12@md\" data-aos=\"none\">\n                    \n                        <figure class=\"u-relative u-full--height u-flex u-fd-col u-ai-start\">\n                            <img decoding=\"async\" src=\"https:\/\/www.megacad-schweiz.ch\/wp-content\/uploads\/2024\/10\/cad-symbolmanager-480x320.jpg\" srcset=\"https:\/\/www.megacad-schweiz.ch\/wp-content\/uploads\/2024\/10\/cad-symbolmanager-480x320.jpg 480w, https:\/\/www.megacad-schweiz.ch\/wp-content\/uploads\/2024\/10\/cad-symbolmanager-640x427.jpg 640w\" sizes=\"(max-width: 480px) 100vw, 480px\" alt=\"\" class=\"\" \/>\n                            <figcaption class=\"u-flex u-fd-col u-ai-start u-full--height u-mt-x3 u-mt-x5@sm\"><h4>CAD-Symbolmanager<\/h4>\n<p>Umfang\u00adreiche Haus\u00adtechnik-Symbol\u00adbi\u00adblio\u00adthek<\/p>\n<p>Die umfang\u00adreiche Symbol\u00adbi\u00adblio\u00adthek erm\u00f6g\u00adlicht vom ersten Tag an produk\u00adtives Arbeiten:<\/p>\n<ul>\n<li>\u00fcber\u00adsicht\u00adliche Verwal\u00adtung<\/li>\n<li>freie Bezugs\u00adpunkt\u00adwahl<\/li>\n<li>Drehen und Spie\u00adgeln an der Maus<\/li>\n<li>Unter\u00adbre\u00adchung von Elementen<\/li>\n<\/ul>\n<\/figcaption>\n                        <\/figure>\n                        \n                    <\/div>\n        <\/div>\n    <\/div>\n<\/section>\n\n\n<section id=\"teaser__container-block_e36b09a6db770cad3aad92cc59270628\" class=\"teaser__container u-pt-x10 u-pb-x10 u-pt-x20@md u-pb-x20@md\">\n    <div class=\"o-container\">\n        <div class=\"o-grid\">\n                    <div class=\"o-grid__col u-mv-x3 u-mv-x5@sm u-6\/12@sm\" data-aos=\"none\">\n                    \n                        <figure class=\"u-relative u-full--height u-flex u-fd-col u-ai-start\">\n                            <img loading=\"lazy\" decoding=\"async\" src=\"https:\/\/www.megacad-schweiz.ch\/wp-content\/uploads\/2024\/10\/roman-hegglin.jpeg\" alt=\"\" class=\"\" width=\"400\" height=\"300\" \/>\n                            <figcaption class=\"u-flex u-fd-col u-ai-start u-full--height u-mt-x3 u-mt-x5@sm\"><h4>Angebot anfragen<\/h4>\n<p>Gerne gehen wir in einer unverbindlichen Pr\u00e4sentation unserer CAD-L\u00f6sungen auf Deine Ziele, die f\u00fcr Dich relevanten Funktionen und alle weiteren Fragen ein, um Dir zu zeigen, wie Du mithilfe von Bausoft Deine Planungsprozesse optimieren kannst.<\/p>\n<div class=\"u-mt-auto\"><a href=\"https:\/\/www.megacad-schweiz.ch\/angebot\/\" class=\"c-btn c-btn__primary u-mt-x3\" target=\"_self\">Angebot anfragen<\/a><\/div><\/figcaption>\n                        <\/figure>\n                        \n                    <\/div>\n                    <div class=\"o-grid__col u-mv-x3 u-mv-x5@sm u-6\/12@sm\" data-aos=\"none\">\n                    \n                        <figure class=\"u-relative u-full--height u-flex u-fd-col u-ai-start\">\n                            <img loading=\"lazy\" decoding=\"async\" src=\"https:\/\/www.megacad-schweiz.ch\/wp-content\/uploads\/2024\/10\/petra-reichmuth.jpeg\" alt=\"\" class=\"\" width=\"400\" height=\"300\" \/>\n                            <figcaption class=\"u-flex u-fd-col u-ai-start u-full--height u-mt-x3 u-mt-x5@sm\"><h4>1:1 Online-Pr\u00e4sentation<\/h4>\n<p>Software vom Planer f\u00fcr den Planer: Vereinbare eine 1:1 Online-Pr\u00e4sentation (60 Minuten exklusiv f\u00fcr Dich) und erfahre, wie die Bausoft CAD Software Dein Unternehmen auf dem Weg zum Erfolg weiter unterst\u00fctzen kann. Vereinbare jetzt einen Pr\u00e4sentations-Termin!<\/p>\n<div class=\"u-mt-auto\"><a href=\"https:\/\/www.megacad-schweiz.ch\/praesentation\/\" class=\"c-btn c-btn__primary u-mt-x3\" target=\"_self\">Termin vereinbaren<\/a><\/div><\/figcaption>\n                        <\/figure>\n                        \n                    <\/div>\n        <\/div>\n    <\/div>\n<\/section>","protected":false},"excerpt":{"rendered":"","protected":false},"author":14,"featured_media":0,"parent":0,"menu_order":23,"comment_status":"closed","ping_status":"closed","template":"","meta":{"_acf_changed":false,"footnotes":""},"class_list":["post-8211","page","type-page","status-publish","hentry"],"acf":[],"_links":{"self":[{"href":"https:\/\/www.megacad-schweiz.ch\/de\/wp-json\/wp\/v2\/pages\/8211","targetHints":{"allow":["GET"]}}],"collection":[{"href":"https:\/\/www.megacad-schweiz.ch\/de\/wp-json\/wp\/v2\/pages"}],"about":[{"href":"https:\/\/www.megacad-schweiz.ch\/de\/wp-json\/wp\/v2\/types\/page"}],"author":[{"embeddable":true,"href":"https:\/\/www.megacad-schweiz.ch\/de\/wp-json\/wp\/v2\/users\/14"}],"replies":[{"embeddable":true,"href":"https:\/\/www.megacad-schweiz.ch\/de\/wp-json\/wp\/v2\/comments?post=8211"}],"version-history":[{"count":17,"href":"https:\/\/www.megacad-schweiz.ch\/de\/wp-json\/wp\/v2\/pages\/8211\/revisions"}],"predecessor-version":[{"id":9680,"href":"https:\/\/www.megacad-schweiz.ch\/de\/wp-json\/wp\/v2\/pages\/8211\/revisions\/9680"}],"wp:attachment":[{"href":"https:\/\/www.megacad-schweiz.ch\/de\/wp-json\/wp\/v2\/media?parent=8211"}],"curies":[{"name":"wp","href":"https:\/\/api.w.org\/{rel}","templated":true}]}}