{"id":8206,"date":"2024-10-21T09:01:21","date_gmt":"2024-10-21T09:01:21","guid":{"rendered":"https:\/\/p-x47nuh.project.space\/?page_id=8206"},"modified":"2024-12-17T10:25:42","modified_gmt":"2024-12-17T10:25:42","slug":"cad-heizung-software","status":"publish","type":"page","link":"https:\/\/www.megacad-schweiz.ch\/de\/cad-heizung-software\/","title":{"rendered":"Heizung"},"content":{"rendered":"\n<section id=\"hero__container-block_b53cb89687fb8d5a0b20bf95f0bae704\" class=\"hero__container u-overlay__gradient--blue u-relative\">\n    <img loading=\"lazy\" decoding=\"async\" src=\"https:\/\/www.megacad-schweiz.ch\/wp-content\/uploads\/2024\/10\/cad-fussbodenheizung-2d.jpg\" alt=\"\" class=\"u-image--cover u-absolute\" width=\"1402\" height=\"759\" \/>\n    <div class=\"o-container u-relative u-index--1 u-pt-x10 u-pb-x10 u-pt-x20@md u-pb-x20@md\">\n        <div class=\"o-grid o-grid--rev o-grid--middle\">\n            <figure class=\"o-grid__col u-6\/12@sm u-offset--y@md\"><img loading=\"lazy\" decoding=\"async\" src=\"https:\/\/www.megacad-schweiz.ch\/wp-content\/uploads\/2024\/10\/cad-gebaeudetechnik-heizung-software.svg\" alt=\"\" class=\" -parallax__hero\" width=\"415\" height=\"258\" \/><\/figure>\n            <div class=\"o-grid__col u-6\/12@sm u-color-white u-mt-x6 u-mt-x0@sm\" data-aos=\"none\">\n                <h1 class=\"h2\">2D und 3D CAD\u2028Heizung Software<\/h1>\n<h4>Die Bausoft Heizung Software unterst\u00fctzt Dich bei der Heizungsplanung.<\/h4>\n<h4>Unsere Module sind so aufeinander abgestimmt, dass Du mit wenigen Klicks Leitungen legst und anschlie\u00dfend in 3D modelliert siehst.<\/h4>\n<p><a class=\"c-btn c-btn__primary u-mt-x3\" href=\"https:\/\/www.megacad-schweiz.ch\/angebot\/\">Jetzt Angebot einholen<\/a> <a class=\"c-link c-link--arrow\" href=\"https:\/\/www.megacad-schweiz.ch\/praesentation\/\">Online Pr\u00e4sentation<\/a><\/p>\n\n            <\/div>\n        <\/div>\n    <\/div>\n<\/section>\n\n\n<section id=\"headline__container-block_2027a94e9a47f8e522622b4a5492b027\" class=\"headline__container u-pt-x10 u-pb-x5 u-pt-x20@md u-pb-x0@md u-bgcolor-gray-light\">\n    <div class=\"o-container\">\n        <div class=\"o-grid\">\n            <div class=\"o-grid__col u-8\/12@md\" data-aos=\"none\"><h5 class=\"u-color-primary\">Bausoft CAD Heizung Software<\/h5><h2>Vorteile unserer Heizungs-Software auf einen Blick:<\/h2><\/div>\n        <\/div>\n    <\/div>\n<\/section>\n\n\n<section id=\"text__container-block_62208d25db4f569c766b13509f3a3ad2\" class=\"text__container u-pt-x0 u-pb-x10 u-pt-x0@md u-pb-x10@md u-bgcolor-gray-light\">\n    <div class=\"o-container\">\n        <div class=\"o-grid o-grid--center\">\n                <article class=\"o-grid__col u-12\/12@md\" data-aos=\"none\">\n                    <ul>\n<li>Einfache Leitungs- und Rohrplanung: 2D-Zeichnung, 3D-Darstellung<\/li>\n<li>Flexible Grundrisse mit realistischen Bauteilen wie W\u00e4nden, St\u00fctzen, Decken und T\u00fcren<\/li>\n<li>Automatisierte Kollisionspr\u00fcfung, Lagenerkennung und L\u00fcckenerstellung f\u00fcr effizientere Planung<\/li>\n<li>Schnelle und intuitive Planung von Fu\u00dfbodenheizungen, auch in komplexen R\u00e4umen, dank KI-Unterst\u00fctzung<\/li>\n<li>Bequeme Integration von Heizlast- und Systemauslegungsdaten bei der Planung von Heizk\u00f6rpern und Fu\u00dfbodenheizungen<\/li>\n<li>Schnellere Arbeitsprozesse dank exakt abgestimmter CAD-Einstellungen und Assistenten.<\/li>\n<\/ul>\n\n                <\/article>\n        <\/div>\n    <\/div>\n<\/section>\n\n\n<section id=\"headline__container-block_d3759a65b0d8d44276a283b4c69ae950\" class=\"headline__container u-pt-x10 u-pb-x5 u-pt-x15@md u-pb-x0@md\">\n    <div class=\"o-container\">\n        <div class=\"o-grid o-grid--center\">\n            <div class=\"o-grid__col u-12\/12@md\" data-aos=\"none\"><h5 class=\"u-color-primary\">Bausoft Heizung Software<\/h5><h2>Unsere L\u00f6sungen im Detail<\/h2><\/div>\n        <\/div>\n    <\/div>\n<\/section>\n\n\n<section id=\"teaser__container-block_e374fdd679a3e3fa30155a7d4b3e194e\" class=\"teaser__container u-pt-x0 u-pb-x10 u-pt-x10@md u-pb-x10@md\">\n    <div class=\"o-container\">\n        <div class=\"o-grid\">\n                    <div class=\"o-grid__col u-mv-x3 u-mv-x5@sm u-6\/12@sm u-4\/12@md\" data-aos=\"none\">\n                    \n                        <figure class=\"u-relative u-full--height u-flex u-fd-col u-ai-start\">\n                            <img decoding=\"async\" src=\"https:\/\/www.megacad-schweiz.ch\/wp-content\/uploads\/2024\/10\/cad-leitung-3d-heizung-1-480x320.png\" srcset=\"https:\/\/www.megacad-schweiz.ch\/wp-content\/uploads\/2024\/10\/cad-leitung-3d-heizung-1-480x320.png 480w, https:\/\/www.megacad-schweiz.ch\/wp-content\/uploads\/2024\/10\/cad-leitung-3d-heizung-1-640x427.png 640w\" sizes=\"(max-width: 480px) 100vw, 480px\" alt=\"\" class=\"\" \/>\n                            <figcaption class=\"u-flex u-fd-col u-ai-start u-full--height u-mt-x3 u-mt-x5@sm\"><h4>CAD-Leitung 3D<\/h4>\n<p>Er\u00f6ffnet neue Perspek\u00adtiven in der Leitungs\u00adpla\u00adnung. Du wirst begei\u00adstert sein, wie einfach CAD-Leitung ein Rohr\u00adnetz direkt im 3D-Modell erstellt. Die Info\u00adlinie erm\u00f6g\u00adlicht ein schnelles Konstru\u00adieren. Das Leitungs\u00adnetz wird effi\u00adzient erstellt. In der Ausf\u00fch\u00adrungs\u00adphase wech\u00adselst Du auto\u00adma\u00adtisch in die modell\u00adhafte Planung und konstru\u00adierst in 3D direkt mit realen Form\u00adteilen. Mate\u00adri\u00adal\u00adli\u00adsten sind in K\u00fcrze erstellt und k\u00f6nnen f\u00fcr das Z-Mass verwendet werden.<\/p>\n<\/figcaption>\n                        <\/figure>\n                        \n                    <\/div>\n                    <div class=\"o-grid__col u-mv-x3 u-mv-x5@sm u-6\/12@sm u-4\/12@md\" data-aos=\"none\">\n                    \n                        <figure class=\"u-relative u-full--height u-flex u-fd-col u-ai-start\">\n                            <img decoding=\"async\" src=\"https:\/\/www.megacad-schweiz.ch\/wp-content\/uploads\/2024\/10\/cad-planbau-3d-software-480x320.jpg\" srcset=\"https:\/\/www.megacad-schweiz.ch\/wp-content\/uploads\/2024\/10\/cad-planbau-3d-software-480x320.jpg 480w, https:\/\/www.megacad-schweiz.ch\/wp-content\/uploads\/2024\/10\/cad-planbau-3d-software-640x427.jpg 640w\" sizes=\"(max-width: 480px) 100vw, 480px\" alt=\"\" class=\"\" \/>\n                            <figcaption class=\"u-flex u-fd-col u-ai-start u-full--height u-mt-x3 u-mt-x5@sm\"><h4>CAD-PlanBau 3D<\/h4>\n<p>Schnelles Erstellen von 2D- und 3D-R\u00e4umen! Mit dem CAD-Modul PlanBau erstellst Du in kurzer Zeit einen Grund\u00adriss mit Schnitten und belie\u00adbigen Perspek\u00adtiven. Du planst mit realen Bauteilen, d.h. mit W\u00e4nden, St\u00fctzen, Unter\u00adz\u00fcgen, Decken, D\u00e4chern, Fenstern und T\u00fcren. Diese Bauteile besitzen alle notwen\u00addigen Eigen\u00adschaften und sind f\u00fcr den jewei\u00adligen Einsatz opti\u00admiert.<\/p>\n<\/figcaption>\n                        <\/figure>\n                        \n                    <\/div>\n        <\/div>\n    <\/div>\n<\/section>\n\n\n<section id=\"headline__container-block_13a39cc9a7722591e1c52448f0f264aa\" class=\"headline__container u-pt-x10 u-pb-x5 u-pt-x15@md u-pb-x0@md u-bgcolor-gray-light\">\n    <div class=\"o-container\">\n        <div class=\"o-grid o-grid--center\">\n            <div class=\"o-grid__col u-12\/12@md\" data-aos=\"none\"><h3>2D CAD Software<\/h3><\/div>\n        <\/div>\n    <\/div>\n<\/section>\n\n\n<section id=\"teaser__container-block_60b1ecc0791c3d237ebd2747627d1086\" class=\"teaser__container u-pt-x0 u-pb-x10 u-pt-x0@md u-pb-x10@md u-bgcolor-gray-light\">\n    <div class=\"o-container\">\n        <div class=\"o-grid\">\n                    <div class=\"o-grid__col u-mv-x3 u-mv-x5@sm u-6\/12@sm u-4\/12@md\" data-aos=\"none\">\n                    \n                        <figure class=\"u-relative u-full--height u-flex u-fd-col u-ai-start\">\n                            <img decoding=\"async\" src=\"https:\/\/www.megacad-schweiz.ch\/wp-content\/uploads\/2024\/10\/cad-gebaeudetechnik-bausoft-480x320.jpg\" srcset=\"https:\/\/www.megacad-schweiz.ch\/wp-content\/uploads\/2024\/10\/cad-gebaeudetechnik-bausoft-480x320.jpg 480w, https:\/\/www.megacad-schweiz.ch\/wp-content\/uploads\/2024\/10\/cad-gebaeudetechnik-bausoft-640x427.jpg 640w\" sizes=\"(max-width: 480px) 100vw, 480px\" alt=\"\" class=\"\" \/>\n                            <figcaption class=\"u-flex u-fd-col u-ai-start u-full--height u-mt-x3 u-mt-x5@sm\"><h4>CAD-Leitung 2D<\/h4>\n<p>Ratio\u00adnelles Zeichnen von Leitungen und Trassen. Viele Auto\u00adma\u00adtismen sorgen f\u00fcr eine effi\u00adzi\u00adente Leitungs\u00adpla\u00adnung:<\/p>\n<ul>\n<li>Kolli\u00adsi\u00adons\u00adpr\u00fc\u00adfung<\/li>\n<li>Lagen\u00ader\u00adken\u00adnung<\/li>\n<li>Auto\u00adma\u00adti\u00adsche L\u00fccken\u00ader\u00adstel\u00adlung<\/li>\n<li>Auto\u00adma\u00adti\u00adsche Verschnei\u00addung<\/li>\n<li>Arma\u00adtu\u00adren\u00adka\u00adtalog<\/li>\n<\/ul>\n<\/figcaption>\n                        <\/figure>\n                        \n                    <\/div>\n                    <div class=\"o-grid__col u-mv-x3 u-mv-x5@sm u-6\/12@sm u-4\/12@md\" data-aos=\"none\">\n                    \n                        <figure class=\"u-relative u-full--height u-flex u-fd-col u-ai-start\">\n                            <img decoding=\"async\" src=\"https:\/\/www.megacad-schweiz.ch\/wp-content\/uploads\/2024\/10\/cad-heizlast-sia-384-2-480x320.jpg\" srcset=\"https:\/\/www.megacad-schweiz.ch\/wp-content\/uploads\/2024\/10\/cad-heizlast-sia-384-2-480x320.jpg 480w, https:\/\/www.megacad-schweiz.ch\/wp-content\/uploads\/2024\/10\/cad-heizlast-sia-384-2-640x427.jpg 640w\" sizes=\"(max-width: 480px) 100vw, 480px\" alt=\"\" class=\"\" \/>\n                            <figcaption class=\"u-flex u-fd-col u-ai-start u-full--height u-mt-x3 u-mt-x5@sm\"><h4>CAD-Heizlast SIA 384\/2<\/h4>\n<p>Die durch\u00adge\u00adhende zeich\u00adne\u00adri\u00adsche und tech\u00adni\u00adsche Heizungs\u00adl\u00f6\u00adsung! Als komfor\u00adta\u00adbles Werk\u00adzeug bietet CAD-Heiz\u00adlast das direkte Erfassen des Geb\u00e4u\u00adde\u00admo\u00addells ab Archi\u00adtek\u00adten\u00adplan f\u00fcr die Heiz\u00adlast\u00adbe\u00adrech\u00adnung SIA 384\/2 in der Berech\u00adnungs\u00adsoft\u00adware Enerweb, Win_HT Pro oder Lesosai. Mit der Geb\u00e4u\u00adde\u00ader\u00adfas\u00adsung werden Para\u00admeter wie Verschat\u00adtungs\u00adfak\u00adtoren, Heiz\u00adk\u00f6rper etc. mitge\u00adgeben. Die erfassten Daten werden in der Raum\u00ad\u00fcber\u00adsicht aufge\u00adli\u00adstet und der W\u00e4rme\u00adbe\u00addarf berechnet.<\/p>\n<\/figcaption>\n                        <\/figure>\n                        \n                    <\/div>\n                    <div class=\"o-grid__col u-mv-x3 u-mv-x5@sm u-6\/12@sm u-4\/12@md\" data-aos=\"none\">\n                    \n                        <figure class=\"u-relative u-full--height u-flex u-fd-col u-ai-start\">\n                            <img decoding=\"async\" src=\"https:\/\/www.megacad-schweiz.ch\/wp-content\/uploads\/2024\/10\/cad-systemauslegung-2d-heizung-1-480x320.jpg\" srcset=\"https:\/\/www.megacad-schweiz.ch\/wp-content\/uploads\/2024\/10\/cad-systemauslegung-2d-heizung-1-480x320.jpg 480w, https:\/\/www.megacad-schweiz.ch\/wp-content\/uploads\/2024\/10\/cad-systemauslegung-2d-heizung-1-640x427.jpg 640w\" sizes=\"(max-width: 480px) 100vw, 480px\" alt=\"\" class=\"\" \/>\n                            <figcaption class=\"u-flex u-fd-col u-ai-start u-full--height u-mt-x3 u-mt-x5@sm\"><h4>CAD-Systemauslegung 2D<\/h4>\n<p>System- und Schnell\u00adaus\u00adle\u00adgung der Fuss\u00adbo\u00adden\u00adhei\u00adzung und Heiz\u00adk\u00f6rper. Mithilfe der System- und Schnell\u00adaus\u00adle\u00adgung k\u00f6nnen in Sekun\u00adden\u00adschnelle Heiz\u00adk\u00f6rper und Fuss\u00adbo\u00adden\u00adhei\u00adzungs\u00adkreise auf Basis der ben\u00f6\u00adtigten Leistung je Raum dimen\u00adsio\u00adniert werden. Die Syste\u00adm\u00adaus\u00adle\u00adgung erfolgt \u00fcber die Berech\u00adnungs\u00adsoft\u00adware Enerweb, WIN_HT Pro oder Lesosai. Diese erm\u00f6g\u00adlicht Dir eine Ausle\u00adgung der Fuss\u00adbo\u00adden\u00adhei\u00adzung und Heiz\u00adk\u00f6rper ohne vorhe\u00adrige Heiz\u00adlast\u00adbe\u00adrech\u00adnung. Die Option steht nur mit der Berech\u00adnungs\u00adsoft\u00adware Win_HT Pro und Enerweb zur Verf\u00fc\u00adgung.<\/p>\n<\/figcaption>\n                        <\/figure>\n                        \n                    <\/div>\n                    <div class=\"o-grid__col u-mv-x3 u-mv-x5@sm u-6\/12@sm u-4\/12@md\" data-aos=\"none\">\n                    \n                        <figure class=\"u-relative u-full--height u-flex u-fd-col u-ai-start\">\n                            <img decoding=\"async\" src=\"https:\/\/www.megacad-schweiz.ch\/wp-content\/uploads\/2024\/10\/cad-fussbodenheizung-2d-480x320.jpg\" srcset=\"https:\/\/www.megacad-schweiz.ch\/wp-content\/uploads\/2024\/10\/cad-fussbodenheizung-2d-480x320.jpg 480w, https:\/\/www.megacad-schweiz.ch\/wp-content\/uploads\/2024\/10\/cad-fussbodenheizung-2d-640x427.jpg 640w\" sizes=\"(max-width: 480px) 100vw, 480px\" alt=\"\" class=\"\" \/>\n                            <figcaption class=\"u-flex u-fd-col u-ai-start u-full--height u-mt-x3 u-mt-x5@sm\"><h4>CAD-Fussbodenheizung 2D<\/h4>\n<p>Zeit sparen in der Erstel\u00adlung und Auswer\u00adtung von Boden\u00adhei\u00adzungs\u00adun\u00adter\u00adlagen! Das Programm Boden\u00adhei\u00adzung ist einfach und schnell in der Bedie\u00adnung. Es konstru\u00adiert die Heiz\u00adkreise in praxis\u00adge\u00adrechten Verle\u00adge\u00adarten wie Spiral- und Reihen\u00adform. Mit diesem Modul werden selbst kompli\u00adzierte Raum\u00adformen in Rekord\u00adzeit verlegt! Die Anschluss\u00adlei\u00adtungen werden auto\u00adma\u00adtisch im Raum aufge\u00adteilt und ausge\u00adwertet. Die Auswer\u00adtung der Heiz\u00adkreise und Fl\u00e4chen wird einer\u00adseits im Ausdruck und ander\u00adseits in der Zeich\u00adnung wieder\u00adge\u00adgeben.<\/p>\n<\/figcaption>\n                        <\/figure>\n                        \n                    <\/div>\n                    <div class=\"o-grid__col u-mv-x3 u-mv-x5@sm u-6\/12@sm u-4\/12@md\" data-aos=\"none\">\n                    \n                        <figure class=\"u-relative u-full--height u-flex u-fd-col u-ai-start\">\n                            <img decoding=\"async\" src=\"https:\/\/www.megacad-schweiz.ch\/wp-content\/uploads\/2024\/10\/cad-heizkoerper-480x320.jpg\" srcset=\"https:\/\/www.megacad-schweiz.ch\/wp-content\/uploads\/2024\/10\/cad-heizkoerper-480x320.jpg 480w, https:\/\/www.megacad-schweiz.ch\/wp-content\/uploads\/2024\/10\/cad-heizkoerper-640x427.jpg 640w\" sizes=\"(max-width: 480px) 100vw, 480px\" alt=\"\" class=\"\" \/>\n                            <figcaption class=\"u-flex u-fd-col u-ai-start u-full--height u-mt-x3 u-mt-x5@sm\"><h4>CAD-Heizk\u00f6rper 2D<\/h4>\n<p>Schnelles Platzieren von Heiz\u00adver\u00adtei\u00adlern und Heiz\u00adk\u00f6r\u00adpern basie\u00adrend auf den Berech\u00adnungs\u00adgrund\u00adlagen von Win_HT Pro. Das Programm Heiz\u00adk\u00f6rper erzeugt und platziert die ausge\u00adlegten Heiz\u00adk\u00f6rper und Heiz\u00adver\u00adteiler im Plan gem\u00e4ss den Resul\u00adtaten der Syste\u00adm\u00adaus\u00adle\u00adgung im Win_HT Pro. Komfor\u00adtabel werden unter\u00adschied\u00adliche Fabri\u00adkate oder Typen raum\u00adweise platziert und berechnet. Die Baul\u00e4nge ergibt sich aus dem Vorschlag der Nischen\u00adl\u00e4nge durch die Heiz\u00adlast\u00adbe\u00adrech\u00adnung. Die Beschrif\u00adtung und die Bestell\u00adliste der Heiz\u00adk\u00f6rper erfolgen auto\u00adma\u00adtisch.<\/p>\n<\/figcaption>\n                        <\/figure>\n                        \n                    <\/div>\n        <\/div>\n    <\/div>\n<\/section>\n\n\n<section id=\"headline__container-block_43ecd2295bedfded69f7e14ad8375b6b\" class=\"headline__container u-pt-x10 u-pb-x5 u-pt-x15@md u-pb-x0@md\">\n    <div class=\"o-container\">\n        <div class=\"o-grid o-grid--center\">\n            <div class=\"o-grid__col u-12\/12@md\" data-aos=\"none\"><h3>Heizung CAD Software Module<\/h3><\/div>\n        <\/div>\n    <\/div>\n<\/section>\n\n\n<section id=\"teaser__container-block_11d072460c4b12339d58f748ec31145d\" class=\"teaser__container u-pt-x0 u-pb-x10 u-pt-x10@md u-pb-x10@md\">\n    <div class=\"o-container\">\n        <div class=\"o-grid\">\n                    <div class=\"o-grid__col u-mv-x3 u-mv-x5@sm u-6\/12@sm u-4\/12@md\" data-aos=\"none\">\n                    \n                        <figure class=\"u-relative u-full--height u-flex u-fd-col u-ai-start\">\n                            <img decoding=\"async\" src=\"https:\/\/www.megacad-schweiz.ch\/wp-content\/uploads\/2024\/10\/cad-commander-referenzmanager-e1732013616894-480x320.jpg\" srcset=\"https:\/\/www.megacad-schweiz.ch\/wp-content\/uploads\/2024\/10\/cad-commander-referenzmanager-e1732013616894-480x320.jpg 480w, https:\/\/www.megacad-schweiz.ch\/wp-content\/uploads\/2024\/10\/cad-commander-referenzmanager-e1732013616894-300x200.jpg 300w, https:\/\/www.megacad-schweiz.ch\/wp-content\/uploads\/2024\/10\/cad-commander-referenzmanager-e1732013616894-640x427.jpg 640w, https:\/\/www.megacad-schweiz.ch\/wp-content\/uploads\/2024\/10\/cad-commander-referenzmanager-e1732013616894.jpg 651w\" sizes=\"(max-width: 480px) 100vw, 480px\" alt=\"\" class=\"\" \/>\n                            <figcaption class=\"u-flex u-fd-col u-ai-start u-full--height u-mt-x3 u-mt-x5@sm\"><h4>CAD-Commander\/ Referenzmanager<\/h4>\n<p>Plan- und Medi\u00aden\u00adstruk\u00adturen einfach verwalten. F\u00fcge komfor\u00adtabel externe Zeich\u00adnungen in die Planung hinzu. Zur besseren \u00dcber\u00adsicht werden diese Refe\u00adrenzen einfach einge\u00adf\u00e4rbt. Die Eigen\u00adschaften und Darstel\u00adlung von Gewerken und Medien werden im CAD-Commander \u00fcber\u00adsicht\u00adlich verwaltet. Die sichere L\u00f6sung f\u00fcr die Zusam\u00admen\u00adar\u00adbeit und den Infor\u00adma\u00adti\u00adons\u00adaus\u00adtausch in Projekt\u00adteams.<\/p>\n<\/figcaption>\n                        <\/figure>\n                        \n                    <\/div>\n                    <div class=\"o-grid__col u-mv-x3 u-mv-x5@sm u-6\/12@sm u-4\/12@md\" data-aos=\"none\">\n                    \n                        <figure class=\"u-relative u-full--height u-flex u-fd-col u-ai-start\">\n                            <img decoding=\"async\" src=\"https:\/\/www.megacad-schweiz.ch\/wp-content\/uploads\/2024\/10\/cad-aussparung-heizung-480x320.png\" srcset=\"https:\/\/www.megacad-schweiz.ch\/wp-content\/uploads\/2024\/10\/cad-aussparung-heizung-480x320.png 480w, https:\/\/www.megacad-schweiz.ch\/wp-content\/uploads\/2024\/10\/cad-aussparung-heizung-640x427.png 640w\" sizes=\"(max-width: 480px) 100vw, 480px\" alt=\"\" class=\"\" \/>\n                            <figcaption class=\"u-flex u-fd-col u-ai-start u-full--height u-mt-x3 u-mt-x5@sm\"><h4>CAD-Aussparung<\/h4>\n<p>So macht die Ausspa\u00adrungs\u00adpla\u00adnung richtig Spass! Ratio\u00adnelles Erzeugen der Ausspa\u00adrungen mit auto\u00adma\u00adti\u00adscher Beschrif\u00adtung und Bemas\u00adsung. Das Programm-Modul erm\u00f6g\u00adlicht zus\u00e4tz\u00adlich zu den bestehenden Vorlagen nach SIA 410\/2, den Aufbau einer eigenen Biblio\u00adthek f\u00fcr wieder\u00adkeh\u00adrende Ausspa\u00adrungs\u00adtypen.<\/p>\n<\/figcaption>\n                        <\/figure>\n                        \n                    <\/div>\n                    <div class=\"o-grid__col u-mv-x3 u-mv-x5@sm u-6\/12@sm u-4\/12@md\" data-aos=\"none\">\n                    \n                        <figure class=\"u-relative u-full--height u-flex u-fd-col u-ai-start\">\n                            <img decoding=\"async\" src=\"https:\/\/www.megacad-schweiz.ch\/wp-content\/uploads\/2024\/10\/cad-beschriftung-heizung-480x320.png\" srcset=\"https:\/\/www.megacad-schweiz.ch\/wp-content\/uploads\/2024\/10\/cad-beschriftung-heizung-480x320.png 480w, https:\/\/www.megacad-schweiz.ch\/wp-content\/uploads\/2024\/10\/cad-beschriftung-heizung-640x427.png 640w\" sizes=\"(max-width: 480px) 100vw, 480px\" alt=\"\" class=\"\" \/>\n                            <figcaption class=\"u-flex u-fd-col u-ai-start u-full--height u-mt-x3 u-mt-x5@sm\"><h4>CAD-Beschriftung<\/h4>\n<p>Die effi\u00adzi\u00adente Beschrif\u00adtung f\u00fcr die Haus\u00adtechnik. Das schnelle Beschrif\u00adtungs\u00admodul mit erwei\u00adter\u00adbarer Text\u00adda\u00adten\u00adbank f\u00fcr die Leitungs\u00adbe\u00adschrif\u00adtung und Appa\u00adra\u00adte\u00adle\u00adgenden. Eine umfang\u00adreiche Biblio\u00adthek spart Zeit in der Planung. Die bestehende Text\u00adbi\u00adblio\u00adthek kann indi\u00advi\u00adduell ge\u00e4n\u00addert und erwei\u00adtert werden.<\/p>\n<\/figcaption>\n                        <\/figure>\n                        \n                    <\/div>\n                    <div class=\"o-grid__col u-mv-x3 u-mv-x5@sm u-6\/12@sm u-4\/12@md\" data-aos=\"none\">\n                    \n                        <figure class=\"u-relative u-full--height u-flex u-fd-col u-ai-start\">\n                            <img decoding=\"async\" src=\"https:\/\/www.megacad-schweiz.ch\/wp-content\/uploads\/2024\/10\/cad-symbolmanager-480x320.jpg\" srcset=\"https:\/\/www.megacad-schweiz.ch\/wp-content\/uploads\/2024\/10\/cad-symbolmanager-480x320.jpg 480w, https:\/\/www.megacad-schweiz.ch\/wp-content\/uploads\/2024\/10\/cad-symbolmanager-640x427.jpg 640w\" sizes=\"(max-width: 480px) 100vw, 480px\" alt=\"\" class=\"\" \/>\n                            <figcaption class=\"u-flex u-fd-col u-ai-start u-full--height u-mt-x3 u-mt-x5@sm\"><h4>CAD-Symbolmanager<\/h4>\n<p>Umfang\u00adreiche Haus\u00adtechnik-Symbol\u00adbi\u00adblio\u00adthek<\/p>\n<p>Die umfang\u00adreiche Symbol\u00adbi\u00adblio\u00adthek erm\u00f6g\u00adlicht vom ersten Tag an produk\u00adtives Arbeiten:<\/p>\n<ul>\n<li>\u00fcber\u00adsicht\u00adliche Verwal\u00adtung<\/li>\n<li>freie Bezugs\u00adpunkt\u00adwahl<\/li>\n<li>Drehen und Spie\u00adgeln an der Maus<\/li>\n<li>Unter\u00adbre\u00adchung von Elementen<\/li>\n<\/ul>\n<\/figcaption>\n                        <\/figure>\n                        \n                    <\/div>\n        <\/div>\n    <\/div>\n<\/section>\n\n\n<section id=\"teaser__container-block_4b02d7399fb52f102316fe728844e826\" class=\"teaser__container u-pt-x10 u-pb-x10 u-pt-x20@md u-pb-x20@md\">\n    <div class=\"o-container\">\n        <div class=\"o-grid\">\n                    <div class=\"o-grid__col u-mv-x3 u-mv-x5@sm u-6\/12@sm\" data-aos=\"none\">\n                    \n                        <figure class=\"u-relative u-full--height u-flex u-fd-col u-ai-start\">\n                            <img loading=\"lazy\" decoding=\"async\" src=\"https:\/\/www.megacad-schweiz.ch\/wp-content\/uploads\/2024\/10\/roman-hegglin.jpeg\" alt=\"\" class=\"\" width=\"400\" height=\"300\" \/>\n                            <figcaption class=\"u-flex u-fd-col u-ai-start u-full--height u-mt-x3 u-mt-x5@sm\"><h4>Angebot anfragen<\/h4>\n<p>Gerne gehen wir in einer unverbindlichen Pr\u00e4sentation unserer CAD-L\u00f6sungen auf Deine Ziele, die f\u00fcr Dich relevanten Funktionen und alle weiteren Fragen ein, um Dir zu zeigen, wie Du mithilfe von Bausoft Deine Planungsprozesse optimieren kannst.<\/p>\n<div class=\"u-mt-auto\"><a href=\"https:\/\/www.megacad-schweiz.ch\/angebot\/\" class=\"c-btn c-btn__primary u-mt-x3\" target=\"_self\">Angebot anfragen<\/a><\/div><\/figcaption>\n                        <\/figure>\n                        \n                    <\/div>\n                    <div class=\"o-grid__col u-mv-x3 u-mv-x5@sm u-6\/12@sm\" data-aos=\"none\">\n                    \n                        <figure class=\"u-relative u-full--height u-flex u-fd-col u-ai-start\">\n                            <img loading=\"lazy\" decoding=\"async\" src=\"https:\/\/www.megacad-schweiz.ch\/wp-content\/uploads\/2024\/10\/petra-reichmuth.jpeg\" alt=\"\" class=\"\" width=\"400\" height=\"300\" \/>\n                            <figcaption class=\"u-flex u-fd-col u-ai-start u-full--height u-mt-x3 u-mt-x5@sm\"><h4>1:1 Online-Pr\u00e4sentation<\/h4>\n<p>Software vom Planer f\u00fcr den Planer: Vereinbare eine 1:1 Online-Pr\u00e4sentation (60 Minuten exklusiv f\u00fcr Dich) und erfahre, wie die Bausoft CAD Software Dein Unternehmen auf dem Weg zum Erfolg weiter unterst\u00fctzen kann. Vereinbare jetzt einen Pr\u00e4sentations-Termin!<\/p>\n<div class=\"u-mt-auto\"><a href=\"https:\/\/www.megacad-schweiz.ch\/praesentation\/\" class=\"c-btn c-btn__primary u-mt-x3\" target=\"_self\">Termin vereinbaren<\/a><\/div><\/figcaption>\n                        <\/figure>\n                        \n                    <\/div>\n        <\/div>\n    <\/div>\n<\/section>","protected":false},"excerpt":{"rendered":"","protected":false},"author":14,"featured_media":0,"parent":0,"menu_order":21,"comment_status":"closed","ping_status":"closed","template":"","meta":{"_acf_changed":false,"footnotes":""},"class_list":["post-8206","page","type-page","status-publish","hentry"],"acf":[],"_links":{"self":[{"href":"https:\/\/www.megacad-schweiz.ch\/de\/wp-json\/wp\/v2\/pages\/8206","targetHints":{"allow":["GET"]}}],"collection":[{"href":"https:\/\/www.megacad-schweiz.ch\/de\/wp-json\/wp\/v2\/pages"}],"about":[{"href":"https:\/\/www.megacad-schweiz.ch\/de\/wp-json\/wp\/v2\/types\/page"}],"author":[{"embeddable":true,"href":"https:\/\/www.megacad-schweiz.ch\/de\/wp-json\/wp\/v2\/users\/14"}],"replies":[{"embeddable":true,"href":"https:\/\/www.megacad-schweiz.ch\/de\/wp-json\/wp\/v2\/comments?post=8206"}],"version-history":[{"count":18,"href":"https:\/\/www.megacad-schweiz.ch\/de\/wp-json\/wp\/v2\/pages\/8206\/revisions"}],"predecessor-version":[{"id":9674,"href":"https:\/\/www.megacad-schweiz.ch\/de\/wp-json\/wp\/v2\/pages\/8206\/revisions\/9674"}],"wp:attachment":[{"href":"https:\/\/www.megacad-schweiz.ch\/de\/wp-json\/wp\/v2\/media?parent=8206"}],"curies":[{"name":"wp","href":"https:\/\/api.w.org\/{rel}","templated":true}]}}