{"id":8194,"date":"2024-10-21T08:19:02","date_gmt":"2024-10-21T08:19:02","guid":{"rendered":"https:\/\/p-x47nuh.project.space\/?page_id=8194"},"modified":"2024-11-20T10:53:12","modified_gmt":"2024-11-20T10:53:12","slug":"cad-gebaeudetechnik","status":"publish","type":"page","link":"https:\/\/www.megacad-schweiz.ch\/de\/cad-gebaeudetechnik\/","title":{"rendered":"CAD Geb\u00e4udetechnik"},"content":{"rendered":"\n<section id=\"hero__container-block_0a9104ab264d75e60db356d9d1752fe6\" class=\"hero__container u-overlay__gradient--blue u-relative\">\n    <img loading=\"lazy\" decoding=\"async\" src=\"https:\/\/www.megacad-schweiz.ch\/wp-content\/uploads\/2024\/10\/cad-heizung-gebaeudetechnik-software.jpg\" alt=\"\" class=\"u-image--cover u-absolute\" width=\"1600\" height=\"1131\" \/>\n    <div class=\"o-container u-relative u-index--1 u-pt-x20 u-pb-x5 u-pt-x15@md u-pb-x20@md\">\n        <div class=\"o-grid o-grid--rev o-grid--middle\">\n            <figure class=\"o-grid__col u-6\/12@sm u-offset--y@md\"><img loading=\"lazy\" decoding=\"async\" src=\"https:\/\/www.megacad-schweiz.ch\/wp-content\/uploads\/2024\/10\/cad-gebaeudetechnik-software-lueftung.svg\" alt=\"\" class=\" -parallax__hero\" width=\"415\" height=\"258\" \/><\/figure>\n            <div class=\"o-grid__col u-6\/12@sm u-color-white u-mt-x6 u-mt-x0@sm\" data-aos=\"fade\">\n                <h1 class=\"h2\">CAD Geb\u00e4udetechnik Software<\/h1>\n<h4>Mit unserer CAD Software planst Du Dein n\u00e4chstes Projekt schneller und einfacher.<\/h4>\n<h4>Mit Automatisierung und K\u00fcnstlicher Intelligenz kann unsere CAD Geb\u00e4udetechnik Software Deine Skizzen in vollumf\u00e4ngliche Pl\u00e4ne umwandeln &#8211; ob Sanit\u00e4r-, Heizungs- und\/oder L\u00fcftungssysteme.<\/h4>\n<p><a class=\"c-btn c-btn__primary u-mt-x3\" href=\"https:\/\/www.megacad-schweiz.ch\/angebot\/\">Jetzt Angebot einholen<\/a> <a class=\"c-link c-link--arrow\" href=\"https:\/\/www.megacad-schweiz.ch\/praesentation\/\">Online Pr\u00e4sentation<\/a><\/p>\n\n            <\/div>\n        <\/div>\n    <\/div>\n<\/section>\n\n\n<section id=\"headline__container-block_2ba59e01eb769869b2ffc549b376162d\" class=\"headline__container u-pt-x10 u-pb-x0 u-pt-x20@md u-pb-x0@md\">\n    <div class=\"o-container\">\n        <div class=\"o-grid o-grid--center\">\n            <div class=\"o-grid__col u-12\/12@md\" data-aos=\"fade-up\"><h5 class=\"u-color-primary\">Funktionen und Module<\/h5><h2>Geb\u00e4ude in 2D und 3D mit unserer CAD Software planen<\/h2><\/div>\n        <\/div>\n    <\/div>\n<\/section>\n\n\n<section id=\"media-text__container-block_40ee3e7d05050a9dde476df29b8be475\" class=\"media-text__container u-pt-x10 u-pb-x5 u-pt-x10@md u-pb-x10@md\">\n    <div class=\"o-container\">\n        <div class=\"o-grid o-grid--middle\">\n            <div class=\"o-grid__col u-6\/12@sm u-5\/12@md u-mb-x6 u-mb-x0@md u-offset--small\"><img loading=\"lazy\" decoding=\"async\" src=\"https:\/\/www.megacad-schweiz.ch\/wp-content\/uploads\/2024\/10\/cad-gebaeudetechnik-software-illustration.svg\" alt=\"\" class=\"a-parallax__image u-image--rounded\" width=\"296\" height=\"258\" \/>\n            <\/div>\n            <div class=\"o-grid__col u-6\/12@sm u-push-1\/12@md\" data-aos=\"none\">\n                <p><b>Expertise in Beratung und Kundensupport<\/b><\/p>\n<ul>\n<li>Lade Deinen Geb\u00e4udeplan in die Software und beginne direkt mit der Planung<\/li>\n<li>2D Module erm\u00f6glichen eine schnelle Modellierung<\/li>\n<li>3D Module machen das Geb\u00e4ude virtuell begehbar und potentielle Konflikte sichtbar<\/li>\n<li>Fertige Skizzen an und wandle diese in detaillierte Ergebnisse um<\/li>\n<li>Die Software bietet je Fachbereich unterschiedliche Module an<\/li>\n<\/ul>\n<p><a class=\"c-link c-link--arrow\" href=\"https:\/\/www.megacad-schweiz.ch\/gebaeudetechnik-software\/\">Mehr \u00fcber unsere Branchen und Module erfahren<\/a><\/p>\n\n            <\/div>\n        <\/div>\n    <\/div>\n<\/section>\n\n\n<section id=\"headline__container-block_4df59a062a3d70bc8ae379dbeab7ee06\" class=\"headline__container u-pt-x5 u-pb-x5 u-pt-x10@md u-pb-x0@md\">\n    <div class=\"o-container\">\n        <div class=\"o-grid\">\n            <div class=\"o-grid__col u-8\/12@md\" data-aos=\"fade-up\"><h5 class=\"u-color-primary\">CAD Geb\u00e4udetechnik Software<\/h5><h2>Der Einsatz von CAD in der Geb\u00e4udetechnik<\/h2><\/div>\n        <\/div>\n    <\/div>\n<\/section>\n\n\n<section id=\"text__container-block_3ea59c34770142ac5d48d1955a91d989\" class=\"text__container u-pt-x0 u-pb-x10 u-pt-x0@md u-pb-x20@md\">\n    <div class=\"o-container\">\n        <div class=\"o-grid o-grid--center\">\n                <article class=\"o-grid__col u-12\/12@md\" data-aos=\"none\">\n                    <p>Unsere Software hat den Zeichnungs- und Planungsprozess in der Geb\u00e4udetechnik vollst\u00e4ndig digitalisiert und modernisiert. Du legst mit wenigen Klicks Rohre und Leitungen, w\u00e4hlst die ben\u00f6tigte Befestigungstechnik und planst Ventile ein. Die Software korrigiert dabei kleinere Ungenauigkeiten und plant automatisch die korrekte Installation &#8211; so werden bspw. Entw\u00e4sserungsrohre vollautomatisch mit einem Gef\u00e4lle modelliert.<\/p>\n<p>Anstatt diese Pl\u00e4ne auf Papier zu zeichnen, erm\u00f6glicht unser Haustech CAD eine pr\u00e4zisere, schnellere und effizientere Arbeit am Computer. Du kannst zweidimensional planen und dann daraus dreidimensionale Modelle erstellen, was die Planung und Umsetzung von Projekten erleichtert, und Kollisionen oder Probleme fr\u00fchzeitig erkennen. Gerade im Bereich der Geb\u00e4udetechnik ist die CAD Technik besonders wichtig, weil viele verschiedene Systeme (wie Strom, Wasser und Heizung) exakt aufeinander abgestimmt sein m\u00fcssen.<\/p>\n\n                <\/article>\n        <\/div>\n    <\/div>\n<\/section>\n\n\n<section id=\"media__container-block_466fc4b2c4f7c725ce66d3e7e07e7ae4\" class=\"media__container u-pt-x10 u-pb-x10 u-pt-x15@md u-pb-x15@md u-bgcolor-gray-light\">\n    <div class=\"o-container\">\n        <div class=\"o-grid o-grid--center\">\n            <div class=\"o-grid__col u-10\/12@md\" data-aos=\"none\"><div class=\"c-video__wrapper\"><iframe loading=\"lazy\" width=\"560\" height=\"315\" src=\"https:\/\/www.youtube.com\/embed\/cVLkUQitROQ?si=X-WQ0UFGlh2LHF9i\" title=\"YouTube video player\" frameborder=\"0\" allow=\"accelerometer; autoplay; clipboard-write; encrypted-media; gyroscope; picture-in-picture; web-share\" referrerpolicy=\"strict-origin-when-cross-origin\" allowfullscreen><\/iframe><\/div>\n            <\/div>\n        <\/div>\n    <\/div>\n<\/section>\n\n\n<section id=\"headline__container-block_d7e96ac2f32121351fd949f908b33e0c\" class=\"headline__container u-pt-x10 u-pb-x0 u-pt-x10@md u-pb-x5@md u-bgcolor-gray-light\">\n    <div class=\"o-container\">\n        <div class=\"o-grid o-grid--center\">\n            <div class=\"o-grid__col u-12\/12@md\" data-aos=\"fade-up\"><h5 class=\"u-color-primary\">Vorteile von CAD in der Geb\u00e4udetechnik<\/h5><h2>Deutlich k\u00fcrzere Planungszeiten und stark reduzierte Fehleranf\u00e4lligkeit<\/h2><\/div>\n        <\/div>\n    <\/div>\n<\/section>\n\n\n<section id=\"text__container-block_a1bdec23960ac29bfbfa44e2ee95acbe\" class=\"text__container u-pt-x10 u-pb-x10 u-pt-x0@md u-pb-x15@md u-bgcolor-gray-light\">\n    <div class=\"o-container\">\n        <div class=\"o-grid o-grid--center\">\n                <article class=\"o-grid__col u-6\/12@md\" data-aos=\"none\">\n                    <h4>Schnelleres Arbeiten<\/h4>\n<ul>\n<li>Automatisierung und k\u00fcnstliche Intelligenz nehmen Arbeitsschritte ab<\/li>\n<li>Intuitive Funktionen und Tastenkombinationen beschleunigen die Modellierung<\/li>\n<li>Verwende Vorlagen und Materialien aus unserer Datenbank<\/li>\n<li>Komplizierte Berechnungen werden von der Software \u00fcbernommen<\/li>\n<li>In Verbindung mit BIM werden St\u00fcck- und Materiallisten automatisch erzeugt<\/li>\n<\/ul>\n\n                <\/article>\n                <article class=\"o-grid__col u-6\/12@md\" data-aos=\"none\">\n                    <h4>Fehlerfreies Arbeiten<\/h4>\n<ul>\n<li>Probleme treten bereits in der Planung auf, nicht erst auf der Baustelle<\/li>\n<li>Die Software korrigiert automatisch Fehler bei die Skizzierung<\/li>\n<li>Schnelles Umschalten von 2D auf 3D unterst\u00fctzt bei der Visualisierung<\/li>\n<li>Sanit\u00e4r, Heizung und L\u00fcftung arbeiten zusammen im gleichen Geb\u00e4udeplan<\/li>\n<li>Dank BIM-Funktionalit\u00e4t kann das geeignete Material verwendet werden<\/li>\n<\/ul>\n\n                <\/article>\n        <\/div>\n    <\/div>\n<\/section>\n\n\n<section id=\"headline__container-block_064aee7dc100251dae8ae6db93254054\" class=\"headline__container u-pt-x10 u-pb-x5 u-pt-x20@md u-pb-x0@md\">\n    <div class=\"o-container\">\n        <div class=\"o-grid o-grid--center\">\n            <div class=\"o-grid__col u-12\/12@md\" data-aos=\"none\"><h5 class=\"u-color-primary\">CAD und BIM Software<\/h5><h2>CAD und BIM &#8211; Das Dreamteam in der Geb\u00e4udetechnik-Planung<\/h2><\/div>\n        <\/div>\n    <\/div>\n<\/section>\n\n\n<section id=\"media-text__container-block_8e8308f21d1df7241c1823f7a4a4ac23\" class=\"media-text__container u-pt-x10 u-pb-x5 u-pt-x0@md u-pb-x10@md\">\n    <div class=\"o-container\">\n        <div class=\"o-grid o-grid--rev\">\n            <div class=\"o-grid__col u-6\/12@sm u-5\/12@md u-push-1\/12@md u-mb-x6 u-mb-x0@md u-offset--small\"><img decoding=\"async\" src=\"https:\/\/www.megacad-schweiz.ch\/wp-content\/uploads\/2024\/10\/cad-sanitaer-gebaeudetechnik-software-640x452.jpg\" srcset=\"https:\/\/www.megacad-schweiz.ch\/wp-content\/uploads\/2024\/10\/cad-sanitaer-gebaeudetechnik-software-640x452.jpg 640w, https:\/\/www.megacad-schweiz.ch\/wp-content\/uploads\/2024\/10\/cad-sanitaer-gebaeudetechnik-software-1280x905.jpg 1280w, https:\/\/www.megacad-schweiz.ch\/wp-content\/uploads\/2024\/10\/cad-sanitaer-gebaeudetechnik-software-300x212.jpg 300w, https:\/\/www.megacad-schweiz.ch\/wp-content\/uploads\/2024\/10\/cad-sanitaer-gebaeudetechnik-software-768x543.jpg 768w, https:\/\/www.megacad-schweiz.ch\/wp-content\/uploads\/2024\/10\/cad-sanitaer-gebaeudetechnik-software-1536x1086.jpg 1536w, https:\/\/www.megacad-schweiz.ch\/wp-content\/uploads\/2024\/10\/cad-sanitaer-gebaeudetechnik-software-1024x724.jpg 1024w, https:\/\/www.megacad-schweiz.ch\/wp-content\/uploads\/2024\/10\/cad-sanitaer-gebaeudetechnik-software.jpg 1600w\" sizes=\"(max-width: 640px) 100vw, 640px\" alt=\"\" class=\"a-parallax__image u-image--rounded\" \/>\n            <\/div>\n            <div class=\"o-grid__col u-6\/12@sm\" data-aos=\"none\">\n                <p>Bei unserer CAD Software geht es haupts\u00e4chlich um das Erstellen von technischen Zeichnungen und Modellen. Sie wird genutzt, um pr\u00e4zise Entw\u00fcrfe, Pl\u00e4ne und 3D-Modelle von Geb\u00e4uden oder Geb\u00e4udetechnik zu erstellen. Jedoch haben wir mit BIM die M\u00f6glichkeit neben den 3D-Modellen auch umfangreiche Informationen zu den einzelnen Bauteilen eines Geb\u00e4udes darzustellen.<br \/>\nIn einem BIM-Modell kannst Du nicht nur sehen, wie ein Geb\u00e4ude aussieht, sondern auch was genau die einzelnen Komponenten sind (z.B. Materialien, Kosten, Herstellungsinformationen). BIM integriert also zus\u00e4tzliche Daten, die den gesamten Lebenszyklus eines Geb\u00e4udes betreffen, von der Planung \u00fcber den Bau bis hin zur Wartung und Renovierung.<\/p>\n<p><a class=\"c-link c-link--arrow\" href=\"https:\/\/www.megacad-schweiz.ch\/bim-gebaeudetechnik\/\">Mehr \u00fcber unsere BIM Geb\u00e4udetechnik Software<\/a><\/p>\n\n            <\/div>\n        <\/div>\n    <\/div>\n<\/section>\n\n\n<section id=\"headline__container-block_265b7e5fc1b6da8f86364a0b6ec947da\" class=\"headline__container u-pt-x5 u-pb-x5 u-pt-x10@md u-pb-x0@md\">\n    <div class=\"o-container\">\n        <div class=\"o-grid o-grid--center\">\n            <div class=\"o-grid__col u-12\/12@md\" data-aos=\"none\"><h5 class=\"u-color-primary\">Du planst, eine CAD Software einzuf\u00fchren?<\/h5><h2>CAD Geb\u00e4udetechnik Software erstmalig einf\u00fchren<\/h2><\/div>\n        <\/div>\n    <\/div>\n<\/section>\n\n\n<section id=\"text__container-block_fbe7a0a2a34be28b7235a213ea4a558f\" class=\"text__container u-pt-x0 u-pb-x5 u-pt-x0@md u-pb-x10@md\">\n    <div class=\"o-container\">\n        <div class=\"o-grid o-grid--center\">\n                <article class=\"o-grid__col u-12\/12@md\" data-aos=\"none\">\n                    <p>Bei der erstmaligen Einf\u00fchrung einer CAD-Software in einem Installationsbetrieb, der bisher ausschlie\u00dflich mit manuellen Zeichnungen gearbeitet hat, gibt es einige wesentliche Aspekte zu beachten. Zun\u00e4chst ist es entscheidend, dass alle Mitarbeitenden entsprechend geschult werden. Da die Planung bislang mit Stift und Papier erfolgte, m\u00fcssen die Grundlagen der Software und ihre speziellen Funktionen f\u00fcr die Geb\u00e4udetechnik vermittelt werden, um die Umstellung effizient zu gestalten. Hierbei unterst\u00fctzen wir Dich mit unserem Experten-Team!<\/p>\n<p>Ein weiterer wichtiger Punkt ist die technische Ausstattung. CAD-Software erfordert leistungsf\u00e4hige Computer mit ausreichender Grafikleistung und gen\u00fcgend Speicherplatz, damit die neuen Arbeitsprozesse reibungslos ablaufen k\u00f6nnen. Dar\u00fcber hinaus bringt die Einf\u00fchrung von CAD auch Ver\u00e4nderungen im Datenmanagement mit sich. Die bisherige Arbeit mit physischen Pl\u00e4nen weicht einer digitalen Organisation der Planungsdaten. Es muss also sichergestellt werden, dass alle digitalen Pl\u00e4ne gut strukturiert und f\u00fcr alle relevanten Mitarbeitenden zug\u00e4nglich sind.<\/p>\n<p>Mit der richtigen Vorbereitung und einer durchdachten Umsetzung kann der Wechsel von der manuellen Planung auf eine digitale CAD-L\u00f6sung den Betrieb effizienter und zukunftssicherer machen.<\/p>\n\n                <\/article>\n        <\/div>\n    <\/div>\n<\/section>\n\n\n<section id=\"headline__container-block_d3f402905aba999d6f61bf4ee34890ef\" class=\"headline__container u-pt-x5 u-pb-x5 u-pt-x10@md u-pb-x0@md\">\n    <div class=\"o-container\">\n        <div class=\"o-grid o-grid--center\">\n            <div class=\"o-grid__col u-12\/12@md\" data-aos=\"none\"><h5 class=\"u-color-primary\">M\u00f6chtest Du Deine CAD Software wechseln?<\/h5><h2>Von deiner bestehenden CAD Software zu Haustech CAD wechseln<\/h2><\/div>\n        <\/div>\n    <\/div>\n<\/section>\n\n\n<section id=\"text__container-block_65240d12c62e3f7092bfbab8261bf284\" class=\"text__container u-pt-x0 u-pb-x5 u-pt-x0@md u-pb-x10@md\">\n    <div class=\"o-container\">\n        <div class=\"o-grid o-grid--center\">\n                <article class=\"o-grid__col u-12\/12@md\" data-aos=\"none\">\n                    <p>Du nutzt bereits eine CAD-Software, aber Du bist unzufrieden? Wenn Du auf unsere CAD Geb\u00e4udetechnik Software umsteigen willst, solltest Du zun\u00e4chst genau analysieren, warum die bisherige Software nicht euren Erwartungen entspricht. Sind es fehlende Funktionen, eine zu komplizierte Bedienung oder unzureichende Anpassungsm\u00f6glichkeiten f\u00fcr die spezifischen Anforderungen der Geb\u00e4udetechnik? Eine gr\u00fcndliche Evaluierung hilft, diese Schwachstellen zu identifizieren und sicherzustellen, dass wir diese L\u00fccken schlie\u00dfen k\u00f6nnen.<\/p>\n<p>Ein weiterer entscheidender Aspekt ist der reibungslose \u00dcbergang auf das neue System. Um Datenverluste zu vermeiden, sollte gepr\u00fcft werden, ob Deine vorhandenen Planungsdaten problemlos ins Haustech CAD importiert werden k\u00f6nnen. Dabei unterst\u00fctzen wir Dich gerne!<\/p>\n<p>Auch die Schulung der Mitarbeitenden spielt eine wichtige Rolle. Obwohl Dein Team bereits Erfahrung mit CAD-Software hat, k\u00f6nnen sich die Bedienung und Arbeitsabl\u00e4ufe in unserer L\u00f6sung deutlich unterscheiden. Die meisten unserer Module sind jedoch sehr Benutzerfreundlich und selbsterkl\u00e4rend, sodass sich Deine Mitarbeitenden schnell selbst in die Software einarbeiten k\u00f6nnen. Mit unseren Kursen und Geb\u00e4udetechnik-Experten k\u00f6nnen wir Dir dabei zus\u00e4tzlich unter Dir Arme greifen.<\/p>\n\n                <\/article>\n        <\/div>\n    <\/div>\n<\/section>\n\n\n<section id=\"headline__container-block_80036d15e795e6d2c07dacd2845d0af0\" class=\"headline__container u-pt-x5 u-pb-x5 u-pt-x10@md u-pb-x0@md\">\n    <div class=\"o-container\">\n        <div class=\"o-grid o-grid--center\">\n            <div class=\"o-grid__col u-12\/12@md\" data-aos=\"none\"><h5 class=\"u-color-primary\">Nimm Kontakt zu uns auf<\/h5><h2>Bereit f\u00fcr den n\u00e4chsten Schritt?<\/h2><\/div>\n        <\/div>\n    <\/div>\n<\/section>\n\n\n<section id=\"teaser__container-block_2c9a1bfd51ea562c67980c92303262f7\" class=\"teaser__container u-pt-x0 u-pb-x10 u-pt-x20@md u-pb-x20@md\">\n    <div class=\"o-container\">\n        <div class=\"o-grid\">\n                    <div class=\"o-grid__col u-mv-x3 u-mv-x5@sm u-6\/12@sm\" data-aos=\"none\">\n                    \n                        <figure class=\"u-relative u-full--height u-flex u-fd-col u-ai-start\">\n                            <img loading=\"lazy\" decoding=\"async\" src=\"https:\/\/www.megacad-schweiz.ch\/wp-content\/uploads\/2024\/10\/roman-hegglin.jpeg\" alt=\"\" class=\"\" width=\"400\" height=\"300\" \/>\n                            <figcaption class=\"u-flex u-fd-col u-ai-start u-full--height u-mt-x3 u-mt-x5@sm\"><h4>Angebot anfragen<\/h4>\n<p>Gerne gehen wir in einer unverbindlichen Pr\u00e4sentation unserer CAD-L\u00f6sungen auf Deine Ziele, die f\u00fcr Dich relevanten Funktionen und alle weiteren Fragen ein, um Dir zu zeigen, wie Du mithilfe von Bausoft Deine Planungsprozesse optimieren kannst.<\/p>\n<div class=\"u-mt-auto\"><a href=\"https:\/\/www.megacad-schweiz.ch\/angebot\/\" class=\"c-btn c-btn__primary u-mt-x3\" target=\"_self\">Angebot anfragen<\/a><\/div><\/figcaption>\n                        <\/figure>\n                        \n                    <\/div>\n                    <div class=\"o-grid__col u-mv-x3 u-mv-x5@sm u-6\/12@sm\" data-aos=\"none\">\n                    \n                        <figure class=\"u-relative u-full--height u-flex u-fd-col u-ai-start\">\n                            <img loading=\"lazy\" decoding=\"async\" src=\"https:\/\/www.megacad-schweiz.ch\/wp-content\/uploads\/2024\/10\/petra-reichmuth.jpeg\" alt=\"\" class=\"\" width=\"400\" height=\"300\" \/>\n                            <figcaption class=\"u-flex u-fd-col u-ai-start u-full--height u-mt-x3 u-mt-x5@sm\"><h4>1:1 Online-Pr\u00e4sentation<\/h4>\n<p>Software vom Planer f\u00fcr den Planer: Vereinbare eine 1:1 Online-Pr\u00e4sentation (60 Minuten exklusiv f\u00fcr Dich) und erfahre, wie die Bausoft CAD Software Dein Unternehmen auf dem Weg zum Erfolg weiter unterst\u00fctzen kann. Vereinbare jetzt einen Pr\u00e4sentations-Termin!<\/p>\n<div class=\"u-mt-auto\"><a href=\"https:\/\/www.megacad-schweiz.ch\/praesentation\/\" class=\"c-btn c-btn__primary u-mt-x3\" target=\"_self\">Termin vereinbaren<\/a><\/div><\/figcaption>\n                        <\/figure>\n                        \n                    <\/div>\n        <\/div>\n    <\/div>\n<\/section>","protected":false},"excerpt":{"rendered":"","protected":false},"author":14,"featured_media":0,"parent":0,"menu_order":39,"comment_status":"closed","ping_status":"closed","template":"","meta":{"_acf_changed":false,"footnotes":""},"class_list":["post-8194","page","type-page","status-publish","hentry"],"acf":[],"_links":{"self":[{"href":"https:\/\/www.megacad-schweiz.ch\/de\/wp-json\/wp\/v2\/pages\/8194","targetHints":{"allow":["GET"]}}],"collection":[{"href":"https:\/\/www.megacad-schweiz.ch\/de\/wp-json\/wp\/v2\/pages"}],"about":[{"href":"https:\/\/www.megacad-schweiz.ch\/de\/wp-json\/wp\/v2\/types\/page"}],"author":[{"embeddable":true,"href":"https:\/\/www.megacad-schweiz.ch\/de\/wp-json\/wp\/v2\/users\/14"}],"replies":[{"embeddable":true,"href":"https:\/\/www.megacad-schweiz.ch\/de\/wp-json\/wp\/v2\/comments?post=8194"}],"version-history":[{"count":17,"href":"https:\/\/www.megacad-schweiz.ch\/de\/wp-json\/wp\/v2\/pages\/8194\/revisions"}],"predecessor-version":[{"id":10538,"href":"https:\/\/www.megacad-schweiz.ch\/de\/wp-json\/wp\/v2\/pages\/8194\/revisions\/10538"}],"wp:attachment":[{"href":"https:\/\/www.megacad-schweiz.ch\/de\/wp-json\/wp\/v2\/media?parent=8194"}],"curies":[{"name":"wp","href":"https:\/\/api.w.org\/{rel}","templated":true}]}}