{"id":8186,"date":"2024-10-21T07:24:14","date_gmt":"2024-10-21T07:24:14","guid":{"rendered":"https:\/\/p-x47nuh.project.space\/?page_id=8186"},"modified":"2025-09-16T07:42:53","modified_gmt":"2025-09-16T07:42:53","slug":"angebot","status":"publish","type":"page","link":"https:\/\/www.megacad-schweiz.ch\/de\/angebot\/","title":{"rendered":"Angebot"},"content":{"rendered":"\n<section id=\"media-text__container-block_347473adcdcb50e015adabde4637362b\" class=\"media-text__container u-pt-x20 u-pb-x5 u-pt-x5@md u-pb-x5@md\">\n    <div class=\"o-container\">\n        <div class=\"o-grid o-grid--rev o-grid--middle\">\n            <div class=\"o-grid__col u-6\/12@sm u-5\/12@md u-push-1\/12@md u-mb-x6 u-mb-x0@md u-offset--small\"><img loading=\"lazy\" decoding=\"async\" src=\"https:\/\/www.megacad-schweiz.ch\/wp-content\/uploads\/2024\/10\/cad-sanitaer-software-bausoft-small.svg\" alt=\"\" class=\"a-parallax__image u-image--rounded\" width=\"415\" height=\"258\" \/>\n            <\/div>\n            <div class=\"o-grid__col u-6\/12@sm\" data-aos=\"none\">\n                <h3 data-start=\"142\" data-end=\"211\"><strong data-start=\"146\" data-end=\"211\">Flexible CAD-L\u00f6sungen zur Miete \u2013 mit Rundum-Service f\u00fcr dich<\/strong><\/h3>\n<p data-start=\"213\" data-end=\"439\">Mit unseren MegaCAD-L\u00f6sungen f\u00fcr die Geb\u00e4udetechnik bleibst du flexibel: Du w\u00e4hlst, ob du mit der 2D- oder 3D-Version arbeiten willst, erg\u00e4nzt auf Wunsch Add-ons und entscheidest dich f\u00fcr eine Mietdauer von 1, 2 oder 3 Jahren.<\/p>\n<p data-start=\"441\" data-end=\"677\">Je l\u00e4nger die Laufzeit, desto g\u00fcnstiger wird es: Bei 2 Jahren bekommst du <strong data-start=\"515\" data-end=\"530\">10\u202f% Rabatt<\/strong>, bei 3 Jahren sogar <strong data-start=\"551\" data-end=\"559\">20\u202f%<\/strong> auf den Jahrespreis. Zus\u00e4tzlich gibt\u2019s aktuell <strong data-start=\"607\" data-end=\"633\">10\u202f% Einf\u00fchrungsrabatt<\/strong> auf alle Produkte \u2013 das lohnt sich richtig.<\/p>\n\n            <\/div>\n        <\/div>\n    <\/div>\n<\/section>\n\n\n<section id=\"code__container-block_5adc8e021fe40341c6d97fbeeee5901a\" class=\"code__container u-pt-x5 u-pb-x5 u-pt-x10@md u-pb-x10@md u-bgcolor-gray-light\">\n    <div class=\"o-container\">\n        <div class=\"o-grid o-grid--center\">\n            <div class=\"o-grid__col u-12\/12@md\" data-aos=\"none\">\n                        <script charset=\"utf-8\" type=\"text\/javascript\" src=\"\/\/js-eu1.hsforms.net\/forms\/embed\/v2.js\"><\/script>\n                        <script>\n                        hbspt.forms.create({\n                        portalId: \"144188898\",\n                        formId: \"d21aee22-4135-4e96-abb0-9dd38314db60\"\n                        });\n                        <\/script>\n            <\/div>\n        <\/div>\n    <\/div>\n<\/section>","protected":false},"excerpt":{"rendered":"","protected":false},"author":14,"featured_media":0,"parent":0,"menu_order":55,"comment_status":"closed","ping_status":"closed","template":"","meta":{"_acf_changed":false,"footnotes":""},"class_list":["post-8186","page","type-page","status-publish","hentry"],"acf":[],"_links":{"self":[{"href":"https:\/\/www.megacad-schweiz.ch\/de\/wp-json\/wp\/v2\/pages\/8186","targetHints":{"allow":["GET"]}}],"collection":[{"href":"https:\/\/www.megacad-schweiz.ch\/de\/wp-json\/wp\/v2\/pages"}],"about":[{"href":"https:\/\/www.megacad-schweiz.ch\/de\/wp-json\/wp\/v2\/types\/page"}],"author":[{"embeddable":true,"href":"https:\/\/www.megacad-schweiz.ch\/de\/wp-json\/wp\/v2\/users\/14"}],"replies":[{"embeddable":true,"href":"https:\/\/www.megacad-schweiz.ch\/de\/wp-json\/wp\/v2\/comments?post=8186"}],"version-history":[{"count":25,"href":"https:\/\/www.megacad-schweiz.ch\/de\/wp-json\/wp\/v2\/pages\/8186\/revisions"}],"predecessor-version":[{"id":11125,"href":"https:\/\/www.megacad-schweiz.ch\/de\/wp-json\/wp\/v2\/pages\/8186\/revisions\/11125"}],"wp:attachment":[{"href":"https:\/\/www.megacad-schweiz.ch\/de\/wp-json\/wp\/v2\/media?parent=8186"}],"curies":[{"name":"wp","href":"https:\/\/api.w.org\/{rel}","templated":true}]}}