{"id":8185,"date":"2024-10-21T07:29:12","date_gmt":"2024-10-21T07:29:12","guid":{"rendered":"https:\/\/p-x47nuh.project.space\/?page_id=8185"},"modified":"2025-12-08T09:12:07","modified_gmt":"2025-12-08T09:12:07","slug":"kontakt","status":"publish","type":"page","link":"https:\/\/www.megacad-schweiz.ch\/de\/kontakt\/","title":{"rendered":"Kontakt"},"content":{"rendered":"\n<section id=\"media-text__container-block_105a709b7d03321a5807a7823ceea3cd\" class=\"media-text__container u-pt-x10 u-pb-x5 u-pt-x20@md u-pb-x5@md\">\n    <div class=\"o-container\">\n        <div class=\"o-grid o-grid--rev o-grid--middle\">\n            <div class=\"o-grid__col u-6\/12@sm u-5\/12@md u-push-1\/12@md u-mb-x6 u-mb-x0@md u-offset--small\">\n            <\/div>\n            <div class=\"o-grid__col u-6\/12@sm\" data-aos=\"none\">\n                <h5 class=\"u-color-primary\">Du hast ein allgemeines Anliegen?<\/h5>\n<h1 class=\"h2\">Dein Kontakt zu Bausoft<\/h1>\n<p>Du hast eine Frage zu unseren Produkten, zu unseren Schulungsangeboten, zu unserem Unternehmen oder ein sonstiges Anliegen?<\/p>\n<p>Teile uns bequem \u00fcber das Online-Formular mit, zu welchen Themen Du eine R\u00fcckmeldung w\u00fcnschst.<\/p>\n<p>Wir werden uns schnellstm\u00f6glich bei Dir melden.<\/p>\n\n            <\/div>\n        <\/div>\n    <\/div>\n<\/section>\n\n\n<section id=\"code__container-block_8d612fb8c229121bb07536f75574240d\" class=\"code__container u-pt-x5 u-pb-x5 u-pt-x10@md u-pb-x10@md\">\n    <div class=\"o-container\">\n        <div class=\"o-grid o-grid--center\">\n            <div class=\"o-grid__col u-12\/12@md\" data-aos=\"none\">\n                        <script charset=\"utf-8\" type=\"text\/javascript\" src=\"\/\/js-eu1.hsforms.net\/forms\/embed\/v2.js\"><\/script>\n                        <script>\n                        hbspt.forms.create({\n                        portalId: \"144188898\",\n                        formId: \"482e297a-76df-4bd6-9e2b-7aa149b56fdb\"\n                        });\n                        <\/script>\n            <\/div>\n        <\/div>\n    <\/div>\n<\/section>\n\n\n<section id=\"headline__container-block_2fd09463f1ada91bd630e6941142b48a\" class=\"headline__container u-pt-x5 u-pb-x5 u-pt-x10@md u-pb-x10@md\">\n    <div class=\"o-container\">\n        <div class=\"o-grid o-grid--center\">\n            <div class=\"o-grid__col u-12\/12@md\" data-aos=\"none\"><h5 class=\"u-color-primary\">Vertriebsmitarbeiter<\/h5><h2>Wir beantworten Deine Fragen<\/h2><\/div>\n        <\/div>\n    <\/div>\n<\/section>\n\n\n<section id=\"teaser__container-block_15984fe78028b2e2527ce5a9133b39a0\" class=\"teaser__container u-pt-x0 u-pb-x10 u-pt-x10@md u-pb-x20@md\">\n    <div class=\"o-container\">\n        <div class=\"o-grid o-grid--center\">\n                        <div class=\"o-grid__col u-mv-x3 u-6\/12@sm u-4\/12@md\" data-aos=\"none\">\n                        \n                            <figure class=\"u-relative u-flex u-fd-col u-ai-start u-full--height c-card u-overflow--hidden u-p-x6 u-bgcolor-white\">\n                                <img loading=\"lazy\" decoding=\"async\" src=\"https:\/\/www.megacad-schweiz.ch\/wp-content\/uploads\/2025\/12\/Dennes-320x320-1.jpg\" alt=\"\" class=\"\" width=\"320\" height=\"320\" \/>\n                                <figcaption class=\"u-flex u-fd-col u-ai-start u-full--height u-mt-x3 u-mt-x5@sm\"><p><strong>Dennes Terkowski<\/strong><br \/>\nProjektleitung Technik \/ Vertrieb<\/p>\n<p>\u2022 Erstellen von Angeboten und Rech\u00adnungen<br \/>\n\u2022 Erst\u00adkon\u00adtakt Kunden<\/p>\n<p>Mail: dennes.terkowski@megacadgroup.com<br \/>\nTelefon: +49 40 507973-22<\/p>\n<\/figcaption>\n                            <\/figure>\n                            \n                        <\/div>\n        <\/div>\n    <\/div>\n<\/section>","protected":false},"excerpt":{"rendered":"","protected":false},"author":14,"featured_media":0,"parent":0,"menu_order":56,"comment_status":"closed","ping_status":"closed","template":"","meta":{"_acf_changed":false,"footnotes":""},"class_list":["post-8185","page","type-page","status-publish","hentry"],"acf":[],"_links":{"self":[{"href":"https:\/\/www.megacad-schweiz.ch\/de\/wp-json\/wp\/v2\/pages\/8185","targetHints":{"allow":["GET"]}}],"collection":[{"href":"https:\/\/www.megacad-schweiz.ch\/de\/wp-json\/wp\/v2\/pages"}],"about":[{"href":"https:\/\/www.megacad-schweiz.ch\/de\/wp-json\/wp\/v2\/types\/page"}],"author":[{"embeddable":true,"href":"https:\/\/www.megacad-schweiz.ch\/de\/wp-json\/wp\/v2\/users\/14"}],"replies":[{"embeddable":true,"href":"https:\/\/www.megacad-schweiz.ch\/de\/wp-json\/wp\/v2\/comments?post=8185"}],"version-history":[{"count":15,"href":"https:\/\/www.megacad-schweiz.ch\/de\/wp-json\/wp\/v2\/pages\/8185\/revisions"}],"predecessor-version":[{"id":11543,"href":"https:\/\/www.megacad-schweiz.ch\/de\/wp-json\/wp\/v2\/pages\/8185\/revisions\/11543"}],"wp:attachment":[{"href":"https:\/\/www.megacad-schweiz.ch\/de\/wp-json\/wp\/v2\/media?parent=8185"}],"curies":[{"name":"wp","href":"https:\/\/api.w.org\/{rel}","templated":true}]}}