{"id":7851,"date":"2024-10-07T14:38:30","date_gmt":"2024-10-07T14:38:30","guid":{"rendered":"https:\/\/p-x47nuh.project.space\/?page_id=7851"},"modified":"2025-12-16T09:41:10","modified_gmt":"2025-12-16T09:41:10","slug":"praesentation","status":"publish","type":"page","link":"https:\/\/www.megacad-schweiz.ch\/de\/praesentation\/","title":{"rendered":"Pr\u00e4sentation"},"content":{"rendered":"\n<section id=\"code__container-block_19068e6e2b16203d2c8885b702f2728e\" class=\"code__container u-pt-x10 u-pb-x10 u-pt-x20@md u-pb-x20@md\">\n    <div class=\"o-container\">\n        <div class=\"o-grid o-grid--center\">\n            <div class=\"o-grid__col u-12\/12@md\" data-aos=\"none\"><iframe loading=\"lazy\" width=\"1200\" height=\"630\" src=\"https:\/\/www.youtube.com\/embed\/m-jSJvz4jOs?si=L5JDlvnGaMqvmQER\" title=\"YouTube video player\" frameborder=\"0\" allow=\"accelerometer; autoplay; clipboard-write; encrypted-media; gyroscope; picture-in-picture; web-share\" referrerpolicy=\"strict-origin-when-cross-origin\" allowfullscreen><\/iframe>\n            <\/div>\n        <\/div>\n    <\/div>\n<\/section>\n\n\n<section id=\"headline__container-block_c97739071496c21ea13e49aa152358f1\" class=\"headline__container u-pt-x5 u-pb-x5 u-pt-x20@md u-pb-x5@md\">\n    <div class=\"o-container\">\n        <div class=\"o-grid o-grid--center\">\n            <div class=\"o-grid__col u-12\/12@md\" data-aos=\"none\"><h3 class=\"u-color-primary\">Dein Projekt live geplant!<\/h3><h2>Mit deinen DWG\/DXF-Daten oder unseren Beispielprojekten<\/h2><\/div>\n        <\/div>\n    <\/div>\n<\/section>\n\n\n<section id=\"media-text__container-block_52058d7c9ed8e6f05c6763366bccb8d2\" class=\"media-text__container u-pt-x20 u-pb-x5 u-pt-x5@md u-pb-x5@md\">\n    <div class=\"o-container\">\n        <div class=\"o-grid o-grid--rev o-grid--middle\">\n            <div class=\"o-grid__col u-6\/12@sm u-5\/12@md u-push-1\/12@md u-mb-x6 u-mb-x0@md u-offset--small\"><img decoding=\"async\" src=\"https:\/\/www.megacad-schweiz.ch\/wp-content\/uploads\/2025\/06\/Bausoft_Praesi_neu_Quadrat-640x640.jpg\" srcset=\"https:\/\/www.megacad-schweiz.ch\/wp-content\/uploads\/2025\/06\/Bausoft_Praesi_neu_Quadrat-640x640.jpg 640w, https:\/\/www.megacad-schweiz.ch\/wp-content\/uploads\/2025\/06\/Bausoft_Praesi_neu_Quadrat-150x150.jpg 150w, https:\/\/www.megacad-schweiz.ch\/wp-content\/uploads\/2025\/06\/Bausoft_Praesi_neu_Quadrat-300x300.jpg 300w, https:\/\/www.megacad-schweiz.ch\/wp-content\/uploads\/2025\/06\/Bausoft_Praesi_neu_Quadrat-768x768.jpg 768w, https:\/\/www.megacad-schweiz.ch\/wp-content\/uploads\/2025\/06\/Bausoft_Praesi_neu_Quadrat-1024x1024.jpg 1024w, https:\/\/www.megacad-schweiz.ch\/wp-content\/uploads\/2025\/06\/Bausoft_Praesi_neu_Quadrat.jpg 1080w\" sizes=\"(max-width: 640px) 100vw, 640px\" alt=\"\" class=\"a-parallax__image u-image--rounded\" \/>\n            <\/div>\n            <div class=\"o-grid__col u-6\/12@sm\" data-aos=\"none\">\n                <p>In deiner pers\u00f6nlichen Live-Pr\u00e4sentation zeigen wir dir, wie Bausoft deine Planung schneller, einfacher und sicherer macht.<br data-start=\"360\" data-end=\"363\" \/>Und zwar nicht anhand einer Standard-Demo, sondern ganz konkret \u2013 entweder mit deinem eigenen Projekt oder einem passenden Beispiel aus der Praxis.<\/p>\n<p><strong>Im Kalender kannst Du ganz einfach Deinen Wunschtermin ausw\u00e4hlen.<\/strong><\/p>\n\n            <\/div>\n        <\/div>\n    <\/div>\n<\/section>\n\n\n<section id=\"text__container-block_536e3e71eaf7cfbd166c1936de933c72\" class=\"text__container u-pt-x5 u-pb-x5 u-pt-x5@md u-pb-x5@md u-bgcolor-gray-light\">\n    <div class=\"o-container\">\n        <div class=\"o-grid o-grid--center\">\n                <article class=\"o-grid__col u-12\/12@md\" data-aos=\"none\">\n                    <h4>So l\u00e4uft\u2019s ab:<\/h4>\n<ul>\n<li>Du schickst uns vorab deinen Grundriss (mindestens 5 Tage vorher) als DWG- oder DXF-Datei an:<\/li>\n<li>\u00a0In der Pr\u00e4sentation zeigen wir dir live, wie daraus in wenigen Klicks ein fertiger Plan entsteht<\/li>\n<li>\u00a0Wenn du keine CAD-Daten zur Hand hast, nutzen wir eines unserer erprobten Beispielprojekte<\/li>\n<\/ul>\n<p data-start=\"761\" data-end=\"777\"><strong data-start=\"763\" data-end=\"775\">Wichtig:<\/strong><\/p>\n<ul data-start=\"778\" data-end=\"1069\">\n<li data-start=\"778\" data-end=\"831\">\n<p data-start=\"780\" data-end=\"831\"><strong data-start=\"780\" data-end=\"829\">PDFs oder Scans k\u00f6nnen nicht verwendet werden<\/strong><\/p>\n<\/li>\n<li data-start=\"832\" data-end=\"994\">\n<p data-start=\"834\" data-end=\"994\"><strong data-start=\"834\" data-end=\"890\">Die Darstellung erfolgt beispielhaft und ohne Gew\u00e4hr<\/strong> \u2013\u00a0es handelt sich <strong data-start=\"947\" data-end=\"992\">nicht um eine vollst\u00e4ndige Projektplanung<\/strong><\/p>\n<\/li>\n<li data-start=\"995\" data-end=\"1069\">\n<p data-start=\"997\" data-end=\"1069\"><strong data-start=\"997\" data-end=\"1069\">Es wird keine Haftung f\u00fcr Planungsinhalte oder Ergebnisse \u00fcbernommen<\/strong><\/p>\n<\/li>\n<\/ul>\n<p>So funktioniert\u2019s:<\/p>\n<p>1. Deinen Wunschtermin im Kalender w\u00e4hlen (Du wirst automatisch dem passenden Mitarbeiter zugewiesen)<\/p>\n<p>2. Du erh\u00e4ltst automatisch eine E-Mail mit Einladung zum Webmeeting.<\/p>\n\n                <\/article>\n        <\/div>\n    <\/div>\n<\/section>\n\n\n<section id=\"code__container-block_f244f54275bacc8e3fae4410ad7b8a7b\" class=\"code__container u-pt-x0 u-pb-x5 u-pt-x5@md u-pb-x20@md\">\n    <div class=\"o-container\">\n        <div class=\"o-grid o-grid--center\">\n            <div class=\"o-grid__col u-12\/12@md\" data-aos=\"none\"><!-- Start of Meetings Embed Script -->\r\n    <div class=\"meetings-iframe-container\" data-src=\"https:\/\/meetings-eu1.hubspot.com\/dennes-terkowski\/prasentationstermin-bausoft?embed=true\"><\/div>\r\n    <script type=\"text\/javascript\" src=\"https:\/\/static.hsappstatic.net\/MeetingsEmbed\/ex\/MeetingsEmbedCode.js\"><\/script>\r\n  <!-- End of Meetings Embed Script -->\n            <\/div>\n        <\/div>\n    <\/div>\n<\/section>\n\n\n<section id=\"headline__container-block_5597685cb3936d6dfcc032efcb412b86\" class=\"headline__container u-pt-x5 u-pb-x5 u-pt-x20@md u-pb-x0@md\">\n    <div class=\"o-container\">\n        <div class=\"o-grid o-grid--center\">\n            <div class=\"o-grid__col u-12\/12@md\" data-aos=\"none\"><h5 class=\"u-color-primary\">Vertriebsmitarbeiter<\/h5><h2>Wir beantworten Deine Fragen<\/h2><\/div>\n        <\/div>\n    <\/div>\n<\/section>\n\n\n<section id=\"text__container-block_c977353804466259a39efc6a6a75faea\" class=\"text__container u-pt-x0 u-pb-x5 u-pt-x0@md u-pb-x10@md\">\n    <div class=\"o-container\">\n        <div class=\"o-grid o-grid--center\">\n                <article class=\"o-grid__col u-12\/12@md\" data-aos=\"none\">\n                    <p>Egal in welcher Phase Du dich gerade befindest: Wir k\u00f6nnen Dir weiterhelfen. Ob Du gerade kurz vor einem Projekt stehst und so schnell wie m\u00f6glich eine CAD Software ben\u00f6tigst. Oder ob sich ein neues Projekt ank\u00fcndigt und Du dich darauf vorbereiten m\u00f6chtest &#8211; wir sind seit \u00fcber 30 Jahren am Markt und finden die optimale L\u00f6sung f\u00fcr Deine individuelle Situation. Frag\u2019 einfach drauf los!<\/p>\n                <\/article>\n        <\/div>\n    <\/div>\n<\/section>\n\n\n<section id=\"teaser__container-block_e95f140c358cccb60f1c220ac43807ef\" class=\"teaser__container u-pt-x0 u-pb-x10 u-pt-x10@md u-pb-x20@md\">\n    <div class=\"o-container\">\n        <div class=\"o-grid o-grid--center\">\n                        <div class=\"o-grid__col u-mv-x3 u-6\/12@sm u-4\/12@md\" data-aos=\"none\">\n                        \n                            <figure class=\"u-relative u-flex u-fd-col u-ai-start u-full--height c-card u-overflow--hidden u-p-x6 u-bgcolor-white\">\n                                <img decoding=\"async\" src=\"https:\/\/www.megacad-schweiz.ch\/wp-content\/uploads\/2025\/12\/Dennes_09-2025-480x320.jpg\" srcset=\"https:\/\/www.megacad-schweiz.ch\/wp-content\/uploads\/2025\/12\/Dennes_09-2025-480x320.jpg 480w, https:\/\/www.megacad-schweiz.ch\/wp-content\/uploads\/2025\/12\/Dennes_09-2025-640x427.jpg 640w\" sizes=\"(max-width: 480px) 100vw, 480px\" alt=\"\" class=\"\" \/>\n                                <figcaption class=\"u-flex u-fd-col u-ai-start u-full--height u-mt-x3 u-mt-x5@sm\"><p><strong>Dennes Terkowski<\/strong><br \/>\nProjektleitung Technik \/ Vertrieb<\/p>\n<p>\u2022 Erstellen von Angeboten und Rech\u00adnungen<br \/>\n\u2022 Erst\u00adkon\u00adtakt Kunden<\/p>\n<p>Mail: dennes.terkowski@megacadgroup.com<br \/>\nTelefon: +49 40 507973-22<\/p>\n<\/figcaption>\n                            <\/figure>\n                            \n                        <\/div>\n        <\/div>\n    <\/div>\n<\/section>","protected":false},"excerpt":{"rendered":"","protected":false},"author":1,"featured_media":0,"parent":0,"menu_order":58,"comment_status":"closed","ping_status":"closed","template":"","meta":{"_acf_changed":false,"footnotes":""},"class_list":["post-7851","page","type-page","status-publish","hentry"],"acf":[],"_links":{"self":[{"href":"https:\/\/www.megacad-schweiz.ch\/de\/wp-json\/wp\/v2\/pages\/7851","targetHints":{"allow":["GET"]}}],"collection":[{"href":"https:\/\/www.megacad-schweiz.ch\/de\/wp-json\/wp\/v2\/pages"}],"about":[{"href":"https:\/\/www.megacad-schweiz.ch\/de\/wp-json\/wp\/v2\/types\/page"}],"author":[{"embeddable":true,"href":"https:\/\/www.megacad-schweiz.ch\/de\/wp-json\/wp\/v2\/users\/1"}],"replies":[{"embeddable":true,"href":"https:\/\/www.megacad-schweiz.ch\/de\/wp-json\/wp\/v2\/comments?post=7851"}],"version-history":[{"count":39,"href":"https:\/\/www.megacad-schweiz.ch\/de\/wp-json\/wp\/v2\/pages\/7851\/revisions"}],"predecessor-version":[{"id":11568,"href":"https:\/\/www.megacad-schweiz.ch\/de\/wp-json\/wp\/v2\/pages\/7851\/revisions\/11568"}],"wp:attachment":[{"href":"https:\/\/www.megacad-schweiz.ch\/de\/wp-json\/wp\/v2\/media?parent=7851"}],"curies":[{"name":"wp","href":"https:\/\/api.w.org\/{rel}","templated":true}]}}