{"id":7847,"date":"2024-10-07T14:37:41","date_gmt":"2024-10-07T14:37:41","guid":{"rendered":"https:\/\/p-x47nuh.project.space\/?page_id=7847"},"modified":"2024-11-20T10:57:13","modified_gmt":"2024-11-20T10:57:13","slug":"kundenservice","status":"publish","type":"page","link":"https:\/\/www.megacad-schweiz.ch\/de\/kundenservice\/","title":{"rendered":"Kundenservice"},"content":{"rendered":"\n<section id=\"headline__container-block_ca3995013a3d82815b96aa550fc6b471\" class=\"headline__container u-pt-x10 u-pb-x5 u-pt-x20@md u-pb-x0@md\">\n    <div class=\"o-container\">\n        <div class=\"o-grid o-grid--center\">\n            <div class=\"o-grid__col u-12\/12@md\" data-aos=\"none\"><h5 class=\"u-color-primary\">Der Kunde steht bei uns im Mittelpunkt<\/h5><h2>Unser Support-Team h\u00e4lt Dir den R\u00fccken frei!<\/h2><\/div>\n        <\/div>\n    <\/div>\n<\/section>\n\n\n<section id=\"text__container-block_6dba856079e18c9e839b00e25d150828\" class=\"text__container u-pt-x0 u-pb-x5 u-pt-x0@md u-pb-x10@md\">\n    <div class=\"o-container\">\n        <div class=\"o-grid o-grid--center\">\n                <article class=\"o-grid__col u-12\/12@md\" data-aos=\"none\">\n                    <p>Gegr\u00fcndet im Jahr 1994, hat sich die Bausoft Informatik AG kontinuierlich weiterentwickelt und ist heute ein innovativer Player im Bereich Geb\u00e4udetechnik. Unsere Vision ist es, auch in den kommenden Jahrzehnten mit unseren praktischen und innovativen L\u00f6sungen den Planungsalltag unserer Kunden zu erleichtern und neue Massst\u00e4be zu setzen. Wir sind seit vielen Jahren einer der f\u00fchrenden Anbieter f\u00fcr Haustechnik-CAD-L\u00f6sungen in der Schweiz. Mit unserer Software k\u00f6nnen Unternehmen der Geb\u00e4udetechnik ihre Projekte effizient und erfolgreich planen \u2013 von der ersten Entwurfsphase bis hin zur fertigen Ausf\u00fchrung. Unsere L\u00f6sungen sind praxisnah, modular und optimal an die Bed\u00fcrfnisse unserer Kunden angepasst.<\/p>\n<p>Mit \u00fcber 850 zufriedenen Kunden haben wir \u00fcber die Jahre die Bed\u00fcrfnisse von Ingenieurb\u00fcros und Installateuren in den Bereichen Sanit\u00e4r, Heizung, L\u00fcftung und Spengler verstanden und mit unserer Software eine verl\u00e4ssliche L\u00f6sung an ihre Seite gestellt. Damit dies auch so bleibt, begleiten wir neue Kunden bei ihrem ersten Projekt und stellen so sicher, dass das Projekt mit unserer Software effizient und fehlerfrei geplant wird. Im gleichen Zuge bleiben wir dicht am Kunden und bekommen weitere Einblicke in den sich wandelnden Alltag unserer Anwender.<\/p>\n\n                <\/article>\n        <\/div>\n    <\/div>\n<\/section>\n\n\n<section id=\"headline__container-block_7f7a43f71175da753e31e457e3324840\" class=\"headline__container u-pt-x5 u-pb-x5 u-pt-x10@md u-pb-x0@md\">\n    <div class=\"o-container\">\n        <div class=\"o-grid o-grid--center\">\n            <div class=\"o-grid__col u-12\/12@md\" data-aos=\"none\"><h5 class=\"u-color-primary\">Direkter Kontakt zum Support<\/h5><h2>E-Mail und Telefon Support<\/h2><\/div>\n        <\/div>\n    <\/div>\n<\/section>\n\n\n<section id=\"media-text__container-block_3ad3b33fb78e2780e818d9a04f135c8a\" class=\"media-text__container u-pt-x5 u-pb-x5 u-pt-x5@md u-pb-x20@md\">\n    <div class=\"o-container\">\n        <div class=\"o-grid o-grid--middle\">\n            <div class=\"o-grid__col u-6\/12@sm u-5\/12@md u-mb-x6 u-mb-x0@md u-offset--small\"><img decoding=\"async\" src=\"https:\/\/www.megacad-schweiz.ch\/wp-content\/uploads\/2024\/10\/kundensupport-640x427.jpeg\" srcset=\"https:\/\/www.megacad-schweiz.ch\/wp-content\/uploads\/2024\/10\/kundensupport-640x427.jpeg 640w, https:\/\/www.megacad-schweiz.ch\/wp-content\/uploads\/2024\/10\/kundensupport-300x200.jpeg 300w, https:\/\/www.megacad-schweiz.ch\/wp-content\/uploads\/2024\/10\/kundensupport-768x513.jpeg 768w, https:\/\/www.megacad-schweiz.ch\/wp-content\/uploads\/2024\/10\/kundensupport-480x320.jpeg 480w, https:\/\/www.megacad-schweiz.ch\/wp-content\/uploads\/2024\/10\/kundensupport.jpeg 800w\" sizes=\"(max-width: 640px) 100vw, 640px\" alt=\"\" class=\"a-parallax__image u-image--rounded\" \/>\n            <\/div>\n            <div class=\"o-grid__col u-6\/12@sm u-push-1\/12@md\" data-aos=\"none\">\n                <p><strong>Effiziente Unterst\u00fctzung per Email<\/strong><\/p>\n<p>Ihr erreicht uns per Mail wie folgt unter:<br \/>\nsupport@bausoft.ch<\/p>\n<p><strong>Unterst\u00fctzung per Telefon<\/strong><br \/>\n+41 44 714 70 22<\/p>\n<p>Montag &#8211; Freitag, 08:00 &#8211; 11:45 Uhr und 13:30 Uhr &#8211; 17:00 Uhr<\/p>\n\n            <\/div>\n        <\/div>\n    <\/div>\n<\/section>\n\n\n<section id=\"headline__container-block_aac85245071f69a80f4ec9e8793d7bf7\" class=\"headline__container u-pt-x10 u-pb-x5 u-pt-x20@md u-pb-x0@md u-bgcolor-gray-light\">\n    <div class=\"o-container\">\n        <div class=\"o-grid o-grid--center\">\n            <div class=\"o-grid__col u-12\/12@md\" data-aos=\"none\"><h5 class=\"u-color-primary\">Damit die Software fl\u00fcssig l\u00e4uft<\/h5><h2>Betriebssystem und die richtige Hardware<\/h2><\/div>\n        <\/div>\n    <\/div>\n<\/section>\n\n\n<section id=\"text__container-block_e9fe30c652db21e66656cc1fd1ee34c5\" class=\"text__container u-pt-x0 u-pb-x5 u-pt-x0@md u-pb-x0@md u-bgcolor-gray-light\">\n    <div class=\"o-container\">\n        <div class=\"o-grid o-grid--center\">\n                <article class=\"o-grid__col u-12\/12@md\" data-aos=\"none\">\n                    <p><strong>Betriebs\u00adsy\u00adstem<\/strong><\/p>\n<p>Die aktu\u00adelle Version des Haus\u00adtech CAD wurde f\u00fcr Windows 10 und Windows 11 entwickelt.\u2028Das Haus\u00adtech CAD wird ausschliess\u00adlich als 64-Bit Version ausge\u00adlie\u00adfert.<\/p>\n<p><strong>Hinweis: Das Haus\u00adtech CAD wird ausschliess\u00adlich auf dem Lauf\u00adwerk C: instal\u00adliert. Es m\u00fcssen minde\u00adstens 5 GB Spei\u00adcher\u00adplatz verf\u00fcgbar sein.<\/strong><\/p>\n\n                <\/article>\n        <\/div>\n    <\/div>\n<\/section>\n\n\n<section id=\"media__container-block_a1e621b1656b05d052ade7f5598aada4\" class=\"media__container u-pt-x5 u-pb-x5 u-pt-x5@md u-pb-x20@md u-bgcolor-gray-light\">\n    <div class=\"o-container\">\n        <div class=\"o-grid o-grid--center\">\n            <div class=\"o-grid__col u-12\/12@md\" data-aos=\"none\"><img decoding=\"async\" src=\"https:\/\/www.megacad-schweiz.ch\/wp-content\/uploads\/2024\/10\/hardware-anforderungen-1280x726.png\" srcset=\"https:\/\/www.megacad-schweiz.ch\/wp-content\/uploads\/2024\/10\/hardware-anforderungen-1280x726.png 1280w, https:\/\/www.megacad-schweiz.ch\/wp-content\/uploads\/2024\/10\/hardware-anforderungen-300x170.png 300w, https:\/\/www.megacad-schweiz.ch\/wp-content\/uploads\/2024\/10\/hardware-anforderungen-768x435.png 768w, https:\/\/www.megacad-schweiz.ch\/wp-content\/uploads\/2024\/10\/hardware-anforderungen-1536x871.png 1536w, https:\/\/www.megacad-schweiz.ch\/wp-content\/uploads\/2024\/10\/hardware-anforderungen-640x363.png 640w, https:\/\/www.megacad-schweiz.ch\/wp-content\/uploads\/2024\/10\/hardware-anforderungen-1024x580.png 1024w, https:\/\/www.megacad-schweiz.ch\/wp-content\/uploads\/2024\/10\/hardware-anforderungen.png 1916w\" sizes=\"(max-width: 1200px) 100vw, 1200px\" alt=\"\" class=\"u-image--rounded\" \/>\n            <\/div>\n        <\/div>\n    <\/div>\n<\/section>\n\n\n<section id=\"text__container-block_d80ee018ba59083b048f19936098f81f\" class=\"text__container u-pt-x5 u-pb-x10 u-pt-x0@md u-pb-x20@md u-bgcolor-gray-light\">\n    <div class=\"o-container\">\n        <div class=\"o-grid o-grid--center\">\n                <article class=\"o-grid__col u-12\/12@md\" data-aos=\"none\">\n                    <p><strong>Empfeh\u00adlung f\u00fcr Note\u00adbooks<\/strong><\/p>\n<p>Das Haus\u00adtech CAD l\u00e4uft auf allen Ger\u00e4ten mit instal\u00adlierten Windows 10 oder 11. Wir raten f\u00fcr den Einsatz des Haus\u00adtech CAD 2D und 3D, zu einem Modell mit einer sepa\u00adraten Grafik\u00adkarte (Hersteller AMD oder NVIDIA).<\/p>\n<p><strong>OpenGL<\/strong><\/p>\n<p>Das Haus\u00adtech CAD 3D nutzt einige der erwei\u00adterten OpenGL Features von Midrange- und High-End-Grafik\u00adkarten. Bestimmte (optio\u00adnale) Funk\u00adtionen wie Struktur bei Texturen (Bump\u00admap\u00adping), &#8222;Reale&#8220; Trans\u00adpa\u00adrenz und dyna\u00admi\u00adsche Schatten lassen sich nur mit Grafiktrei\u00adbern nutzen, die minde\u00adstens den OpenGL 4.3 Stan\u00addard unter\u00adst\u00fctzen.<\/p>\n<p>Diese erwei\u00adterten OpenGL Funk\u00adtionen sind f\u00fcr die Konstruk\u00adtion mit dem Haus\u00adtech CAD 3D nicht zwin\u00adgend erfor\u00adder\u00adlich. Wichtig ist gene\u00adrell ein m\u00f6glichst aktu\u00adeller Grafik\u00adkar\u00adten\u00adtreiber.<\/p>\n<p><strong>Bild\u00adschirm<\/strong><\/p>\n<p>Wir empfehlen einen oder mehrere matte (entspie\u00adgelte) 24 \/ 27 Zoll Bild\u00adschirme mit einer Aufl\u00f6\u00adsung von 1920&#215;1080 Pixeln (16:9) bzw. 1920 x 1200 Pixeln (16:10). Anstelle von mehreren Bild\u00adschirmen kann auch ein sehr breiter Bild\u00adschirm verwendet werden.<\/p>\n<p><strong>Einga\u00adbe\u00adge\u00adr\u00e4te<\/strong><\/p>\n<p>F\u00fcr den Einsatz des Haus\u00adtech CAD ist eine gew\u00f6hn\u00adliche 102-Tasten-Tastatur und eine 3-Tasten-Maus mit Scrollrad bzw. ein Track\u00adball erfor\u00adder\u00adlich.<\/p>\n<p><strong>Citrix \/ Termi\u00adnal\u00adserver \/ VDI-Umge\u00adbung<\/strong><\/p>\n<p>F\u00fcr den Einsatz einer Server- \/ Cloud\u00adl\u00f6\u00adsung gelten f\u00fcr den Arbeits\u00adplatz die glei\u00adchen Voraus\u00adset\u00adzungen wie oben ange\u00adgeben. Bei Fragen zu Server- \/ Cloud\u00adl\u00f6\u00adsungen wende Dich bitte an unseren Support.<\/p>\n\n                <\/article>\n        <\/div>\n    <\/div>\n<\/section>\n\n\n<section id=\"headline__container-block_af546b036d052d159d3d038595b9ad4c\" class=\"headline__container u-pt-x10 u-pb-x5 u-pt-x20@md u-pb-x0@md\">\n    <div class=\"o-container\">\n        <div class=\"o-grid o-grid--center\">\n            <div class=\"o-grid__col u-12\/12@md\" data-aos=\"none\"><h5 class=\"u-color-primary\">Aus dem Alltag f\u00fcr den Alltag<\/h5><h2>FAQ &#8211; Die am h\u00e4ufigsten gestellten Fragen<\/h2><\/div>\n        <\/div>\n    <\/div>\n<\/section>\n\n\n<section id=\"headline__container-block_441b081d85bb3c4f9df8aedeef5d9b53\" class=\"headline__container u-pt-x5 u-pb-x5 u-pt-x5@md u-pb-x0@md\">\n    <div class=\"o-container\">\n        <div class=\"o-grid o-grid--center\">\n            <div class=\"o-grid__col u-12\/12@md\" data-aos=\"none\"><h4>Installation \/ Lizenzierung<\/h4><\/div>\n        <\/div>\n    <\/div>\n<\/section>\n\n\n<section id=\"accordion__container-block_568a0c2c98247e077db41163297ff564\" class=\"accordion__container u-pt-x0 u-pb-x5 u-pt-x0@md u-pb-x10@md \">\n    <div class=\"o-container\">\n        <div class=\"o-grid o-grid--center\">\n            <div class=\"o-grid__col u-12\/12@md\">\n                <div class=\"m-accordion\" itemscope itemtype=\"https:\/\/schema.org\/FAQPage\">\n                    <div itemscope itemprop=\"mainEntity\" itemtype=\"https:\/\/schema.org\/Question\">\n                        <div class=\"m-accordion__header u-relative\" data-aos=\"none\">\n                            <div class=\"u-pv-x2 u-pl-x6\">\n                                <p class=\"h5 u-mb-x0\" itemprop=\"name\">\n                                    Installation &#8211; Neuer Rechner &#8211; \u00dcbernahme Daten und Lizenz\n                                <\/p>\n                            <\/div>\n                        <\/div>\n                        <div class=\"m-accordion__body\" itemscope itemprop=\"acceptedAnswer\" itemtype=\"https:\/\/schema.org\/Answer\" data-aos=\"none\">\n                            <div class=\"u-pv-x3\" itemprop=\"text\">\n                                <p><a target=\"_blank\" href=\"https:\/\/www.megacad-schweiz.ch\/wp-content\/uploads\/2024\/10\/Neuer-Rechner-Uebernahme-Daten-und-Lizenz-Haustech-CAD.pdf\">PDF \u00f6ffnen<\/a><\/p>\n                            <\/div>\n                        <\/div>\n                    <\/div>\n                    <div itemscope itemprop=\"mainEntity\" itemtype=\"https:\/\/schema.org\/Question\">\n                        <div class=\"m-accordion__header u-relative\" data-aos=\"none\">\n                            <div class=\"u-pv-x2 u-pl-x6\">\n                                <p class=\"h5 u-mb-x0\" itemprop=\"name\">\n                                    Installation &#8211; Neuer Rechner \u2013 Einstellungen \u00fcbertragen\n                                <\/p>\n                            <\/div>\n                        <\/div>\n                        <div class=\"m-accordion__body\" itemscope itemprop=\"acceptedAnswer\" itemtype=\"https:\/\/schema.org\/Answer\" data-aos=\"none\">\n                            <div class=\"u-pv-x3\" itemprop=\"text\">\n                                <p><a target=\"_blank\" href=\"https:\/\/www.megacad-schweiz.ch\/wp-content\/uploads\/2024\/10\/Installation-Einstellungen-sichern-wiederherstellen.pdf\">PDF \u00f6ffnen<\/a><\/p>\n                            <\/div>\n                        <\/div>\n                    <\/div>\n                    <div itemscope itemprop=\"mainEntity\" itemtype=\"https:\/\/schema.org\/Question\">\n                        <div class=\"m-accordion__header u-relative\" data-aos=\"none\">\n                            <div class=\"u-pv-x2 u-pl-x6\">\n                                <p class=\"h5 u-mb-x0\" itemprop=\"name\">\n                                    Installation &#8211; Einstellung Standardpfad\n                                <\/p>\n                            <\/div>\n                        <\/div>\n                        <div class=\"m-accordion__body\" itemscope itemprop=\"acceptedAnswer\" itemtype=\"https:\/\/schema.org\/Answer\" data-aos=\"none\">\n                            <div class=\"u-pv-x3\" itemprop=\"text\">\n                                <p><a target=\"_blank\" href=\"https:\/\/www.megacad-schweiz.ch\/wp-content\/uploads\/2024\/10\/Einstellung-Standardpfad-Zeichnungsdateien-und-Baugruppen.pdf\">PDF \u00f6ffnen<\/a><\/p>\n                            <\/div>\n                        <\/div>\n                    <\/div>\n                    <div itemscope itemprop=\"mainEntity\" itemtype=\"https:\/\/schema.org\/Question\">\n                        <div class=\"m-accordion__header u-relative\" data-aos=\"none\">\n                            <div class=\"u-pv-x2 u-pl-x6\">\n                                <p class=\"h5 u-mb-x0\" itemprop=\"name\">\n                                    Lizenzierung &#8211; Lizenz beantragen\n                                <\/p>\n                            <\/div>\n                        <\/div>\n                        <div class=\"m-accordion__body\" itemscope itemprop=\"acceptedAnswer\" itemtype=\"https:\/\/schema.org\/Answer\" data-aos=\"none\">\n                            <div class=\"u-pv-x3\" itemprop=\"text\">\n                                <p><a target=\"_blank\" href=\"https:\/\/www.megacad-schweiz.ch\/wp-content\/uploads\/2024\/10\/Lizenzverwaltung-Lizenz-beantragen.pdf\">PDF \u00f6ffnen<\/a><\/p>\n                            <\/div>\n                        <\/div>\n                    <\/div>\n                    <div itemscope itemprop=\"mainEntity\" itemtype=\"https:\/\/schema.org\/Question\">\n                        <div class=\"m-accordion__header u-relative\" data-aos=\"none\">\n                            <div class=\"u-pv-x2 u-pl-x6\">\n                                <p class=\"h5 u-mb-x0\" itemprop=\"name\">\n                                    Lizenzierung &#8211; Lizenz eingeben\n                                <\/p>\n                            <\/div>\n                        <\/div>\n                        <div class=\"m-accordion__body\" itemscope itemprop=\"acceptedAnswer\" itemtype=\"https:\/\/schema.org\/Answer\" data-aos=\"none\">\n                            <div class=\"u-pv-x3\" itemprop=\"text\">\n                                <p><a target=\"_blank\" href=\"https:\/\/www.megacad-schweiz.ch\/wp-content\/uploads\/2024\/10\/Lizenzverwaltung-Lizenz-per-Zwischenablage-eingeben.pdf\">PDF \u00f6ffnen<\/a><\/p>\n                            <\/div>\n                        <\/div>\n                    <\/div>\n                    <div itemscope itemprop=\"mainEntity\" itemtype=\"https:\/\/schema.org\/Question\">\n                        <div class=\"m-accordion__header u-relative\" data-aos=\"none\">\n                            <div class=\"u-pv-x2 u-pl-x6\">\n                                <p class=\"h5 u-mb-x0\" itemprop=\"name\">\n                                    Lizenzierung &#8211; Lizenzstatus abfragen\n                                <\/p>\n                            <\/div>\n                        <\/div>\n                        <div class=\"m-accordion__body\" itemscope itemprop=\"acceptedAnswer\" itemtype=\"https:\/\/schema.org\/Answer\" data-aos=\"none\">\n                            <div class=\"u-pv-x3\" itemprop=\"text\">\n                                <p><a target=\"_blank\" href=\"https:\/\/www.megacad-schweiz.ch\/wp-content\/uploads\/2024\/10\/Lizenzverwaltung-Lizenzstatus-abfragen.pdf\">LPDF \u00f6ffnen<\/a><\/p>\n                            <\/div>\n                        <\/div>\n                    <\/div>\n                    <div itemscope itemprop=\"mainEntity\" itemtype=\"https:\/\/schema.org\/Question\">\n                        <div class=\"m-accordion__header u-relative\" data-aos=\"none\">\n                            <div class=\"u-pv-x2 u-pl-x6\">\n                                <p class=\"h5 u-mb-x0\" itemprop=\"name\">\n                                    Lizenzierung &#8211; Lizenz von einem Server beziehen\n                                <\/p>\n                            <\/div>\n                        <\/div>\n                        <div class=\"m-accordion__body\" itemscope itemprop=\"acceptedAnswer\" itemtype=\"https:\/\/schema.org\/Answer\" data-aos=\"none\">\n                            <div class=\"u-pv-x3\" itemprop=\"text\">\n                                <p><a target=\"_blank\" href=\"https:\/\/www.megacad-schweiz.ch\/wp-content\/uploads\/2024\/10\/Lizenzverwaltung-Lizenz-von-einem-Server-beziehen.pdf\">PDF \u00f6ffnen<\/a><\/p>\n                            <\/div>\n                        <\/div>\n                    <\/div>\n                    <div itemscope itemprop=\"mainEntity\" itemtype=\"https:\/\/schema.org\/Question\">\n                        <div class=\"m-accordion__header u-relative\" data-aos=\"none\">\n                            <div class=\"u-pv-x2 u-pl-x6\">\n                                <p class=\"h5 u-mb-x0\" itemprop=\"name\">\n                                    Lizenzierung &#8211; Lizenz l\u00f6schen\n                                <\/p>\n                            <\/div>\n                        <\/div>\n                        <div class=\"m-accordion__body\" itemscope itemprop=\"acceptedAnswer\" itemtype=\"https:\/\/schema.org\/Answer\" data-aos=\"none\">\n                            <div class=\"u-pv-x3\" itemprop=\"text\">\n                                <p><a target=\"_blank\" href=\"https:\/\/www.megacad-schweiz.ch\/wp-content\/uploads\/2024\/10\/Lizenzverwaltung-Lizenz-loeschen.pdf\">PDF \u00f6ffnen<\/a><\/p>\n                            <\/div>\n                        <\/div>\n                    <\/div>\n                <\/div>\n            <\/div>\n        <\/div>\n    <\/div>\n<\/section>\n\n\n<section id=\"headline__container-block_8f7e429dd8929b11ca140216b65095ad\" class=\"headline__container u-pt-x5 u-pb-x5 u-pt-x10@md u-pb-x5@md\">\n    <div class=\"o-container\">\n        <div class=\"o-grid o-grid--center\">\n            <div class=\"o-grid__col u-12\/12@md\" data-aos=\"none\"><h4>Allgemeine Funktionen<\/h4><\/div>\n        <\/div>\n    <\/div>\n<\/section>\n\n\n<section id=\"accordion__container-block_b2c77006ab07df8cfe7d6f622acb6b7d\" class=\"accordion__container u-pt-x0 u-pb-x5 u-pt-x0@md u-pb-x10@md \">\n    <div class=\"o-container\">\n        <div class=\"o-grid o-grid--center\">\n            <div class=\"o-grid__col u-12\/12@md\">\n                <div class=\"m-accordion\" itemscope itemtype=\"https:\/\/schema.org\/FAQPage\">\n                    <div itemscope itemprop=\"mainEntity\" itemtype=\"https:\/\/schema.org\/Question\">\n                        <div class=\"m-accordion__header u-relative\" data-aos=\"none\">\n                            <div class=\"u-pv-x2 u-pl-x6\">\n                                <p class=\"h5 u-mb-x0\" itemprop=\"name\">\n                                    Sicherungsdatei wiederherstellen\n                                <\/p>\n                            <\/div>\n                        <\/div>\n                        <div class=\"m-accordion__body\" itemscope itemprop=\"acceptedAnswer\" itemtype=\"https:\/\/schema.org\/Answer\" data-aos=\"none\">\n                            <div class=\"u-pv-x3\" itemprop=\"text\">\n                                <p><a target=\"_blank\" href=\"https:\/\/www.megacad-schweiz.ch\/wp-content\/uploads\/2024\/10\/Sicherungsdatei-wiederherstellen.pdf\">PDF \u00f6ffnen<\/a><\/p>\n                            <\/div>\n                        <\/div>\n                    <\/div>\n                    <div itemscope itemprop=\"mainEntity\" itemtype=\"https:\/\/schema.org\/Question\">\n                        <div class=\"m-accordion__header u-relative\" data-aos=\"none\">\n                            <div class=\"u-pv-x2 u-pl-x6\">\n                                <p class=\"h5 u-mb-x0\" itemprop=\"name\">\n                                    Drucken &#8211; Layout erstellen und drucken\n                                <\/p>\n                            <\/div>\n                        <\/div>\n                        <div class=\"m-accordion__body\" itemscope itemprop=\"acceptedAnswer\" itemtype=\"https:\/\/schema.org\/Answer\" data-aos=\"none\">\n                            <div class=\"u-pv-x3\" itemprop=\"text\">\n                                <p><a target=\"_blank\" href=\"https:\/\/www.megacad-schweiz.ch\/wp-content\/uploads\/2024\/10\/Drucken-Layout-erstellen.pdf\">PDF \u00f6ffnen<\/a><\/p>\n                            <\/div>\n                        <\/div>\n                    <\/div>\n                    <div itemscope itemprop=\"mainEntity\" itemtype=\"https:\/\/schema.org\/Question\">\n                        <div class=\"m-accordion__header u-relative\" data-aos=\"none\">\n                            <div class=\"u-pv-x2 u-pl-x6\">\n                                <p class=\"h5 u-mb-x0\" itemprop=\"name\">\n                                    Inhalt einer Teilansicht drehen\n                                <\/p>\n                            <\/div>\n                        <\/div>\n                        <div class=\"m-accordion__body\" itemscope itemprop=\"acceptedAnswer\" itemtype=\"https:\/\/schema.org\/Answer\" data-aos=\"none\">\n                            <div class=\"u-pv-x3\" itemprop=\"text\">\n                                <p><a target=\"_blank\" href=\"https:\/\/www.megacad-schweiz.ch\/wp-content\/uploads\/2024\/10\/Inhalt-einer-Teilansicht-drehen.pdf\">PDF \u00f6ffnen<\/a><\/p>\n                            <\/div>\n                        <\/div>\n                    <\/div>\n                <\/div>\n            <\/div>\n        <\/div>\n    <\/div>\n<\/section>\n\n\n<section id=\"headline__container-block_d0c04cccc4d524ab6b65f0139b366914\" class=\"headline__container u-pt-x5 u-pb-x5 u-pt-x20@md u-pb-x0@md\">\n    <div class=\"o-container\">\n        <div class=\"o-grid o-grid--center\">\n            <div class=\"o-grid__col u-12\/12@md\" data-aos=\"none\"><h5 class=\"u-color-primary\">Vertriebsmitarbeiter<\/h5><h2>Wir beantworten Deine Fragen<\/h2><\/div>\n        <\/div>\n    <\/div>\n<\/section>\n\n\n<section id=\"media-text__container-block_007fea3fee1ad7697eeef083053c539c\" class=\"media-text__container u-pt-x0 u-pb-x10 u-pt-x0@md u-pb-x20@md\">\n    <div class=\"o-container\">\n        <div class=\"o-grid o-grid--middle\">\n            <div class=\"o-grid__col u-4\/12@sm u-mb-x6 u-mb-x0@md u-offset--small\">\n                    <div class=\"c-card u-text-center u-offset--small a-parallax__image\">\n                        <figure class=\"u-p-x6\"><img decoding=\"async\" src=\"https:\/\/www.megacad-schweiz.ch\/wp-content\/uploads\/2024\/10\/petra-reichmuth.jpeg\" srcset=\"https:\/\/www.megacad-schweiz.ch\/wp-content\/uploads\/2024\/10\/petra-reichmuth.jpeg 400w, https:\/\/www.megacad-schweiz.ch\/wp-content\/uploads\/2024\/10\/petra-reichmuth-300x225.jpeg 300w\" sizes=\"(max-width: 300px) 100vw, 300px\" alt=\"\" class=\"u-image--rounded\" \/>\n                        <figcaption><p class=\"u-mt-x3\">Petra Reich\u00admuth<\/p>\n                                <ul class=\"o-list o-list--inline o-list---x4\"><li class=\"o-list__item\"><a href=\"mailto:support@bausoft.ch\" class=\"c-icon c-icon__email\"><\/a><li class=\"o-list__item\"><a href=\"tel:+41 44 714 70 22\" class=\"c-icon c-icon__phone\"><\/a><\/ul>\n                        <\/figcaption>\n                        <\/figure>\n                    <\/div>\n            <\/div>\n            <div class=\"o-grid__col u-7\/12@sm u-push-1\/12@md\" data-aos=\"none\">\n                <p>Egal in welcher Phase Du dich gerade befindest: Wir k\u00f6nnen Dir weiterhelfen. Ob Du gerade kurz vor einem Projekt stehst und so schnell wie m\u00f6glich eine CAD Software ben\u00f6tigst. Oder ob sich ein neues Projekt ank\u00fcndigt und Du dich darauf vorbereiten m\u00f6chtest &#8211; wir sind seit \u00fcber 30 Jahren am Markt und finden die optimale L\u00f6sung f\u00fcr Deine individuelle Situation. Frag\u2019 einfach drauf los!<\/p>\n            <\/div>\n        <\/div>\n    <\/div>\n<\/section>","protected":false},"excerpt":{"rendered":"","protected":false},"author":1,"featured_media":0,"parent":0,"menu_order":50,"comment_status":"closed","ping_status":"closed","template":"","meta":{"_acf_changed":false,"footnotes":""},"class_list":["post-7847","page","type-page","status-publish","hentry"],"acf":[],"_links":{"self":[{"href":"https:\/\/www.megacad-schweiz.ch\/de\/wp-json\/wp\/v2\/pages\/7847","targetHints":{"allow":["GET"]}}],"collection":[{"href":"https:\/\/www.megacad-schweiz.ch\/de\/wp-json\/wp\/v2\/pages"}],"about":[{"href":"https:\/\/www.megacad-schweiz.ch\/de\/wp-json\/wp\/v2\/types\/page"}],"author":[{"embeddable":true,"href":"https:\/\/www.megacad-schweiz.ch\/de\/wp-json\/wp\/v2\/users\/1"}],"replies":[{"embeddable":true,"href":"https:\/\/www.megacad-schweiz.ch\/de\/wp-json\/wp\/v2\/comments?post=7847"}],"version-history":[{"count":18,"href":"https:\/\/www.megacad-schweiz.ch\/de\/wp-json\/wp\/v2\/pages\/7847\/revisions"}],"predecessor-version":[{"id":8993,"href":"https:\/\/www.megacad-schweiz.ch\/de\/wp-json\/wp\/v2\/pages\/7847\/revisions\/8993"}],"wp:attachment":[{"href":"https:\/\/www.megacad-schweiz.ch\/de\/wp-json\/wp\/v2\/media?parent=7847"}],"curies":[{"name":"wp","href":"https:\/\/api.w.org\/{rel}","templated":true}]}}