{"id":7845,"date":"2024-10-07T14:37:22","date_gmt":"2024-10-07T14:37:22","guid":{"rendered":"https:\/\/p-x47nuh.project.space\/?page_id=7845"},"modified":"2026-03-10T10:25:21","modified_gmt":"2026-03-10T10:25:21","slug":"karriere","status":"publish","type":"page","link":"https:\/\/www.megacad-schweiz.ch\/de\/karriere\/","title":{"rendered":"Karriere"},"content":{"rendered":"\n<section id=\"headline__container-block_8d3e81d0026897e68a88f9a443644084\" class=\"headline__container u-pt-x10 u-pb-x5 u-pt-x20@md u-pb-x0@md\">\n    <div class=\"o-container\">\n        <div class=\"o-grid o-grid--center\">\n            <div class=\"o-grid__col u-12\/12@md\" data-aos=\"none\"><h5 class=\"u-color-primary\">Von Support \u00fcber Softwareentwicklung bis hin zur Beratung<\/h5><h2><h1 class=\"h2\">Verst\u00e4rke jetzt unser Team<\/h1><\/h2><\/div>\n        <\/div>\n    <\/div>\n<\/section>\n\n\n<section id=\"text__container-block_231d5be47bc880ae06e8e962c1abdd05\" class=\"text__container u-pt-x0 u-pb-x5 u-pt-x0@md u-pb-x10@md\">\n    <div class=\"o-container\">\n        <div class=\"o-grid o-grid--center\">\n                <article class=\"o-grid__col u-12\/12@md\" data-aos=\"none\">\n                    <p>Bei Bausoft erwartet dich ein engagiertes Team aus 16 erfahrenen Spezialisten, die ihre Leidenschaft f\u00fcr Geb\u00e4udetechnik und Softwarel\u00f6sungen leben. Gemeinsam helfen wir unseren Kunden, komplexe Herausforderungen in der Geb\u00e4udetechnik zu meistern und ma\u00dfgeschneiderte CAD- und Softwarel\u00f6sungen umzusetzen. Bei uns profitierst du von einem starken Teamgeist, regelm\u00e4\u00dfigen Wissensaustausch und der M\u00f6glichkeit, deine F\u00e4higkeiten in spannenden Projekten einzubringen. Wenn du Lust hast, Teil eines wachsenden Unternehmens zu werden und in einer innovativen Branche zu arbeiten, dann bewirb dich jetzt und unterst\u00fctze unser Team in den folgenden Positionen!<\/p>\n                <\/article>\n        <\/div>\n    <\/div>\n<\/section>\n\n\n<section id=\"media-text__container-block_36c0a647377e26ef00ee37a0df762e98\" class=\"media-text__container u-pt-x5 u-pb-x10 u-pt-x10@md u-pb-x20@md\">\n    <div class=\"o-container\">\n        <div class=\"o-grid o-grid--middle\">\n            <div class=\"o-grid__col u-4\/12@sm u-mb-x6 u-mb-x0@md u-offset--small\">\n                    <div class=\"c-card u-text-center u-offset--small a-parallax__image\">\n                        <figure class=\"u-p-x6\"><img decoding=\"async\" src=\"https:\/\/www.megacad-schweiz.ch\/wp-content\/uploads\/2026\/03\/Bausoft_20220610_Portraits_Vignale-Danilo_0023_NSP-640x480.jpg\" srcset=\"https:\/\/www.megacad-schweiz.ch\/wp-content\/uploads\/2026\/03\/Bausoft_20220610_Portraits_Vignale-Danilo_0023_NSP-640x480.jpg 640w, https:\/\/www.megacad-schweiz.ch\/wp-content\/uploads\/2026\/03\/Bausoft_20220610_Portraits_Vignale-Danilo_0023_NSP-300x225.jpg 300w, https:\/\/www.megacad-schweiz.ch\/wp-content\/uploads\/2026\/03\/Bausoft_20220610_Portraits_Vignale-Danilo_0023_NSP-1280x960.jpg 1280w, https:\/\/www.megacad-schweiz.ch\/wp-content\/uploads\/2026\/03\/Bausoft_20220610_Portraits_Vignale-Danilo_0023_NSP-768x576.jpg 768w, https:\/\/www.megacad-schweiz.ch\/wp-content\/uploads\/2026\/03\/Bausoft_20220610_Portraits_Vignale-Danilo_0023_NSP-1536x1152.jpg 1536w, https:\/\/www.megacad-schweiz.ch\/wp-content\/uploads\/2026\/03\/Bausoft_20220610_Portraits_Vignale-Danilo_0023_NSP-2048x1536.jpg 2048w\" sizes=\"(max-width: 300px) 100vw, 300px\" alt=\"\" class=\"u-image--rounded\" \/>\n                        <figcaption><p class=\"u-mt-x3\">Danilo Vignale<\/p>\n                                <ul class=\"o-list o-list--inline o-list---x4\"><li class=\"o-list__item\"><a href=\"mailto:danilo.vignale@megacadgroup.com\" class=\"c-icon c-icon__email\"><\/a><\/ul>\n                        <\/figcaption>\n                        <\/figure>\n                    <\/div>\n            <\/div>\n            <div class=\"o-grid__col u-7\/12@sm u-push-1\/12@md\" data-aos=\"none\">\n                <h4>Bist Du neugierig? Willst Du mit uns zusam\u00admen\u00adar\u00adbeiten?<\/h4>\n<p>Dann bewirb Dich noch heute und sende Deine aussa\u00adge\u00adkr\u00e4f\u00adtigen Unter\u00adlagen inkl. CV, Arbeits\u00adzeug\u00adnisse und Diplome sowie ein Moti\u00adva\u00adti\u00adons\u00adschreiben an mich danilo.vignale@megacadgroup.com<\/p>\n<p>und schau mal auf <a href=\"https:\/\/www.linkedin.com\/company\/bausoftinformatik\/posts\/?feedView=all\" target=\"_blank\" rel=\"noopener\">LinkedIn<\/a> vorbei\u2026<\/p>\n\n            <\/div>\n        <\/div>\n    <\/div>\n<\/section>\n\n\n<section id=\"headline__container-block_3b53749bfcfd2e5e23572d8b8e24380c\" class=\"headline__container u-pt-x10 u-pb-x5 u-pt-x20@md u-pb-x0@md u-bgcolor-gray-light\">\n    <div class=\"o-container\">\n        <div class=\"o-grid o-grid--center\">\n            <div class=\"o-grid__col u-12\/12@md\" data-aos=\"none\"><h2>Unsere Stellenangebote<\/h2><\/div>\n        <\/div>\n    <\/div>\n<\/section>\n\n\n<section id=\"headline__container-block_c6f04e1f1d67c604a169876e8394071c\" class=\"headline__container u-pt-x0 u-pb-x5 u-pt-x5@md u-pb-x0@md u-bgcolor-gray-light\">\n    <div class=\"o-container\">\n        <div class=\"o-grid o-grid--center\">\n            <div class=\"o-grid__col u-12\/12@md\" data-aos=\"none\"><h4>Leider haben wir momentan keine Stelle frei&#8230; Schau doch aber ab und zu wieder rein, denn wir sind am wachsen \ud83d\ude09<\/h4><\/div>\n        <\/div>\n    <\/div>\n<\/section>","protected":false},"excerpt":{"rendered":"","protected":false},"author":1,"featured_media":0,"parent":0,"menu_order":48,"comment_status":"closed","ping_status":"closed","template":"","meta":{"_acf_changed":false,"footnotes":""},"class_list":["post-7845","page","type-page","status-publish","hentry"],"acf":[],"_links":{"self":[{"href":"https:\/\/www.megacad-schweiz.ch\/de\/wp-json\/wp\/v2\/pages\/7845","targetHints":{"allow":["GET"]}}],"collection":[{"href":"https:\/\/www.megacad-schweiz.ch\/de\/wp-json\/wp\/v2\/pages"}],"about":[{"href":"https:\/\/www.megacad-schweiz.ch\/de\/wp-json\/wp\/v2\/types\/page"}],"author":[{"embeddable":true,"href":"https:\/\/www.megacad-schweiz.ch\/de\/wp-json\/wp\/v2\/users\/1"}],"replies":[{"embeddable":true,"href":"https:\/\/www.megacad-schweiz.ch\/de\/wp-json\/wp\/v2\/comments?post=7845"}],"version-history":[{"count":11,"href":"https:\/\/www.megacad-schweiz.ch\/de\/wp-json\/wp\/v2\/pages\/7845\/revisions"}],"predecessor-version":[{"id":11811,"href":"https:\/\/www.megacad-schweiz.ch\/de\/wp-json\/wp\/v2\/pages\/7845\/revisions\/11811"}],"wp:attachment":[{"href":"https:\/\/www.megacad-schweiz.ch\/de\/wp-json\/wp\/v2\/media?parent=7845"}],"curies":[{"name":"wp","href":"https:\/\/api.w.org\/{rel}","templated":true}]}}