{"id":7843,"date":"2024-10-07T14:37:05","date_gmt":"2024-10-07T14:37:05","guid":{"rendered":"https:\/\/p-x47nuh.project.space\/?page_id=7843"},"modified":"2025-09-15T08:56:56","modified_gmt":"2025-09-15T08:56:56","slug":"gebaeudetechnik-software","status":"publish","type":"page","link":"https:\/\/www.megacad-schweiz.ch\/de\/gebaeudetechnik-software\/","title":{"rendered":"Geb\u00e4udetechnik Software"},"content":{"rendered":"\n<section id=\"hero__container-block_e7095e6431d87537fe80fdbc96d8051d\" class=\"hero__container u-overlay__gradient--blue u-relative\">\n    <img decoding=\"async\" src=\"https:\/\/www.megacad-schweiz.ch\/wp-content\/uploads\/2024\/10\/gebaeudetechnik-software-2-1920x700.jpg\" srcset=\"\" sizes=\"(max-width: 1920px) 100vw, 1920px\" alt=\"\" class=\"u-image--cover u-absolute\" \/>\n    <div class=\"o-container u-relative u-index--1 u-pt-x20 u-pb-x5 u-pt-x15@md u-pb-x20@md\">\n        <div class=\"o-grid o-grid--rev o-grid--middle\">\n            <figure class=\"o-grid__col u-6\/12@sm u-offset--y@md\"><img loading=\"lazy\" decoding=\"async\" src=\"https:\/\/www.megacad-schweiz.ch\/wp-content\/uploads\/2024\/10\/software.svg\" alt=\"\" class=\" -parallax__hero\" width=\"554\" height=\"345\" \/><\/figure>\n            <div class=\"o-grid__col u-6\/12@sm u-color-white u-mt-x6 u-mt-x0@sm\" data-aos=\"fade\">\n                <h2>Unsere Branchenl\u00f6sungen<\/h2>\n<h4>Entdecke die Einfachheit einer nahtlosen Bearbeitung von Sanit\u00e4r-, Heizungs-, L\u00fcftungs- und Spenglerprojekten.<\/h4>\n<h4>Erfahre mehr \u00fcber unser Gesamtpaket f\u00fcr verschiedene Branchen.<\/h4>\n\n            <\/div>\n        <\/div>\n    <\/div>\n<\/section>\n\n\n<section id=\"headline__container-block_6547c78e30d81281278a9335282ec62c\" class=\"headline__container u-pt-x10 u-pb-x5 u-pt-x20@md u-pb-x0@md\">\n    <div class=\"o-container\">\n        <div class=\"o-grid o-grid--center\">\n            <div class=\"o-grid__col u-12\/12@md\" data-aos=\"fade-up\"><h5 class=\"u-color-primary\">Geb\u00e4udetechnik Software \u00dcberblick<\/h5><h2>Eine \u00dcbersicht \u00fcber unser vielseitiges L\u00f6sungspaket f\u00fcr die Geb\u00e4udetechnikplanung<\/h2><\/div>\n        <\/div>\n    <\/div>\n<\/section>\n\n\n<section id=\"text__container-block_27e49f4cde13b20052ce603cac79c195\" class=\"text__container u-pt-x0 u-pb-x10 u-pt-x0@md u-pb-x20@md\">\n    <div class=\"o-container\">\n        <div class=\"o-grid o-grid--center\">\n                <article class=\"o-grid__col u-12\/12@md\" data-aos=\"none\">\n                    <p>Die Planungssoftware Haustechnik CAD \u00fcberzeugt Planer und Unternehmer durch Zuverl\u00e4ssigkeit und Leistungsf\u00e4higkeit. Unabh\u00e4ngig von Art oder Gr\u00f6\u00dfenordnung deines Projekts, egal ob Projekt-, Ausf\u00fchrungsplanung oder Revisionsunterlagen, das Haustechnik CAD beschleunigt Arbeitsprozesse und steigert damit die Effizienz deines B\u00fcros.<\/p>\n<p>Das Haustechnik CAD ist das moderne, praxisnahe Werkzeug der Geb\u00e4udetechnikplaner, mit dessen Hilfe du 2D-Zeichnungen entwerfen oder im 3D modellieren kannst. Die praxisorientierte CAD-Software f\u00fcr die Geb\u00e4udetechnik unterst\u00fctzt dich optimal bei deinen vielschichtigen Anforderungen in Sanit\u00e4r-, Heizungs-, L\u00fcftungs- und Spenglerprojekten. Die CAD-Software baut auf den aus der Praxis bekannten Abl\u00e4ufen auf. Exakt aufeinander abgestimmte CAD-Einstellungen, Assistenten und Vorgaben steigern die Effizienz und Qualit\u00e4t dank maximaler Datendurchg\u00e4ngigkeit und minimaler Leerl\u00e4ufe. Das Haustechnik CAD ist modular aufgebaut und w\u00e4chst mit deinen Anforderungen. Du kannst mit einer Grundausstattung beginnen und diese entsprechend deinen Bed\u00fcrfnissen nach und nach erweitern. Die Bausoft Produktfamilie bietet dir eine einzigartige, integrierte L\u00f6sungspalette \u00fcber unterschiedliche Fachbereiche hinweg<\/p>\n\n                <\/article>\n        <\/div>\n    <\/div>\n<\/section>\n\n\n<section id=\"media-text__container-block_bffd33d5f95c0c8d0649dd2969866d8c\" class=\"media-text__container u-pt-x10 u-pb-x10 u-pt-x20@md u-pb-x10@md\">\n    <div class=\"o-container\">\n        <div class=\"o-grid o-grid--middle\">\n            <div class=\"o-grid__col u-6\/12@sm u-5\/12@md u-mb-x6 u-mb-x0@md u-offset--small\"><img decoding=\"async\" src=\"https:\/\/www.megacad-schweiz.ch\/wp-content\/uploads\/2024\/10\/cad-software-sanitaer-640x433.jpg\" srcset=\"https:\/\/www.megacad-schweiz.ch\/wp-content\/uploads\/2024\/10\/cad-software-sanitaer-640x433.jpg 640w, https:\/\/www.megacad-schweiz.ch\/wp-content\/uploads\/2024\/10\/cad-software-sanitaer-1280x867.jpg 1280w, https:\/\/www.megacad-schweiz.ch\/wp-content\/uploads\/2024\/10\/cad-software-sanitaer-300x203.jpg 300w, https:\/\/www.megacad-schweiz.ch\/wp-content\/uploads\/2024\/10\/cad-software-sanitaer-768x520.jpg 768w, https:\/\/www.megacad-schweiz.ch\/wp-content\/uploads\/2024\/10\/cad-software-sanitaer-1024x693.jpg 1024w, https:\/\/www.megacad-schweiz.ch\/wp-content\/uploads\/2024\/10\/cad-software-sanitaer.jpg 1288w\" sizes=\"(max-width: 640px) 100vw, 640px\" alt=\"\" class=\"a-parallax__image u-image--rounded\" \/>\n            <\/div>\n            <div class=\"o-grid__col u-6\/12@sm u-push-1\/12@md\" data-aos=\"fade\">\n                <h2>Sanit\u00e4r<\/h2>\n<p>Unsere massgeschneiderte Sanit\u00e4rl\u00f6sung bietet dir v\u00f6llig neue M\u00f6glichkeiten in der Leitungsplanung mit 3D-CAD-Technologie. Du profitierst von einer modernen und pr\u00e4zisen Entw\u00e4sserungsplanung sowie individuell anpassbaren Rahmenkonstruktionen. Zus\u00e4tzlich erm\u00f6glicht unser System das schnelle und effiziente Erstellen von 2D- und 3D-Raummodellen f\u00fcr eine optimale Geb\u00e4udeplanung. So hast du immer die ideale Planungsumgebung.<br \/>\nDar\u00fcber hinaus bieten wir eine Vielzahl weiterer Funktionen, die deine Planungsprozesse beschleunigen und vereinfachen \u2013 alles abgestimmt auf deine spezifischen Projektanforderungen.<\/p>\n<p><a class=\"c-link c-link--arrow\" href=\"https:\/\/www.megacad-schweiz.ch\/de\/cad-software-sanitaer\/\">Mehr erfahren<\/a><\/p>\n\n            <\/div>\n        <\/div>\n    <\/div>\n<\/section>\n\n\n<section id=\"media-text__container-block_a917e89fd9c329dcf3df08e71b00fb9c\" class=\"media-text__container u-pt-x10 u-pb-x10 u-pt-x10@md u-pb-x20@md\">\n    <div class=\"o-container\">\n        <div class=\"o-grid o-grid--middle\">\n            <div class=\"o-grid__col u-6\/12@sm u-5\/12@md u-mb-x6 u-mb-x0@md u-offset--small\"><img decoding=\"async\" src=\"https:\/\/www.megacad-schweiz.ch\/wp-content\/uploads\/2024\/10\/cad-heizung-software-640x458.png\" srcset=\"https:\/\/www.megacad-schweiz.ch\/wp-content\/uploads\/2024\/10\/cad-heizung-software-640x458.png 640w, https:\/\/www.megacad-schweiz.ch\/wp-content\/uploads\/2024\/10\/cad-heizung-software-300x215.png 300w, https:\/\/www.megacad-schweiz.ch\/wp-content\/uploads\/2024\/10\/cad-heizung-software-768x550.png 768w, https:\/\/www.megacad-schweiz.ch\/wp-content\/uploads\/2024\/10\/cad-heizung-software-1024x733.png 1024w, https:\/\/www.megacad-schweiz.ch\/wp-content\/uploads\/2024\/10\/cad-heizung-software.png 1160w\" sizes=\"(max-width: 640px) 100vw, 640px\" alt=\"\" class=\"a-parallax__image u-image--rounded\" \/>\n            <\/div>\n            <div class=\"o-grid__col u-6\/12@sm u-push-1\/12@md\" data-aos=\"none\">\n                <h2>Heizung<\/h2>\n<p>Unsere modulare Heizungsplanung er\u00f6ffnet dir neue M\u00f6glichkeiten in der Leitungsplanung und erm\u00f6glicht das schnelle Erstellen von 2D- und 3D-R\u00e4umen f\u00fcr eine optimale Projektumsetzung. Zudem bietet unser System effiziente Werkzeuge f\u00fcr das rationelle Zeichnen von Leitungen und Trassen, kombiniert mit einer Heizlastberechnung.<br \/>\nJe nach Anwendungsfall stehen dir sowohl 2D- als auch 3D-Planungsmodule zur Verf\u00fcgung, sodass du immer die ideale Planungsumgebung vorfindest. Erg\u00e4nzt wird das Ganze durch weitere intelligente Funktionen, die deine Heizungsprojekte schneller und pr\u00e4ziser umsetzbar machen.<\/p>\n<p><a class=\"c-link c-link--arrow\" href=\"https:\/\/www.megacad-schweiz.ch\/de\/cad-heizung-software\/\">Mehr erfahren<\/a><\/p>\n\n            <\/div>\n        <\/div>\n    <\/div>\n<\/section>\n\n\n<section id=\"media-text__container-block_12914851553cae4daa6ad78d70bd5392\" class=\"media-text__container u-pt-x10 u-pb-x10 u-pt-x10@md u-pb-x10@md\">\n    <div class=\"o-container\">\n        <div class=\"o-grid o-grid--middle\">\n            <div class=\"o-grid__col u-6\/12@sm u-5\/12@md u-mb-x6 u-mb-x0@md u-offset--small\"><img decoding=\"async\" src=\"https:\/\/www.megacad-schweiz.ch\/wp-content\/uploads\/2024\/10\/cad-lueftungsplanung-640x486.png\" srcset=\"https:\/\/www.megacad-schweiz.ch\/wp-content\/uploads\/2024\/10\/cad-lueftungsplanung-640x486.png 640w, https:\/\/www.megacad-schweiz.ch\/wp-content\/uploads\/2024\/10\/cad-lueftungsplanung-300x228.png 300w, https:\/\/www.megacad-schweiz.ch\/wp-content\/uploads\/2024\/10\/cad-lueftungsplanung-768x583.png 768w, https:\/\/www.megacad-schweiz.ch\/wp-content\/uploads\/2024\/10\/cad-lueftungsplanung-1024x777.png 1024w, https:\/\/www.megacad-schweiz.ch\/wp-content\/uploads\/2024\/10\/cad-lueftungsplanung.png 1177w\" sizes=\"(max-width: 640px) 100vw, 640px\" alt=\"\" class=\"a-parallax__image u-image--rounded\" \/>\n            <\/div>\n            <div class=\"o-grid__col u-6\/12@sm u-push-1\/12@md\" data-aos=\"none\">\n                <h2>L\u00fcftung<\/h2>\n<p>Die Benutzerfreundlichkeit unserer L\u00fcftungssoftware ist einfach und effizient, dank pr\u00e4ziser und detaillierter L\u00f6sungen f\u00fcr die Planung von Komfortl\u00fcftungen. Unsere CAD-Module erm\u00f6glichen dir ein schnelles und exaktes Zeichnen von Kanal- und Rohrsystemen. Je nach Bedarf bieten wir sowohl 2D- als auch 3D-Planungsmodule an, um die optimale Planungsumgebung zu schaffen.<br \/>\nMit zus\u00e4tzlichen Funktionen unterst\u00fctzen wir dich bei jeder Herausforderung in der L\u00fcftungstechnik und sorgen f\u00fcr reibungslose Projektabl\u00e4ufe.<\/p>\n<p><a class=\"c-link c-link--arrow\" href=\"https:\/\/www.megacad-schweiz.ch\/de\/cad-lueftungsplanung\/\">Mehr erfahren<\/a><\/p>\n\n            <\/div>\n        <\/div>\n    <\/div>\n<\/section>\n\n\n<section id=\"media-text__container-block_b5b5724c54b00ac82d31cba4f242cc06\" class=\"media-text__container u-pt-x10 u-pb-x10 u-pt-x10@md u-pb-x10@md\">\n    <div class=\"o-container\">\n        <div class=\"o-grid o-grid--middle\">\n            <div class=\"o-grid__col u-6\/12@sm u-5\/12@md u-mb-x6 u-mb-x0@md u-offset--small\"><img decoding=\"async\" src=\"https:\/\/www.megacad-schweiz.ch\/wp-content\/uploads\/2024\/10\/cad-blechabwicklung-640x605.png\" srcset=\"https:\/\/www.megacad-schweiz.ch\/wp-content\/uploads\/2024\/10\/cad-blechabwicklung-640x605.png 640w, https:\/\/www.megacad-schweiz.ch\/wp-content\/uploads\/2024\/10\/cad-blechabwicklung-300x284.png 300w, https:\/\/www.megacad-schweiz.ch\/wp-content\/uploads\/2024\/10\/cad-blechabwicklung.png 767w\" sizes=\"(max-width: 640px) 100vw, 640px\" alt=\"\" class=\"a-parallax__image u-image--rounded\" \/>\n            <\/div>\n            <div class=\"o-grid__col u-6\/12@sm u-push-1\/12@md\" data-aos=\"none\">\n                <h2>Spengler<\/h2>\n<p>Mit unserer Spenglersoftware erh\u00e4ltst du umfassende Werkzeuge f\u00fcr eine pr\u00e4zise und effiziente Planung. Du kannst Fl\u00e4chen einfach erfassen, disponieren, visualisieren und detailliert auswerten. Selbst komplexe Blechkonstruktionen lassen sich in allen denkbaren Formen abwickeln. Dank unserer intelligenten Materialberechnung und St\u00fccklistenerstellung sparst du wertvolle Zeit und minimierst Fehler.<br \/>\nErg\u00e4nzt wird unser Angebot durch weitere innovative L\u00f6sungen, die deine Spenglerprojekte auf das n\u00e4chste Level bringen und deine Effizienz deutlich steigern.<\/p>\n<p><a class=\"c-link c-link--arrow\" href=\"https:\/\/www.megacad-schweiz.ch\/de\/cad-spengler-software\/\">Mehr erfahren<\/a><\/p>\n\n            <\/div>\n        <\/div>\n    <\/div>\n<\/section>\n\n\n<section id=\"media-text__container-block_2d8eadb88a5e7048f5b9818f005a3a9f\" class=\"media-text__container u-pt-x10 u-pb-x10 u-pt-x10@md u-pb-x10@md\">\n    <div class=\"o-container\">\n        <div class=\"o-grid o-grid--middle\">\n            <div class=\"o-grid__col u-6\/12@sm u-5\/12@md u-mb-x6 u-mb-x0@md u-offset--small\"><img decoding=\"async\" src=\"https:\/\/www.megacad-schweiz.ch\/wp-content\/uploads\/2024\/10\/vorfabrikation-sanitaer-640x482.png\" srcset=\"https:\/\/www.megacad-schweiz.ch\/wp-content\/uploads\/2024\/10\/vorfabrikation-sanitaer-640x482.png 640w, https:\/\/www.megacad-schweiz.ch\/wp-content\/uploads\/2024\/10\/vorfabrikation-sanitaer-300x226.png 300w, https:\/\/www.megacad-schweiz.ch\/wp-content\/uploads\/2024\/10\/vorfabrikation-sanitaer-768x578.png 768w, https:\/\/www.megacad-schweiz.ch\/wp-content\/uploads\/2024\/10\/vorfabrikation-sanitaer-1024x771.png 1024w, https:\/\/www.megacad-schweiz.ch\/wp-content\/uploads\/2024\/10\/vorfabrikation-sanitaer.png 1246w\" sizes=\"(max-width: 640px) 100vw, 640px\" alt=\"\" class=\"a-parallax__image u-image--rounded\" \/>\n            <\/div>\n            <div class=\"o-grid__col u-6\/12@sm u-push-1\/12@md\" data-aos=\"none\">\n                <h2>Vorfertigung \/ Rahmen<\/h2>\n<p>Maximale Effizienz dank Vorfabrikation \u2013 mit Bausoft CAD planst du vorgefertigte Sanit\u00e4r- und Rahmenkonstruktionen pr\u00e4zise und passgenau. Vorwandelemente lassen sich individuell an spezifische Anforderungen anpassen, w\u00e4hrend automatisierte Pr\u00fcfungen Fehler in der Planung minimieren. Die exakte Materialplanung sorgt f\u00fcr weniger Verschnitt und optimierte Kostenstrukturen. Diese Methode spart dir nicht nur wertvolle Zeit auf der Baustelle, sondern erm\u00f6glicht eine fehlerfreie Umsetzung auch bei knappen Zeitpl\u00e4nen und personellen Engp\u00e4ssen. Dank der nahtlosen Integration in das BIM-Modell beh\u00e4ltst du jederzeit den \u00dcberblick und gew\u00e4hrleistest eine hohe Planungsgenauigkeit.<\/p>\n<p><a class=\"c-link c-link--arrow\" href=\"https:\/\/www.megacad-schweiz.ch\/de\/vorfabrikation-sanitaer\/\">Mehr erfahren<\/a><\/p>\n\n            <\/div>\n        <\/div>\n    <\/div>\n<\/section>\n\n\n<section id=\"media-text__container-block_9f2ad2e9071132520746fdf3e80f15bc\" class=\"media-text__container u-pt-x10 u-pb-x10 u-pt-x10@md u-pb-x20@md\">\n    <div class=\"o-container\">\n        <div class=\"o-grid o-grid--middle\">\n            <div class=\"o-grid__col u-6\/12@sm u-5\/12@md u-mb-x6 u-mb-x0@md u-offset--small\"><img decoding=\"async\" src=\"https:\/\/www.megacad-schweiz.ch\/wp-content\/uploads\/2024\/10\/bim-gebaeudetechnik-1-640x445.jpg\" srcset=\"https:\/\/www.megacad-schweiz.ch\/wp-content\/uploads\/2024\/10\/bim-gebaeudetechnik-1-640x445.jpg 640w, https:\/\/www.megacad-schweiz.ch\/wp-content\/uploads\/2024\/10\/bim-gebaeudetechnik-1-1280x890.jpg 1280w, https:\/\/www.megacad-schweiz.ch\/wp-content\/uploads\/2024\/10\/bim-gebaeudetechnik-1-300x209.jpg 300w, https:\/\/www.megacad-schweiz.ch\/wp-content\/uploads\/2024\/10\/bim-gebaeudetechnik-1-768x534.jpg 768w, https:\/\/www.megacad-schweiz.ch\/wp-content\/uploads\/2024\/10\/bim-gebaeudetechnik-1-1024x712.jpg 1024w, https:\/\/www.megacad-schweiz.ch\/wp-content\/uploads\/2024\/10\/bim-gebaeudetechnik-1.jpg 1454w\" sizes=\"(max-width: 640px) 100vw, 640px\" alt=\"\" class=\"a-parallax__image u-image--rounded\" \/>\n            <\/div>\n            <div class=\"o-grid__col u-6\/12@sm u-push-1\/12@md\" data-aos=\"none\">\n                <h2>BIM 2 Field<\/h2>\n<p>Mit BIM to Field bringst du digitale Planungsdaten direkt auf die Baustelle und verwandelst pr\u00e4zise virtuelle Modelle in reale Bauprozesse. Unsere CAD-Software nutzt die umfangreichen BIM-Daten, um St\u00fccklisten, Zuschnittspl\u00e4ne und Absteckpunkte zu erstellen, die direkt auf der Baustelle verwendet werden k\u00f6nnen. So sparst du wertvolle Zeit und vermeidest Fehler bei der Umsetzung. Konflikte und potenzielle Kollisionen werden bereits in der Planungsphase erkannt und behoben, was die Effizienz vor Ort deutlich steigert. Durch die automatische \u00dcbertragung aller relevanten Daten reduzieren sich Messarbeiten auf der Baustelle auf ein Minimum, was die gesamte Bauausf\u00fchrung beschleunigt.<\/p>\n<p><a class=\"c-link c-link--arrow\" href=\"https:\/\/www.megacad-schweiz.ch\/de\/bim-gebaeudetechnik-3d\/\">Mehr erfahren<\/a><\/p>\n\n            <\/div>\n        <\/div>\n    <\/div>\n<\/section>","protected":false},"excerpt":{"rendered":"","protected":false},"author":1,"featured_media":0,"parent":0,"menu_order":46,"comment_status":"closed","ping_status":"closed","template":"","meta":{"_acf_changed":false,"footnotes":""},"class_list":["post-7843","page","type-page","status-publish","hentry"],"acf":[],"_links":{"self":[{"href":"https:\/\/www.megacad-schweiz.ch\/de\/wp-json\/wp\/v2\/pages\/7843","targetHints":{"allow":["GET"]}}],"collection":[{"href":"https:\/\/www.megacad-schweiz.ch\/de\/wp-json\/wp\/v2\/pages"}],"about":[{"href":"https:\/\/www.megacad-schweiz.ch\/de\/wp-json\/wp\/v2\/types\/page"}],"author":[{"embeddable":true,"href":"https:\/\/www.megacad-schweiz.ch\/de\/wp-json\/wp\/v2\/users\/1"}],"replies":[{"embeddable":true,"href":"https:\/\/www.megacad-schweiz.ch\/de\/wp-json\/wp\/v2\/comments?post=7843"}],"version-history":[{"count":11,"href":"https:\/\/www.megacad-schweiz.ch\/de\/wp-json\/wp\/v2\/pages\/7843\/revisions"}],"predecessor-version":[{"id":11101,"href":"https:\/\/www.megacad-schweiz.ch\/de\/wp-json\/wp\/v2\/pages\/7843\/revisions\/11101"}],"wp:attachment":[{"href":"https:\/\/www.megacad-schweiz.ch\/de\/wp-json\/wp\/v2\/media?parent=7843"}],"curies":[{"name":"wp","href":"https:\/\/api.w.org\/{rel}","templated":true}]}}