{"id":7841,"date":"2024-10-07T14:36:44","date_gmt":"2024-10-07T14:36:44","guid":{"rendered":"https:\/\/p-x47nuh.project.space\/?page_id=7841"},"modified":"2024-11-20T10:55:46","modified_gmt":"2024-11-20T10:55:46","slug":"haustech-cad","status":"publish","type":"page","link":"https:\/\/www.megacad-schweiz.ch\/de\/haustech-cad\/","title":{"rendered":"Software"},"content":{"rendered":"\n<section id=\"headline__container-block_990f6657d7a52cac087c68db7de78844\" class=\"headline__container u-pt-x10 u-pb-x5 u-pt-x20@md u-pb-x10@md\">\n    <div class=\"o-container\">\n        <div class=\"o-grid o-grid--center\">\n            <div class=\"o-grid__col u-12\/12@md\" data-aos=\"none\"><h5 class=\"u-color-primary\">Haustech CAD<\/h5><h2>Anwendungsf\u00e4lle unserer Software<\/h2><\/div>\n        <\/div>\n    <\/div>\n<\/section>\n\n\n<section id=\"media-text__container-block_bc48fd897186f63d53cef08415221785\" class=\"media-text__container u-pt-x0 u-pb-x5 u-pt-x0@md u-pb-x15@md\">\n    <div class=\"o-container\">\n        <div class=\"o-grid o-grid--middle\">\n            <div class=\"o-grid__col u-6\/12@sm u-5\/12@md u-mb-x6 u-mb-x0@md u-offset--small\"><img loading=\"lazy\" decoding=\"async\" src=\"https:\/\/www.megacad-schweiz.ch\/wp-content\/uploads\/2024\/10\/cad-gebaeudetechnik-heizung-software.svg\" alt=\"\" class=\"a-parallax__image u-image--rounded\" width=\"415\" height=\"258\" \/>\n            <\/div>\n            <div class=\"o-grid__col u-6\/12@sm u-push-1\/12@md\" data-aos=\"none\">\n                <h4>Ausf\u00fchrender Betrieb<\/h4>\n<p>Mit dem Haustech CAD erstellst du ohne grossen Aufwand und die Pl\u00e4ne zum Verlegen der Fussbodenheizung, zeichnest innerhalb von kurzer Zeit die Entw\u00e4sserungs- oder L\u00fcftungssleitungen und bringst die Schemas ganz einfach zu Papier\/PDF.<\/p>\n<p>Da sich bestehende Pl\u00e4ne genauso effizient anpassen lassen, sparst du viel Zeit bei der Kommunikation zur Montage mit aussagekr\u00e4ftigen Werkstattzeichnungen: Das macht die Ausf\u00fchrung dank automatischen Schnitt- und Materaillisten effizienter.<\/p>\n\n            <\/div>\n        <\/div>\n    <\/div>\n<\/section>\n\n\n<section id=\"media-text__container-block_bcbe33750ba0fb4b58e796fdf51fd588\" class=\"media-text__container u-pt-x5 u-pb-x5 u-pt-x15@md u-pb-x15@md\">\n    <div class=\"o-container\">\n        <div class=\"o-grid o-grid--rev o-grid--middle\">\n            <div class=\"o-grid__col u-6\/12@sm u-5\/12@md u-push-1\/12@md u-mb-x6 u-mb-x0@md u-offset--small\"><img loading=\"lazy\" decoding=\"async\" src=\"https:\/\/www.megacad-schweiz.ch\/wp-content\/uploads\/2024\/11\/cad-vorfabrikation-sanitaer.svg\" alt=\"\" class=\"a-parallax__image u-image--rounded\" width=\"415\" height=\"258\" \/>\n            <\/div>\n            <div class=\"o-grid__col u-6\/12@sm\" data-aos=\"none\">\n                <h4>Vorfabrikant<\/h4>\n<p>Als Vorfabrikant\/Vorfertiger erstellst du Dank dem Haustech CAD die Vorwand-Rahmen und Leitungen f\u00fcr Entw\u00e4sserungs- und Kanalisationen m\u00fchelos bei dir in der Werkstatt. Du garantierst deinen Kunden eine Mass- und Termingenaue Arbeit, weil du mit den Werkzeugen von Bausoft neben den Werkstattzeichnungen auch die St\u00fcck- und Materiallisten direkt aus den Zeichnungen auf den Millimeter genau auswerten kannst.<\/p>\n\n            <\/div>\n        <\/div>\n    <\/div>\n<\/section>\n\n\n<section id=\"media-text__container-block_75fde4b785340a46f099bd5f70659089\" class=\"media-text__container u-pt-x5 u-pb-x5 u-pt-x15@md u-pb-x10@md\">\n    <div class=\"o-container\">\n        <div class=\"o-grid o-grid--middle\">\n            <div class=\"o-grid__col u-6\/12@sm u-5\/12@md u-mb-x6 u-mb-x0@md u-offset--small\"><img loading=\"lazy\" decoding=\"async\" src=\"https:\/\/www.megacad-schweiz.ch\/wp-content\/uploads\/2024\/10\/bim-gebaeudetechnik-software.svg\" alt=\"\" class=\"a-parallax__image u-image--rounded\" width=\"415\" height=\"258\" \/>\n            <\/div>\n            <div class=\"o-grid__col u-6\/12@sm u-push-1\/12@md\" data-aos=\"none\">\n                <h4>Planer<\/h4>\n<p>Die Assistenten im Haustech CAD helfen dir bei jedem Schritt, welchen du f\u00fcr deine HLKS-Planung gehst.<\/p>\n<p>Du erstellst und koordinierst m\u00fchelos alle Gewerke durch alle Phasen des Bauwerks. Dabei w\u00e4hlst du selbst, ob du in 2D, in 3D oder in BIM arbeitest: Je nach Bedarf in der gew\u00fcnschten Detailtiefe.<\/p>\n<p>Auswertungen machst du direkt aus der Zeichnung: Sei es Materiallisten, Druckverh\u00e4ltnisse der verschiedenen Medien oder die Dokumentationen f\u00fcr die Montage.<\/p>\n\n            <\/div>\n        <\/div>\n    <\/div>\n<\/section>","protected":false},"excerpt":{"rendered":"","protected":false},"author":1,"featured_media":0,"parent":0,"menu_order":43,"comment_status":"closed","ping_status":"closed","template":"","meta":{"_acf_changed":false,"footnotes":""},"class_list":["post-7841","page","type-page","status-publish","hentry"],"acf":[],"_links":{"self":[{"href":"https:\/\/www.megacad-schweiz.ch\/de\/wp-json\/wp\/v2\/pages\/7841","targetHints":{"allow":["GET"]}}],"collection":[{"href":"https:\/\/www.megacad-schweiz.ch\/de\/wp-json\/wp\/v2\/pages"}],"about":[{"href":"https:\/\/www.megacad-schweiz.ch\/de\/wp-json\/wp\/v2\/types\/page"}],"author":[{"embeddable":true,"href":"https:\/\/www.megacad-schweiz.ch\/de\/wp-json\/wp\/v2\/users\/1"}],"replies":[{"embeddable":true,"href":"https:\/\/www.megacad-schweiz.ch\/de\/wp-json\/wp\/v2\/comments?post=7841"}],"version-history":[{"count":5,"href":"https:\/\/www.megacad-schweiz.ch\/de\/wp-json\/wp\/v2\/pages\/7841\/revisions"}],"predecessor-version":[{"id":8946,"href":"https:\/\/www.megacad-schweiz.ch\/de\/wp-json\/wp\/v2\/pages\/7841\/revisions\/8946"}],"wp:attachment":[{"href":"https:\/\/www.megacad-schweiz.ch\/de\/wp-json\/wp\/v2\/media?parent=7841"}],"curies":[{"name":"wp","href":"https:\/\/api.w.org\/{rel}","templated":true}]}}