{"id":11097,"date":"2025-09-15T08:50:46","date_gmt":"2025-09-15T08:50:46","guid":{"rendered":"https:\/\/www.bausoft.ch\/?page_id=11097"},"modified":"2025-09-15T08:51:45","modified_gmt":"2025-09-15T08:51:45","slug":"trinkwasser-strangschema","status":"publish","type":"page","link":"https:\/\/www.megacad-schweiz.ch\/de\/wissen\/trinkwasser-strangschema\/","title":{"rendered":"Trinkwasser Strangschema"},"content":{"rendered":"\n<section id=\"text__container-block_bed5155145d62264d64525b5853e198e\" class=\"text__container u-pt-x5 u-pb-x5 u-pt-x20@md u-pb-x5@md\">\n    <div class=\"o-container\">\n        <div class=\"o-grid o-grid--center\">\n                <article class=\"o-grid__col u-12\/12@md\" data-aos=\"none\">\n                    <h1><strong>Trinkwasser Strangschema erstellen, berechnen &amp; zeichnen<\/strong><\/h1>\n<h2><strong>DIN-gerechte Dimensionierung von Leitungen im Geb\u00e4ude einfach und sicher zeigen lassen<\/strong><\/h2>\n<p>Die Planung einer Trinkwasserinstallation ist weit mehr als das Anfertigen eines technischen Plans. Wer ein\u00a0Strangschema\u00a0erstellen, berechnen oder zeichnen lassen m\u00f6chte, steht vor einer Vielzahl technischer und hygienischer Anforderungen, ganz besonders im Hinblick auf DIN-Normen, Energieeffizienz und Nachhaltigkeit. Dabei geht es nicht um Formalien, sondern um funktionale, sichere und zukunftsf\u00e4hige Systeme im Geb\u00e4ude.<\/p>\n<p>Ob Monteure, Planer, Haustechniker oder Architekten: Wer sauber arbeitet, sichert nicht nur die Trinkwasserqualit\u00e4t, sondern auch den reibungslosen Ablauf auf der Baustelle.<\/p>\n<h3><strong>Knowledge Base &amp; Strangschemas: Struktur bringt Sicherheit<\/strong><\/h3>\n<p>Ein Strangschema ist eine technische Zeichnung, die den Verlauf aller Trinkwasserleitungen in einem Geb\u00e4ude vereinfacht darstellt \u2013 von der Hauptleitung bis zur letzten Entnahmestelle. Es zeigt, wie das Wasser durch die Leitungen flie\u00dft, wo Verzweigungen, Steigleitungen, Zirkulationsleitungen und Absperreinrichtungen oder\u00a0Einzelzuleitungen\u00a0sitzen.<\/p>\n<p>Damit es funktioniert, braucht es fundiertes Know-how: etwa zur\u00a0geordneten Verlegung, zur Unterscheidung zwischen linearer und verzweigter Struktur oder zur Einhaltung der DIN 1988 \/ EN 806. F\u00fcr Monteure ist es eine Art \u201eStra\u00dfenkarte\u201c, um auf der Baustelle sicher und effizient arbeiten zu k\u00f6nnen.<\/p>\n<h3><strong>Rohrnetzberechnung &amp; Software: Intelligente Planung spart Zeit<\/strong><\/h3>\n<p>Komplexe manuelle Berechnungen geh\u00f6ren mehr und mehr der Vergangenheit an. Softwaregest\u00fctzte Rohrnetzberechnung \u00fcbernimmt heute zentrale Aufgaben: Sie erkennt Druckverluste, optimiert Dimensionierung, ber\u00fccksichtigt die geschossweise Verteilung und gibt direkt Hinweise auf zu lange Teilstrecken oder fehlende Zirkulation.<\/p>\n<p>Das passende Programm kann s\u00e4mtliche Rohrnetze inklusive Warmwasser-Komponenten exakt darstellen \u2013 und bietet die M\u00f6glichkeit, das Schema sp\u00e4ter zu \u00e4ndern oder an neue Anforderungen anzupassen. In der SHK-Planung im Speziellen kommen solche Schemata besonders bei gr\u00f6\u00dferen Projekten zum Einsatz und bieten einen guten \u00dcberblick. Dabei sind sie eher Kontrollinstrument als zentrales Planungselement, und zur Grobauslegung hilfreich. Gerade bei Sanierungen oder \u00f6ffentlichen Geb\u00e4uden ist das ein entscheidender Vorteil.<\/p>\n<p>In der Praxis wei\u00df Roman Hegglin, Head of Tech and Product bei der MegaCAD Group und gelernter Haustechnik-Planer: \u201e<em>Planer arbeiten h\u00e4ufig mit Vorlagen und vergessen dann, diese anzupassen. Das f\u00fchrt schnell zu Fehlern. Es fehlen Informationen und Kommentare. Au\u00dferdem sind Schemata nicht l\u00e4ngengetreu und bilden den tats\u00e4chlichen Leitungsverlauf nur schlecht ab. Idealer w\u00e4re eine Isometrie direkt aus der 3D-Plaunng, da dort alles abgebildet ist<\/em>.\u201c<\/p>\n\n                <\/article>\n        <\/div>\n    <\/div>\n<\/section>\n\n\n<section id=\"media__container-block_c8450f655ca853b3152f79eee3e9b90a\" class=\"media__container u-pt-x5 u-pb-x5 u-pt-x5@md u-pb-x5@md\">\n    <div class=\"o-container\">\n        <div class=\"o-grid o-grid--center\">\n            <div class=\"o-grid__col u-12\/12@md\" data-aos=\"none\"><img decoding=\"async\" src=\"https:\/\/www.megacad-schweiz.ch\/wp-content\/uploads\/2024\/10\/cad-lueftung-2d-1024x543.jpg\" srcset=\"https:\/\/www.megacad-schweiz.ch\/wp-content\/uploads\/2024\/10\/cad-lueftung-2d-1024x543.jpg 1024w, https:\/\/www.megacad-schweiz.ch\/wp-content\/uploads\/2024\/10\/cad-lueftung-2d-300x159.jpg 300w, https:\/\/www.megacad-schweiz.ch\/wp-content\/uploads\/2024\/10\/cad-lueftung-2d-768x408.jpg 768w, https:\/\/www.megacad-schweiz.ch\/wp-content\/uploads\/2024\/10\/cad-lueftung-2d-640x340.jpg 640w, https:\/\/www.megacad-schweiz.ch\/wp-content\/uploads\/2024\/10\/cad-lueftung-2d.jpg 1257w\" sizes=\"(max-width: 1200px) 100vw, 1200px\" alt=\"\" class=\"u-image--rounded\" \/>\n            <\/div>\n        <\/div>\n    <\/div>\n<\/section>\n\n\n<section id=\"text__container-block_7a8f6f6d44cd0e81024f3673f9bf189e\" class=\"text__container u-pt-x10 u-pb-x10 u-pt-x20@md u-pb-x20@md\">\n    <div class=\"o-container\">\n        <div class=\"o-grid o-grid--center\">\n                <article class=\"o-grid__col u-12\/12@md\" data-aos=\"none\">\n                    <h2><strong>Trinkwasser-Installationen zukunftsf\u00e4hig planen<\/strong><\/h2>\n<p>Nachhaltige Planung bedeutet heute mehr als Rohrgr\u00f6\u00dfen und L\u00e4ngen zu bestimmen. Es geht um Systemverst\u00e4ndnis, um ressourcenschonende Versorgung, um automatisch generierte Daten und Dokumentation, die dem Handwerker wie dem Planer echte Sicherheit geben.<\/p>\n<p>Gerade bei komplexeren Objekten mit mehreren Geschossen oder unterschiedlichen Nutzungsarten hilft eine durchdachte Planung, gesetzliche Vorgaben einzuhalten und Investitionen langfristig zu sch\u00fctzen:<\/p>\n<ul>\n<li>Die gr\u00f6\u00dfte Herausforderung ist oft die L\u00fccke zwischen Theorie und Praxis: Planer arbeiten mit Software, Monteure mit Realit\u00e4t \u2013 z.\u202fB. unvorhersehbaren Wand\u00f6ffnungen, Altbauten oder Platzmangel. Wenn das Schema nicht sauber dokumentiert oder verst\u00e4ndlich aufgebaut ist, entstehen Missverst\u00e4ndnisse. Auch fehlende Ma\u00dfangaben oder unklare Symbole f\u00fchren zu Verz\u00f6gerungen oder Fehlern bei der Umsetzung.<\/li>\n<li>Ein gut geplantes Strangschema erleichtert nicht nur die\u00a0Zeichnung, sondern optimiert die sp\u00e4tere Verlegung der Rohrleitungen. Klar definierte Flie\u00dfwege, sinnvolle Trennung von Kalt- und Warmwasserstr\u00e4ngen und realistische Darstellung der zugeh\u00f6rigen Komponenten reduzieren Montagezeit und Fehleranf\u00e4lligkeit.<\/li>\n<li>Zudem k\u00f6nnen moderne Planungsumgebungen\u00a0oder spezialisierte SHK-Programme die komplette Erfassung aller Elemente und auch rasche \u00c4nderungen \u00fcbernehmen \u2013 grafisch, pr\u00fcfbar und nach Regelwerk aufgebaut.<\/li>\n<\/ul>\n<h2><strong>Relevanz f\u00fcr SHK-Profis und den modernen Sanit\u00e4rbereich<\/strong><\/h2>\n<p>F\u00fcr Sanit\u00e4rinstallateure bedeutet ein gutes Schema: weniger R\u00fcckfragen, klar erkennbare Leitungsf\u00fchrungen und eindeutige Montagepfade auf der Baustelle. Haustechniker wiederum profitieren von pr\u00e4zisen Angaben bei Wartung und Betrieb, etwa zur Position von Wasserz\u00e4hlern, Zirkulationspumpen oder Absperrungen.<\/p>\n<p>Kommt es im Projektverlauf zu \u00c4nderungen, berechnet man die Leitungsdimensionen erneut durch. \u201eUnsere L\u00f6sung f\u00fcr die Leitung-3D (CALHYDRA) berechnet in einem Schritt die Dimensionen durch und passt diese in der Zeichnung automatisch an. Umgekehrt k\u00f6nnen auch \u00c4nderungen an der Zeichnung direkt eine Neuberechnung und ein Abgleich ausl\u00f6sen\u201c sagt Hegglin. Digitale Planungs-Tools sind nicht mehr wegzudenken.<\/p>\n<p>&#8222;<em>Wir werden in Zukunft noch st\u00e4rker mit digitalen Zwillingen arbeiten<\/em>&#8222;, sagt Hegglin. &#8222;<em>Also mit vollst\u00e4ndigen, dynamischen Modellen von Geb\u00e4uden, die nicht nur Planung, sondern auch Betrieb abbilden. Das Strangschema wird Teil eines integrierten Wassermanagementsystems, mit Live-Daten zu Durchfluss, Temperatur, Verbrauch. Au\u00dferdem werden automatisierte Pr\u00fcfungen auf Normkonformit\u00e4t in der Planungssoftware Standard<\/em>.&#8220;<\/p>\n<h2><strong>Klarheit durch saubere Strangschema-Planung<\/strong><\/h2>\n<p>Ob als Basis f\u00fcr die Ausschreibung, zur Ausf\u00fchrung oder f\u00fcr die sp\u00e4tere Wartung \u2013 das\u00a0Ergebnis entscheidet \u00fcber Funktion und Qualit\u00e4t.\u00a0Wer moderne Tools nutzt, sauber dimensioniert und gleichzeitig die praktischen Abl\u00e4ufe im Blick beh\u00e4lt, plant nicht nur f\u00fcr das Jetzt \u2013 sondern f\u00fcr viele Jahre Betriebssicherheit und Wasserhygiene im gesamten Projekt. \u201e<em>Mit MegaCAD Haustech sind wir sehr nahe an der Praxis, bieten in der Berechnung auch gleich einen Materialauszug an und k\u00f6nnen am Schluss automatisch Checklisten zur Kontrolle der Ventileinstellungen vor Ort erstellen<\/em>.\u201c Das erleichtert die Umsetzung und minimiert L\u00fccke zwischen Theorie und Baustellenrealit\u00e4t. Ein sauber geplantes und sinnvoll visualisiertes Strangschema bringt \u00dcberblick, Sicherheit und Effizienz.<\/p>\n\n                <\/article>\n        <\/div>\n    <\/div>\n<\/section>","protected":false},"excerpt":{"rendered":"","protected":false},"author":17,"featured_media":0,"parent":11011,"menu_order":5,"comment_status":"closed","ping_status":"closed","template":"","meta":{"_acf_changed":false,"footnotes":""},"class_list":["post-11097","page","type-page","status-publish","hentry"],"acf":[],"_links":{"self":[{"href":"https:\/\/www.megacad-schweiz.ch\/de\/wp-json\/wp\/v2\/pages\/11097","targetHints":{"allow":["GET"]}}],"collection":[{"href":"https:\/\/www.megacad-schweiz.ch\/de\/wp-json\/wp\/v2\/pages"}],"about":[{"href":"https:\/\/www.megacad-schweiz.ch\/de\/wp-json\/wp\/v2\/types\/page"}],"author":[{"embeddable":true,"href":"https:\/\/www.megacad-schweiz.ch\/de\/wp-json\/wp\/v2\/users\/17"}],"replies":[{"embeddable":true,"href":"https:\/\/www.megacad-schweiz.ch\/de\/wp-json\/wp\/v2\/comments?post=11097"}],"version-history":[{"count":2,"href":"https:\/\/www.megacad-schweiz.ch\/de\/wp-json\/wp\/v2\/pages\/11097\/revisions"}],"predecessor-version":[{"id":11099,"href":"https:\/\/www.megacad-schweiz.ch\/de\/wp-json\/wp\/v2\/pages\/11097\/revisions\/11099"}],"up":[{"embeddable":true,"href":"https:\/\/www.megacad-schweiz.ch\/de\/wp-json\/wp\/v2\/pages\/11011"}],"wp:attachment":[{"href":"https:\/\/www.megacad-schweiz.ch\/de\/wp-json\/wp\/v2\/media?parent=11097"}],"curies":[{"name":"wp","href":"https:\/\/api.w.org\/{rel}","templated":true}]}}