{"id":11044,"date":"2025-09-15T07:55:48","date_gmt":"2025-09-15T07:55:48","guid":{"rendered":"https:\/\/www.bausoft.ch\/?page_id=11044"},"modified":"2025-09-15T07:57:28","modified_gmt":"2025-09-15T07:57:28","slug":"bim-to-field","status":"publish","type":"page","link":"https:\/\/www.megacad-schweiz.ch\/de\/wissen\/bim-to-field\/","title":{"rendered":"BIM to Field"},"content":{"rendered":"\n<section id=\"text__container-block_3ec44c46c6f640c051425c513d3fa849\" class=\"text__container u-pt-x5 u-pb-x5 u-pt-x20@md u-pb-x5@md\">\n    <div class=\"o-container\">\n        <div class=\"o-grid o-grid--center\">\n                <article class=\"o-grid__col u-12\/12@md\" data-aos=\"none\">\n                    <h1><strong>BIM to Field<\/strong><\/h1>\n<h2><strong>Warum das digitale BIM-Modell direkt auf der Baustelle die Ausf\u00fchrung revolutioniert\u00a0<\/strong><\/h2>\n<p>Wer heute noch mit Papierpl\u00e4nen auf der Baustelle auftaucht, spielt Roulette mit Zeit, Budget und Qualit\u00e4t. Im Zeitalter von <em>Building Information Modeling<\/em> (BIM) ist das nicht nur ineffizient, sondern geradezu fahrl\u00e4ssig. <strong>BIM to Field<\/strong> (oder B2F)\u2013 also die Absteckung und \u00dcbertragung des digitalen BIM-Modells direkt auf die Baustelle \u2013 ist die logische Weiterentwicklung der Planung. Es bringt Pr\u00e4zision, Verl\u00e4sslichkeit und Transparenz dorthin, wo gebaut wird: <strong>auf die reale Baustelle<\/strong>.<\/p>\n<p>Die <strong>Ausf\u00fchrung<\/strong> wird so nicht nur effizienter, sondern auch <strong>genauer<\/strong>, da Absteckungen nicht mehr manuell vermessen und notiert, sondern\u00a0<strong>exakt zur geplanten Position<\/strong> \u00fcbertragen werden \u2013 mit <strong>motorisch gesteuertem Tachymeter<\/strong>, <strong>Totalstation<\/strong>\u00a0oder <strong>AR-Technologie<\/strong>. Wer jetzt noch wartet, <strong>verpasst nicht nur den Anschluss, sondern gef\u00e4hrdet aktiv Termine und Qualit\u00e4t<\/strong>.<\/p>\n<p><strong>Die digitale Baustelle: Bauen in 3D statt im Blindflug<\/strong><\/p>\n<p>Die digitale Baustelle beginnt mit einem dreidimensionalen Modell, das alle relevanten Plandaten auf die Baustelle bringt. Trassen, Verteiler, Schlitze oder Durchbr\u00fcche etc\u00a0lassen sich als BIM-Markierungsdaten exportieren und mit tachymetrischen Aufma\u00dfsystemen wie Flexijet oder motorisch gesteuerten Totalstationen auf der Baustelle markieren oder direkt bohren. Gerade bei Unebenheiten oder einem Versatz in der Ebene ist diese Technik sehr genau. Ein digitaler Plan auf dem Tablet ersetzt meterweise Papier und erm\u00f6glicht, die Planung pr\u00e4zise auf der Baustelle zu \u00fcbertragen.<\/p>\n<p>\u201e<em>Professionelle Bauherren fordern mehr und mehr eine Planung nach BIM-Standard<\/em>\u201c, wei\u00df Roman Hegglin, Head of Tech and Product bei der MegaCAD Group und gelernter Haustechnik-Planer mit langer Praxiserfahrung. \u201eF\u00fcr Planer und umsetzende Gewerke im Handwerk bedeutet das: \u00b4Wer nicht mitzieht, bleibt stehen\u2018 und verpasst Auftr\u00e4ge und zukunftsweisende Projekte. Zwar gibt es noch Planungen ohne BIM, \u201elittle BIM\u201c hat schon \u00fcberall Einzug gehalten. Einzelne Gewerke oder Disziplinen nutzen die meist selbst erfassten Daten zum eigenen Vorteil weiter.\u201c<\/p>\n<p>B2F bietet die M\u00f6glichkeit, die zuvor geleistete Vorarbeit auch praktisch zu nutzen: \u201e<em>BIM to Field macht Planung auswertbar f\u00fcr die Baustelle<\/em>\u201c, sagt der Experte. \u201e<em>Im Gegensatz zu klassischer Planung verbindet BIM to Field die Planung mit der realen Ausf\u00fchrung. Die im Modell enthaltenen Daten, wie Bohrpunkte, Bauteile, Achsen, H\u00f6hen, Rohrtrassen usw., k\u00f6nnen per Totalstation, Tablet oder Tachymeter direkt umgesetzt werden. Das bedeutet: Die geleistete Vorarbeit wird auf der Baustelle praktisch verwertbar, z.\u202fB. f\u00fcr die automatische Absteckung, Bohrpositionen oder Kollisionspr\u00fcfungen<\/em>.\u201c<\/p>\n<p>&nbsp;<\/p>\n\n                <\/article>\n        <\/div>\n    <\/div>\n<\/section>\n\n\n<section id=\"media__container-block_1614ea07503fc45efa5dff8ce0b5aab1\" class=\"media__container u-pt-x5 u-pb-x5 u-pt-x5@md u-pb-x5@md\">\n    <div class=\"o-container\">\n        <div class=\"o-grid o-grid--center\">\n            <div class=\"o-grid__col u-12\/12@md\" data-aos=\"none\"><img decoding=\"async\" src=\"https:\/\/www.megacad-schweiz.ch\/wp-content\/uploads\/2024\/10\/lueftungszentrale-zuerich-1024x726.jpg\" srcset=\"https:\/\/www.megacad-schweiz.ch\/wp-content\/uploads\/2024\/10\/lueftungszentrale-zuerich-1024x726.jpg 1024w, https:\/\/www.megacad-schweiz.ch\/wp-content\/uploads\/2024\/10\/lueftungszentrale-zuerich-300x213.jpg 300w, https:\/\/www.megacad-schweiz.ch\/wp-content\/uploads\/2024\/10\/lueftungszentrale-zuerich-768x544.jpg 768w, https:\/\/www.megacad-schweiz.ch\/wp-content\/uploads\/2024\/10\/lueftungszentrale-zuerich-640x454.jpg 640w, https:\/\/www.megacad-schweiz.ch\/wp-content\/uploads\/2024\/10\/lueftungszentrale-zuerich.jpg 1260w\" sizes=\"(max-width: 1200px) 100vw, 1200px\" alt=\"\" class=\"u-image--rounded\" \/>\n            <\/div>\n        <\/div>\n    <\/div>\n<\/section>\n\n\n<section id=\"text__container-block_df867015aaa3c0833f3a034c29c81837\" class=\"text__container u-pt-x10 u-pb-x10 u-pt-x20@md u-pb-x20@md\">\n    <div class=\"o-container\">\n        <div class=\"o-grid o-grid--center\">\n                <article class=\"o-grid__col u-12\/12@md\" data-aos=\"none\">\n                    <h2><strong>Von der Baustelle ins Modell: Warum Field to BIM f\u00fcr Transparenz und Qualit\u00e4t entscheidend ist<\/strong><\/h2>\n<p>W\u00e4hrend BIM in der Planungswelt l\u00e4ngst angekommen ist, bleibt der R\u00fcckfluss von Informationen \u2013 also der Weg von der Baustelle ins Modell \u2013 in vielen Projekten h\u00e4ufig noch ein Fremdwort. Zu viele Entscheidungen werden heute noch <strong>erst auf der Baustelle<\/strong> getroffen, weil Daten fehlen oder nicht stimmen. Das betrifft etwa Rohrl\u00e4ngen, Materialien, Zuschnitte. Mit <strong>BIM direkt vor Ort<\/strong> sehen Monteure sofort, ob eine <strong>geplante Installationsf\u00fchrung auf Kollisionen<\/strong> trifft oder ob <strong>ausreichende Montager\u00e4ume<\/strong> vorhanden sind.<\/p>\n<p>Dabei ist genau dieser Field to BIM-Prozess essenziell: Nur wenn Ist-Daten auf der Baustelle erfasst und ins Modell zur\u00fcckgespielt werden, entsteht ein wirklich belastbares digitales Abbild des Geb\u00e4udes. \u201eDer R\u00fcckfluss der Baustellen-Daten ist f\u00fcr SHK-Projekte in der Praxis sehr wichtig. Leider l\u00f6st man auftretende Probleme auf der Baustelle ohne eine R\u00fcckmeldung ins B\u00fcro. Hier haben Ausf\u00fchrende Betriebe einen Vorteil, da dort die Planung viel n\u00e4her an der Baustelle ist\u201c, wei\u00df Roman Hegglin.<\/p>\n<p>Bauteilverfolgung und Dokumentation vor Ort, Fotobelege, Ma\u00dfabweichungen und Nachtr\u00e4ge k\u00f6nnen so kontinuierlich gesammelt und koordiniert dokumentiert werden. Das zeigt die aktuelle und tats\u00e4chliche Situation auf der Baustelle und reduziert Missverst\u00e4ndnisse zwischen den verschiedenen Beteiligten an der Planung drastisch.<\/p>\n<p><strong>BIM to Field beschreibt also den Prozess<\/strong>, nicht ein einzelnes Softwaretool. Der Kern ist die <strong>modellorientierte Planungsmethode<\/strong>, die <strong>Planung und Ausf\u00fchrung <\/strong>in Echtzeit mitwirken l\u00e4sst. Das <strong>digitale Modell<\/strong> ist die gemeinsame Sprache aller Gewerke, von Architekt bis Installateur. Wer plant, sollte verstehen, wie auf der Baustelle gearbeitet wird. Und wer montiert, braucht zur richtigen Zeit Zugriff auf die <strong>richtigen Informationen<\/strong>.<\/p>\n<h3><strong>Hilti, Trimble &amp; Co.: Digitalisierung direkt vor Ort<\/strong><\/h3>\n<p>Tools und technische L\u00f6sungen zeigen, wie BIM to Field konkret aussehen kann.\u00a0Der Jaibot von Hilti ist beispielsweise ein halbautomatischer, mobiler Baustellenroboter f\u00fcr Deckenbohrungen \u2013 und unterst\u00fctzt vor allem Installationsunternehmen, produktiver zu arbeiten und dem zunehmenden Fachkr\u00e4ftemangel zu begegnen. Er\u00a0<strong>bohrt Bohrpunkte aus dem BIM-Modell direkt<\/strong> an die Decke \u2013 <strong>auf den Millimeter genau<\/strong>. \u00dcber eine Cloud-Anbindung l\u00e4sst sich das <strong>BIM-Modell direkt auf die Baustelle \u00fcbertragen<\/strong>, wo es \u00fcber Tablets oder AR-Brillen zug\u00e4nglich ist.<\/p>\n<p>Ein weiterer Schritt in Richtung einer digitalen Baustelle sind Megatrends wie Augmented Reality (AR) oder Virtual Reality (VR). \u00dcber mobile Endger\u00e4te, transparente AR-Brillen oder Tablets werden der realen Umgebung digitale Elemente aus der BIM-Planung hinzugef\u00fcgt. So erh\u00e4lt das Realbild zus\u00e4tzliche digitale Informationen und Monteure vor Ort k\u00f6nnen das Modell auf die reale Baustelle \u00fcbertragen. Virtual Reality hingegen schafft eine rein virtuelle Umgebung (etwa \u00fcber VR-Brillen), z.\u202fB. f\u00fcr die\u00a0<strong>geb\u00e4udetechnische Leitungsf\u00fchrung am Rohbau<\/strong> oder die Position von <strong>Installationssch\u00e4chten<\/strong>. Das erh\u00f6ht die Sicherheit und die Effizienz erheblich, gerade bei komplexen <strong>Funktionsbauteilen im eingebauten Zustand<\/strong>.<\/p>\n<p>\u201eHilfsmittel wie Tachymeter sind Gold wert, um die Ma\u00dfpunkte vom Plan auf die Baustelle zu \u00fcbertragen oder um die Bauma\u00dfe zu kontrollieren\u201c sagt Hegglin. \u201eDas wird leider noch zu selten verwendet.\u201c<\/p>\n<h3><strong>Zukunftsf\u00e4higkeit durch politischen und wirtschaftlichen R\u00fcckenwind<\/strong><\/h3>\n<p>Die Methode ist also weit mehr als nur ein technischer Trend, sondern wird zunehmend durch <strong>wirtschaftliche Notwendigkeit und politische Vorgaben<\/strong> befeuert. In der Schweiz etwa hat das Bundesamt f\u00fcr Bauten und Logistik (BBL) den Einsatz von BIM seit 2021 f\u00fcr gr\u00f6\u00dfere Projekte schrittweise verpflichtend gemacht. In Deutschland verfolgt der Bund mit dem <strong>Stufenplan Digitales Planen und Bauen<\/strong> das Ziel, BIM bis 2025 fl\u00e4chendeckend im Infrastrukturbereich zu etablieren (Quelle: BMVI, 2020). Auch private Bauherren und Investoren fordern immer st\u00e4rker <strong>transparente, digital dokumentierte und ressourcenschonende Planungsprozesse<\/strong> \u2013 Anforderungen, die ohne durchg\u00e4ngigen BIM-Workflow und <em>BIM to Field<\/em>-Methoden kaum noch wirtschaftlich umsetzbar sind.<\/p>\n<p>Die M\u00f6glichkeit, bereits in fr\u00fchen Projektphasen <strong>CO<\/strong><strong>\u2082<\/strong><strong>-Bilanzen, Materialverbr\u00e4uche und energetische Optimierungspotenziale<\/strong> zu analysieren, macht BIM zudem zum Schl\u00fcssel f\u00fcr nachhaltiges Bauen \u2013 ein Aspekt, der bei ESG-Kriterien und F\u00f6rdermodellen eine immer zentralere Rolle spielt.<\/p>\n<p><strong>Ausblick: Wer jetzt nicht digital baut, wird bald gar nicht mehr bauen<\/strong><\/p>\n<p>Digitalisierung ist kein Selbstzweck, aber BIM to Field ist ein echter Mehrwert. Planer sehen sofort, wie gut ihr Modell funktioniert. Monteure arbeiten sicherer und pr\u00e4ziser. Bauherren sparen Geld und Zeit, weil Fehler fr\u00fcher erkannt werden. <strong>BIM to Field ist insbesondere bei gro\u00dfen Bauunternehmen<\/strong> bereits Standard \u2013 kleinere Betriebe m\u00fcssen nachziehen. Das ist keine Frage der Software, sondern der <strong>Haltung zur Digitalisierung<\/strong>.<\/p>\n<p>Und wer wei\u00df, ob nicht bald noch weitere Vorteile von BIM-Planung deutlich werden \u2013 wenn sich etwa durch <strong>5D-Simulationen<\/strong> auch die Faktoren<strong> Zeit und Ressourcen<\/strong> ber\u00fccksichtigen und gemeinsam bearbeiten lassen, <strong>alles zentral im Modell.<\/strong><\/p>\n\n                <\/article>\n        <\/div>\n    <\/div>\n<\/section>","protected":false},"excerpt":{"rendered":"","protected":false},"author":17,"featured_media":0,"parent":11011,"menu_order":3,"comment_status":"closed","ping_status":"closed","template":"","meta":{"_acf_changed":false,"footnotes":""},"class_list":["post-11044","page","type-page","status-publish","hentry"],"acf":[],"_links":{"self":[{"href":"https:\/\/www.megacad-schweiz.ch\/de\/wp-json\/wp\/v2\/pages\/11044","targetHints":{"allow":["GET"]}}],"collection":[{"href":"https:\/\/www.megacad-schweiz.ch\/de\/wp-json\/wp\/v2\/pages"}],"about":[{"href":"https:\/\/www.megacad-schweiz.ch\/de\/wp-json\/wp\/v2\/types\/page"}],"author":[{"embeddable":true,"href":"https:\/\/www.megacad-schweiz.ch\/de\/wp-json\/wp\/v2\/users\/17"}],"replies":[{"embeddable":true,"href":"https:\/\/www.megacad-schweiz.ch\/de\/wp-json\/wp\/v2\/comments?post=11044"}],"version-history":[{"count":3,"href":"https:\/\/www.megacad-schweiz.ch\/de\/wp-json\/wp\/v2\/pages\/11044\/revisions"}],"predecessor-version":[{"id":11093,"href":"https:\/\/www.megacad-schweiz.ch\/de\/wp-json\/wp\/v2\/pages\/11044\/revisions\/11093"}],"up":[{"embeddable":true,"href":"https:\/\/www.megacad-schweiz.ch\/de\/wp-json\/wp\/v2\/pages\/11011"}],"wp:attachment":[{"href":"https:\/\/www.megacad-schweiz.ch\/de\/wp-json\/wp\/v2\/media?parent=11044"}],"curies":[{"name":"wp","href":"https:\/\/api.w.org\/{rel}","templated":true}]}}