{"id":11020,"date":"2025-09-11T07:52:29","date_gmt":"2025-09-11T07:52:29","guid":{"rendered":"https:\/\/www.bausoft.ch\/?page_id=11020"},"modified":"2025-09-11T10:13:37","modified_gmt":"2025-09-11T10:13:37","slug":"tga-planung-im-wandel","status":"publish","type":"page","link":"https:\/\/www.megacad-schweiz.ch\/de\/wissen\/tga-planung-im-wandel\/","title":{"rendered":"TGA-Planung im Wandel"},"content":{"rendered":"\n<section id=\"text__container-block_1050897fd876a88fbed7f782fb500ab5\" class=\"text__container u-pt-x10 u-pb-x10 u-pt-x20@md u-pb-x20@md\">\n    <div class=\"o-container\">\n        <div class=\"o-grid o-grid--center\">\n                <article class=\"o-grid__col u-12\/12@md\" data-aos=\"none\">\n                    <h1>TGA-Planung im Wandel: Technisch nachhaltige Geb\u00e4udeausr\u00fcstung optimal umsetzen<\/h1>\n<h2>mit System, Vorschrift und Fachverstand<\/h2>\n<p>Die TGA-Planung ist nicht l\u00e4nger eine reine Pflichtdisziplin im Bauablauf, sondern entwickelt sich zur Schl\u00fcsselkompetenz f\u00fcr nachhaltige, wirtschaftliche und zukunftsf\u00e4hige Geb\u00e4ude. Denn ohne funktionierende technische Geb\u00e4udeausr\u00fcstung \u2013 von Heizung und L\u00fcftung \u00fcber Elektro- und Versorgungstechnik bis hin zu automatisierten Anlagen \u2013 bleibt jedes Geb\u00e4ude nur eine H\u00fclle. Wer heute plant, muss weiterdenken: an Systemintegration, Energieziele, Digitalisierung und Praxistauglichkeit f\u00fcr alle Gewerke.<\/p>\n<p><strong>Knowledge Base: Was TGA-Planung heute bedeutet<\/strong><\/p>\n<p>Technische Geb\u00e4udeausr\u00fcstung umfasst die Konzeption, Planung und Realisierung aller technischen Systeme eines Geb\u00e4udes, also von Heizung, L\u00fcftung und Sanit\u00e4r \u00fcber Elektrotechnik bis hin zur Geb\u00e4udeautomation. Als integraler Bestandteil jedes Bauprojekts sorgt sie f\u00fcr die bedarfsgerechte Auswahl, Abstimmung und Integration aller Komponenten mit dem Ziel, ein Geb\u00e4ude effizient, sicher und nachhaltig zu betreiben.<\/p>\n<p>Die\u00a0Planung betrifft Monteure, Techniker und Planer heute viel direkter als fr\u00fcher. Es geht nicht mehr um blo\u00dfes Umsetzen vorgegebener Pl\u00e4ne, sondern um aktive Mitgestaltung im Bereich der technischen Anlagen. Die Erfahrung auf der Baustelle wird zunehmend relevant f\u00fcr Geb\u00e4udeleittechnik, effiziente Elektrotechnik und nachhaltige Heizungssysteme.<\/p>\n<p>Im Handwerk angekommen ist inzwischen die Erkenntnis, dass TGA-Konzepte immer komplexer, aber auch chancenreicher werden. Planer, Monteure und Techniker sind heute gefordert, sich aktiv in die Projektierung und Abstimmung einzubringen. Denn viele Fehler entstehen nicht bei der Ausf\u00fchrung \u2013 sondern bei ungeeigneter oder praxisferner Planung der technischen Anlagen.<\/p>\n<p><strong>Fakt ist: Die besten TGA-Konzepte entstehen dort, wo Ausf\u00fchrung und Planung fr\u00fchzeitig verzahnt werden.<\/strong><\/p>\n\n                <\/article>\n        <\/div>\n    <\/div>\n<\/section>\n\n\n<section id=\"media__container-block_4e46140bf4793659232da21b5d2f911b\" class=\"media__container u-pt-x10 u-pb-x10 u-pt-x20@md u-pb-x20@md\">\n    <div class=\"o-container\">\n        <div class=\"o-grid o-grid--center\">\n            <div class=\"o-grid__col u-12\/12@md\" data-aos=\"none\"><img decoding=\"async\" src=\"https:\/\/www.megacad-schweiz.ch\/wp-content\/uploads\/2025\/09\/CAD-Bodenheizung-1280x877.png\" srcset=\"https:\/\/www.megacad-schweiz.ch\/wp-content\/uploads\/2025\/09\/CAD-Bodenheizung-1280x877.png 1280w, https:\/\/www.megacad-schweiz.ch\/wp-content\/uploads\/2025\/09\/CAD-Bodenheizung-300x206.png 300w, https:\/\/www.megacad-schweiz.ch\/wp-content\/uploads\/2025\/09\/CAD-Bodenheizung-768x526.png 768w, https:\/\/www.megacad-schweiz.ch\/wp-content\/uploads\/2025\/09\/CAD-Bodenheizung-1536x1052.png 1536w, https:\/\/www.megacad-schweiz.ch\/wp-content\/uploads\/2025\/09\/CAD-Bodenheizung-640x439.png 640w, https:\/\/www.megacad-schweiz.ch\/wp-content\/uploads\/2025\/09\/CAD-Bodenheizung-1024x702.png 1024w, https:\/\/www.megacad-schweiz.ch\/wp-content\/uploads\/2025\/09\/CAD-Bodenheizung.png 1547w\" sizes=\"(max-width: 1200px) 100vw, 1200px\" alt=\"\" class=\"u-image--rounded\" \/>\n            <\/div>\n        <\/div>\n    <\/div>\n<\/section>\n\n\n<section id=\"text__container-block_85b992e8478463a509fd48c472edcafb\" class=\"text__container u-pt-x10 u-pb-x10 u-pt-x20@md u-pb-x20@md\">\n    <div class=\"o-container\">\n        <div class=\"o-grid o-grid--center\">\n                <article class=\"o-grid__col u-12\/12@md\" data-aos=\"none\">\n                    <h2><strong>Rolle der TGA-Planer, Ingenieure und Fachplaner im digitalen Umfeld<\/strong><\/h2>\n<p>TGA-Planer und Planungsb\u00fcros arbeiten zunehmend modellbasiert, integriert und digital. Doch die besten Tools n\u00fctzen wenig, wenn Techniker vor Ort nicht eingebunden werden. Daher sollte gute Software in der Praxis phasengerecht die Planung unterst\u00fctzt und dem Ganzen nicht im Weg steht. \u201e<em>Unklare oder nicht definierte Vorgaben sind heute leider die Regel, nicht die Ausnahme. So muss ich als Planer einfach auch mal eine Annahme treffen und damit arbeiten k\u00f6nnen<\/em>\u201c, sagt Roman Hegglin, Head of Tech and Product bei der MegaCAD Group und gelernter Haustechnik-Planer.<\/p>\n<p>Gerade bei Neubauten oder komplexen Sanierungen braucht es eine bedarfsgerechte Planung, die Umsetzbarkeit, Abnahmef\u00e4higkeit und Betriebskosten ber\u00fccksichtigt und nicht nur den Sollwert auf dem Papier.<\/p>\n<p><strong>Was bedeutet TGA konkret im SHK-Alltag?<\/strong><\/p>\n<p>In der Praxis umfasst die TGA Planung unter anderem:<\/p>\n<ul>\n<li>Sanit\u00e4rtechnik und Klimatechnik<\/li>\n<li>L\u00fcftungs- und Klimaanlagen mit Energie-R\u00fcckgewinnung<\/li>\n<li>Elektro- und Steuerungssysteme f\u00fcr automatisierte Abl\u00e4ufe<\/li>\n<\/ul>\n<p>Die HOAI (<strong>Verordnung \u00fcber die Honorare f\u00fcr Architekten- und Ingenieurleistungen<\/strong>) gibt klare Vorgaben zur Gliederung von Planungsaufgaben. Gerade die Abstimmung in den fr\u00fchen Phasen (LP1\u20133) ist entscheidend daf\u00fcr, ob die sp\u00e4ter berechneten Systeme auch unter realen Bedingungen funktionieren.<\/p>\n<p>SHKs k\u00f6nnen in dieser Phase wertvolles Fachwissen beisteuern, etwa:<\/p>\n<ul>\n<li>zur Montagelogik<\/li>\n<li>zu realistischen Wartungskonzepten<\/li>\n<li>zur optimierten Leitungsf\u00fchrung und Materialwahl<\/li>\n<\/ul>\n<p><strong>Das hei\u00dft:<\/strong>\u00a0konzipieren, was im Alltag funktioniert. Und das geht nur mit dem Input derjenigen, die\u00a0einbauen, abnehmen und warten. \u201e<em>Aus meiner Sicht gibt es vor allem zwei zentrale Probleme in der TGA-Planung, die uns auf der Baustelle immer wieder ausbremsen<\/em>\u201c, sagt Roman Hegglin. \u201eErstens fehlt h\u00e4ufig die Abstimmung zwischen den Gewerken. Diese unkoordinierte Planung f\u00fchrt regelm\u00e4\u00dfig zu Kollisionen auf der Baustelle. Und zweitens bekommen wir Pl\u00e4ne, die kaum ausf\u00fchrbar sind. Vieles ist eher eine Ideenskizze als eine klare Montageanleitung. Da bleiben viele Fragen offen. Und die kl\u00e4ren wir dann im laufenden Betrieb. Das kostet am meisten Zeit.\u201c<\/p>\n<h2><strong>Geb\u00e4udeautomation und Effizienz: Mehr als Technik <\/strong><\/h2>\n<p>Schon Benjamin wusste: \u201eF\u00fcr jede Minute, die man mit Organisieren verbringt, verdient man eine Stunde.\u201c<\/p>\n<p>Automatisierte Systeme versprechen hohe Einsparpotenziale, doch in der Praxis scheitern sie oft an banalen Dingen: fehlender Abstimmung, unklaren Angaben oder nicht ber\u00fccksichtigten baulichen Gegebenheiten. Was auf dem Papier gut aussieht, funktioniert nicht automatisch auch im Betrieb. Hier braucht es nicht nur strukturierte Systemplanung, sondern vor allem Handwerkserfahrung und Know-how aus der Montagepraxis.<\/p>\n<p>In der Praxis, in der es auf Kundenseite h\u00e4ufig ums Geld geht, wird oft versucht, an der Planung zu sparen. Hegglin sagt dazu: &#8222;D<em>ie Mentalit\u00e4t ist oft \u201aDie anderen k\u00f6nnen es dann richten.\u2018 Wenn der Planer auch ausf\u00fchrendes Gewerk ist, dann wird meistens auf die wesentlichen Dinge geachtet.&#8220; Fehler k\u00f6nnen nat\u00fcrlich immer passieren: &#8222;Einmal wurden auf einem Bau die Aussparungen nicht geplant und somit auch nicht ausgef\u00fchrt: Man hat die Planung schlicht vergessen. Die Planung der Planung hat versagt. Die Aussparung wurden dann alle nachtr\u00e4glich erstellt und mussten vom Planer-Team bezahlt werden<\/em>.&#8220;<\/p>\n\n                <\/article>\n        <\/div>\n    <\/div>\n<\/section>","protected":false},"excerpt":{"rendered":"","protected":false},"author":17,"featured_media":0,"parent":11011,"menu_order":1,"comment_status":"closed","ping_status":"closed","template":"","meta":{"_acf_changed":false,"footnotes":""},"class_list":["post-11020","page","type-page","status-publish","hentry"],"acf":[],"_links":{"self":[{"href":"https:\/\/www.megacad-schweiz.ch\/de\/wp-json\/wp\/v2\/pages\/11020","targetHints":{"allow":["GET"]}}],"collection":[{"href":"https:\/\/www.megacad-schweiz.ch\/de\/wp-json\/wp\/v2\/pages"}],"about":[{"href":"https:\/\/www.megacad-schweiz.ch\/de\/wp-json\/wp\/v2\/types\/page"}],"author":[{"embeddable":true,"href":"https:\/\/www.megacad-schweiz.ch\/de\/wp-json\/wp\/v2\/users\/17"}],"replies":[{"embeddable":true,"href":"https:\/\/www.megacad-schweiz.ch\/de\/wp-json\/wp\/v2\/comments?post=11020"}],"version-history":[{"count":8,"href":"https:\/\/www.megacad-schweiz.ch\/de\/wp-json\/wp\/v2\/pages\/11020\/revisions"}],"predecessor-version":[{"id":11036,"href":"https:\/\/www.megacad-schweiz.ch\/de\/wp-json\/wp\/v2\/pages\/11020\/revisions\/11036"}],"up":[{"embeddable":true,"href":"https:\/\/www.megacad-schweiz.ch\/de\/wp-json\/wp\/v2\/pages\/11011"}],"wp:attachment":[{"href":"https:\/\/www.megacad-schweiz.ch\/de\/wp-json\/wp\/v2\/media?parent=11020"}],"curies":[{"name":"wp","href":"https:\/\/api.w.org\/{rel}","templated":true}]}}